{"id":26605,"date":"2025-10-21T17:41:14","date_gmt":"2025-10-21T10:41:14","guid":{"rendered":"https:\/\/erialshop.com\/?post_type=product&#038;p=26605"},"modified":"2025-10-11T01:34:12","modified_gmt":"2025-10-10T18:34:12","slug":"echo-2ly","status":"publish","type":"product","link":"https:\/\/www.erialshop.com\/index.php\/product\/echo-2ly\/","title":{"rendered":"Echo 2ly"},"content":{"rendered":"<p data-start=\"62\" data-end=\"263\"><strong data-start=\"62\" data-end=\"109\">V\u00f2ng tay mang t\u00f4ng m\u00e0u trung t\u00ednh nh\u1eb9 nh\u00e0ng<\/strong>, k\u1ebft h\u1ee3p \u0111\u00e1 <strong data-start=\"122\" data-end=\"154\">\u0111\u00e0o hoa size 2ly m\u00e0u cam s\u1eefa<\/strong>, \u0111i\u1ec3m xuy\u1ebft <strong data-start=\"167\" data-end=\"190\">tourmaline xanh r\u00eau<\/strong> v\u00e0 <strong data-start=\"194\" data-end=\"214\">chi ti\u1ebft m\u1ea1 v\u00e0ng<\/strong> thanh l\u1ecbch, t\u1ea1o n\u00ean t\u1ed5ng th\u1ec3 h\u00e0i h\u00f2a v\u00e0 tinh t\u1ebf.<\/p>\n<p>Shop c\u00f3 s\u1eb5n 1 chi\u1ebfc v\u1edbi chi\u1ec1u d\u00e0i 16.5cm ho\u1eb7c c\u00e1c b\u1ea1n c\u00f3 th\u1ec3 li\u00ean h\u1ec7 v\u1edbi shop \u0111\u1ec3 \u0111\u01b0\u1ee3c t\u01b0 v\u1ea5n size tr\u01b0\u1edbc khi mua h\u00e0ng.<\/p>\n<p><b>P.s: \u0110\u1ec3 \u0111\u01b0\u1ee3c shop ph\u1ea3n h\u1ed3i nhanh nh\u1ea5t, c\u00e1c b\u1ea1n vui l\u00f2ng b\u1ea5m v\u00e0o n\u00fat \u201cnh\u1eafn tin qua instagram\u201d \u1edf d\u01b0\u1edbi ch\u1eef \u201cmua ngay\u201d nh\u00e9.<\/b><\/p>\n","protected":false},"excerpt":{"rendered":"<p>V\u00f2ng tay mang t\u00f4ng m\u00e0u trung t\u00ednh nh\u1eb9 nh\u00e0ng, k\u1ebft h\u1ee3p \u0111\u00e1 \u0111\u00e0o hoa size 2ly m\u00e0u cam s\u1eefa, \u0111i\u1ec3m xuy\u1ebft tourmaline xanh r\u00eau v\u00e0 chi ti\u1ebft m\u1ea1 v\u00e0ng thanh l\u1ecbch, t\u1ea1o n\u00ean t\u1ed5ng th\u1ec3 h\u00e0i h\u00f2a v\u00e0 tinh t\u1ebf. Shop c\u00f3 s\u1eb5n 1 chi\u1ebfc v\u1edbi chi\u1ec1u d\u00e0i 16.5cm ho\u1eb7c c\u00e1c b\u1ea1n c\u00f3 th\u1ec3 li\u00ean h\u1ec7 v\u1edbi shop \u0111\u1ec3 \u0111\u01b0\u1ee3c t\u01b0 v\u1ea5n size tr\u01b0\u1edbc khi mua h\u00e0ng. P.s: \u0110\u1ec3 \u0111\u01b0\u1ee3c shop ph\u1ea3n h\u1ed3i nhanh nh\u1ea5t, c\u00e1c b\u1ea1n vui l\u00f2ng b\u1ea5m v\u00e0o n\u00fat \u201cnh\u1eafn tin qua instagram\u201d \u1edf d\u01b0\u1edbi ch\u1eef \u201cmua ngay\u201d nh\u00e9.<\/p>\n","protected":false},"featured_media":26507,"comment_status":"open","ping_status":"closed","template":"","meta":[],"product_brand":[],"product_cat":[284],"product_tag":[489,339,338],"class_list":{"0":"post-26605","1":"product","2":"type-product","3":"status-publish","4":"has-post-thumbnail","6":"product_cat-vong-tay","7":"product_tag-chaymau","8":"product_tag-tourmaline","9":"product_tag-vongtay","10":"pa_color-clay","11":"pa_color-da-sac","12":"pa_loai-da-tourmaline","13":"pa_loai-da-rhodochrosite","14":"pa_size-2-ly","15":"pa_style-tron","17":"first","18":"instock","19":"sale","20":"shipping-taxable","21":"purchasable","22":"product-type-simple"},"_links":{"self":[{"href":"https:\/\/www.erialshop.com\/index.php\/wp-json\/wp\/v2\/product\/26605","targetHints":{"allow":["GET"]}}],"collection":[{"href":"https:\/\/www.erialshop.com\/index.php\/wp-json\/wp\/v2\/product"}],"about":[{"href":"https:\/\/www.erialshop.com\/index.php\/wp-json\/wp\/v2\/types\/product"}],"replies":[{"embeddable":true,"href":"https:\/\/www.erialshop.com\/index.php\/wp-json\/wp\/v2\/comments?post=26605"}],"version-history":[{"count":1,"href":"https:\/\/www.erialshop.com\/index.php\/wp-json\/wp\/v2\/product\/26605\/revisions"}],"predecessor-version":[{"id":26606,"href":"https:\/\/www.erialshop.com\/index.php\/wp-json\/wp\/v2\/product\/26605\/revisions\/26606"}],"wp:featuredmedia":[{"embeddable":true,"href":"https:\/\/www.erialshop.com\/index.php\/wp-json\/wp\/v2\/media\/26507"}],"wp:attachment":[{"href":"https:\/\/www.erialshop.com\/index.php\/wp-json\/wp\/v2\/media?parent=26605"}],"wp:term":[{"taxonomy":"product_brand","embeddable":true,"href":"https:\/\/www.erialshop.com\/index.php\/wp-json\/wp\/v2\/product_brand?post=26605"},{"taxonomy":"product_cat","embeddable":true,"href":"https:\/\/www.erialshop.com\/index.php\/wp-json\/wp\/v2\/product_cat?post=26605"},{"taxonomy":"product_tag","embeddable":true,"href":"https:\/\/www.erialshop.com\/index.php\/wp-json\/wp\/v2\/product_tag?post=26605"}],"curies":[{"name":"wp","href":"https:\/\/api.w.org\/{rel}","templated":true}]}}