{"id":26481,"date":"2025-07-31T19:51:59","date_gmt":"2025-07-31T12:51:59","guid":{"rendered":"https:\/\/erialshop.com\/?post_type=product&#038;p=26481"},"modified":"2025-07-23T20:07:50","modified_gmt":"2025-07-23T13:07:50","slug":"mat-co-con-meo-ngoc","status":"publish","type":"product","link":"https:\/\/www.erialshop.com\/index.php\/product\/mat-co-con-meo-ngoc\/","title":{"rendered":"M\u1eb7t c\u1ed5 con m\u00e8o &#8211; Ng\u1ecdc"},"content":{"rendered":"<p><strong>M\u1eb7t d\u00e2y chuy\u1ec1n t\u1ea1o h\u00ecnh con m\u00e8o v\u1edbi ng\u1ecdc m\u00e0u xanh l\u00e1 \u0111\u1eadm ( xanh \u0111en) v\u00e0 d\u00e2y \u0111eo nh\u01b0 h\u00ecnh.\u00a0<\/strong><\/p>\n<p><em>K\u00edch th\u01b0\u1edbc &#8211; cao: 2.4cm &#8211; ngang 1.8m &#8211; d\u00e0y 1.1cm ho\u1eb7c <\/em><em>c\u00e1c b\u1ea1n li\u00ean h\u1ec7 shop \u0111\u1ec3 \u0111\u01b0\u1ee3c t\u01b0 v\u1ea5n th\u00eam.<\/em><\/p>\n<p class=\"p1\"><b>P.s: \u0110\u1ec3 \u0111\u01b0\u1ee3c shop ph\u1ea3n h\u1ed3i nhanh nh\u1ea5t, c\u00e1c b\u1ea1n vui l\u00f2ng b\u1ea5m v\u00e0o n\u00fat \u201cnh\u1eafn tin qua instagram\u201d \u1edf d\u01b0\u1edbi ch\u1eef \u201cmua ngay\u201d nh\u00e9.<\/b><\/p>\n","protected":false},"excerpt":{"rendered":"<p>M\u1eb7t d\u00e2y chuy\u1ec1n t\u1ea1o h\u00ecnh con m\u00e8o v\u1edbi ng\u1ecdc m\u00e0u xanh l\u00e1 \u0111\u1eadm ( xanh \u0111en) v\u00e0 d\u00e2y \u0111eo nh\u01b0 h\u00ecnh.\u00a0 K\u00edch th\u01b0\u1edbc &#8211; cao: 2.4cm &#8211; ngang 1.8m &#8211; d\u00e0y 1.1cm ho\u1eb7c c\u00e1c b\u1ea1n li\u00ean h\u1ec7 shop \u0111\u1ec3 \u0111\u01b0\u1ee3c t\u01b0 v\u1ea5n th\u00eam. P.s: \u0110\u1ec3 \u0111\u01b0\u1ee3c shop ph\u1ea3n h\u1ed3i nhanh nh\u1ea5t, c\u00e1c b\u1ea1n vui l\u00f2ng b\u1ea5m v\u00e0o n\u00fat \u201cnh\u1eafn tin qua instagram\u201d \u1edf d\u01b0\u1edbi ch\u1eef \u201cmua ngay\u201d nh\u00e9.<\/p>\n","protected":false},"featured_media":26443,"comment_status":"open","ping_status":"closed","template":"","meta":[],"product_brand":[],"product_cat":[285],"product_tag":[],"class_list":{"0":"post-26481","1":"product","2":"type-product","3":"status-publish","4":"has-post-thumbnail","6":"product_cat-vong-co","7":"pa_color-green","8":"pa_fate-hoa","9":"pa_fate-moc","10":"pa_loai-da-ngoc","12":"first","13":"instock","14":"sale","15":"shipping-taxable","16":"purchasable","17":"product-type-simple"},"_links":{"self":[{"href":"https:\/\/www.erialshop.com\/index.php\/wp-json\/wp\/v2\/product\/26481","targetHints":{"allow":["GET"]}}],"collection":[{"href":"https:\/\/www.erialshop.com\/index.php\/wp-json\/wp\/v2\/product"}],"about":[{"href":"https:\/\/www.erialshop.com\/index.php\/wp-json\/wp\/v2\/types\/product"}],"replies":[{"embeddable":true,"href":"https:\/\/www.erialshop.com\/index.php\/wp-json\/wp\/v2\/comments?post=26481"}],"version-history":[{"count":1,"href":"https:\/\/www.erialshop.com\/index.php\/wp-json\/wp\/v2\/product\/26481\/revisions"}],"predecessor-version":[{"id":26482,"href":"https:\/\/www.erialshop.com\/index.php\/wp-json\/wp\/v2\/product\/26481\/revisions\/26482"}],"wp:featuredmedia":[{"embeddable":true,"href":"https:\/\/www.erialshop.com\/index.php\/wp-json\/wp\/v2\/media\/26443"}],"wp:attachment":[{"href":"https:\/\/www.erialshop.com\/index.php\/wp-json\/wp\/v2\/media?parent=26481"}],"wp:term":[{"taxonomy":"product_brand","embeddable":true,"href":"https:\/\/www.erialshop.com\/index.php\/wp-json\/wp\/v2\/product_brand?post=26481"},{"taxonomy":"product_cat","embeddable":true,"href":"https:\/\/www.erialshop.com\/index.php\/wp-json\/wp\/v2\/product_cat?post=26481"},{"taxonomy":"product_tag","embeddable":true,"href":"https:\/\/www.erialshop.com\/index.php\/wp-json\/wp\/v2\/product_tag?post=26481"}],"curies":[{"name":"wp","href":"https:\/\/api.w.org\/{rel}","templated":true}]}}