{"id":26348,"date":"2025-07-07T18:47:02","date_gmt":"2025-07-07T11:47:02","guid":{"rendered":"https:\/\/erialshop.com\/?post_type=product&#038;p=26348"},"modified":"2025-06-15T18:46:30","modified_gmt":"2025-06-15T11:46:30","slug":"tourmaline-hong-2ly-v04","status":"publish","type":"product","link":"https:\/\/www.erialshop.com\/index.php\/product\/tourmaline-hong-2ly-v04\/","title":{"rendered":"Tourmaline h\u1ed3ng 2ly &#8211; V04"},"content":{"rendered":"<p><strong>V\u00f2ng tay \u0111\u00e1 tourmaline d\u1ea1ng tr\u00f2n size 2ly ch\u1ea1y m\u00e0u m\u00e0u tr\u1eafng, h\u1ed3ng mix 1 vi\u00ean lu th\u1ed1ng tourmline h\u1ed3ng ch\u1ea5t \u0111\u00e1 trong tr\u1ebbo vip, c\u00f9ng m\u1ed9t s\u1ed1 chi ti\u1ebft m\u1ea1 v\u00e0ng.<\/strong><\/p>\n<p>Shop c\u00f3 s\u1eb5n 1 chi\u1ebfc v\u1edbi chi\u1ec1u d\u00e0i 15.8cm ho\u1eb7c c\u00e1c b\u1ea1n c\u00f3 th\u1ec3 li\u00ean h\u1ec7 v\u1edbi shop \u0111\u1ec3 \u0111\u01b0\u1ee3c t\u01b0 v\u1ea5n size tr\u01b0\u1edbc khi mua h\u00e0ng.<\/p>\n<p><b>P.s: \u0110\u1ec3 \u0111\u01b0\u1ee3c shop ph\u1ea3n h\u1ed3i nhanh nh\u1ea5t, c\u00e1c b\u1ea1n vui l\u00f2ng b\u1ea5m v\u00e0o n\u00fat \u201cnh\u1eafn tin qua instagram\u201d \u1edf d\u01b0\u1edbi ch\u1eef \u201cmua ngay\u201d nh\u00e9.<\/b><\/p>\n","protected":false},"excerpt":{"rendered":"<p>V\u00f2ng tay \u0111\u00e1 tourmaline d\u1ea1ng tr\u00f2n size 2ly ch\u1ea1y m\u00e0u m\u00e0u tr\u1eafng, h\u1ed3ng mix 1 vi\u00ean lu th\u1ed1ng tourmline h\u1ed3ng ch\u1ea5t \u0111\u00e1 trong tr\u1ebbo vip, c\u00f9ng m\u1ed9t s\u1ed1 chi ti\u1ebft m\u1ea1 v\u00e0ng. Shop c\u00f3 s\u1eb5n 1 chi\u1ebfc v\u1edbi chi\u1ec1u d\u00e0i 15.8cm ho\u1eb7c c\u00e1c b\u1ea1n c\u00f3 th\u1ec3 li\u00ean h\u1ec7 v\u1edbi shop \u0111\u1ec3 \u0111\u01b0\u1ee3c t\u01b0 v\u1ea5n size tr\u01b0\u1edbc khi mua h\u00e0ng. P.s: \u0110\u1ec3 \u0111\u01b0\u1ee3c shop ph\u1ea3n h\u1ed3i nhanh nh\u1ea5t, c\u00e1c b\u1ea1n vui l\u00f2ng b\u1ea5m v\u00e0o n\u00fat \u201cnh\u1eafn tin qua instagram\u201d \u1edf d\u01b0\u1edbi ch\u1eef \u201cmua ngay\u201d nh\u00e9.<\/p>\n","protected":false},"featured_media":26318,"comment_status":"open","ping_status":"closed","template":"","meta":[],"product_brand":[],"product_cat":[284],"product_tag":[350,399,339,499,338],"class_list":{"0":"post-26348","1":"product","2":"type-product","3":"status-publish","4":"has-post-thumbnail","6":"product_cat-vong-tay","7":"product_tag-2ly","8":"product_tag-hong","9":"product_tag-tourmaline","10":"product_tag-tron","11":"product_tag-vongtay","12":"pa_color-pink","13":"pa_loai-da-tourmaline","14":"pa_size-2-ly","15":"pa_size-hat-tron","16":"pa_style-charms","17":"pa_style-mixed","19":"first","20":"instock","21":"sale","22":"shipping-taxable","23":"purchasable","24":"product-type-simple"},"_links":{"self":[{"href":"https:\/\/www.erialshop.com\/index.php\/wp-json\/wp\/v2\/product\/26348","targetHints":{"allow":["GET"]}}],"collection":[{"href":"https:\/\/www.erialshop.com\/index.php\/wp-json\/wp\/v2\/product"}],"about":[{"href":"https:\/\/www.erialshop.com\/index.php\/wp-json\/wp\/v2\/types\/product"}],"replies":[{"embeddable":true,"href":"https:\/\/www.erialshop.com\/index.php\/wp-json\/wp\/v2\/comments?post=26348"}],"version-history":[{"count":2,"href":"https:\/\/www.erialshop.com\/index.php\/wp-json\/wp\/v2\/product\/26348\/revisions"}],"predecessor-version":[{"id":26420,"href":"https:\/\/www.erialshop.com\/index.php\/wp-json\/wp\/v2\/product\/26348\/revisions\/26420"}],"wp:featuredmedia":[{"embeddable":true,"href":"https:\/\/www.erialshop.com\/index.php\/wp-json\/wp\/v2\/media\/26318"}],"wp:attachment":[{"href":"https:\/\/www.erialshop.com\/index.php\/wp-json\/wp\/v2\/media?parent=26348"}],"wp:term":[{"taxonomy":"product_brand","embeddable":true,"href":"https:\/\/www.erialshop.com\/index.php\/wp-json\/wp\/v2\/product_brand?post=26348"},{"taxonomy":"product_cat","embeddable":true,"href":"https:\/\/www.erialshop.com\/index.php\/wp-json\/wp\/v2\/product_cat?post=26348"},{"taxonomy":"product_tag","embeddable":true,"href":"https:\/\/www.erialshop.com\/index.php\/wp-json\/wp\/v2\/product_tag?post=26348"}],"curies":[{"name":"wp","href":"https:\/\/api.w.org\/{rel}","templated":true}]}}