{"id":26328,"date":"2025-06-03T18:22:53","date_gmt":"2025-06-03T11:22:53","guid":{"rendered":"https:\/\/erialshop.com\/?post_type=product&#038;p=26328"},"modified":"2025-05-20T14:01:16","modified_gmt":"2025-05-20T07:01:16","slug":"thach-anh-hong-donut","status":"publish","type":"product","link":"https:\/\/www.erialshop.com\/index.php\/product\/thach-anh-hong-donut\/","title":{"rendered":"Th\u1ea1ch anh h\u1ed3ng &#8211; Donut"},"content":{"rendered":"<p class=\"p1\"><strong>V\u00f2ng tay d\u00e2y v\u1edbi \u0111\u00e1 th\u1ea1ch anh h\u1ed3ng h\u1ea1t tr\u00f2n 9ly ph\u1ed1i 1 vi\u00ean th\u1ea1ch anh d\u00e2u 9ly, 1 vi\u00ean tourmaline h\u1ed3ng 5ly, 1 vi\u00ean ng\u1ecdc trai m\u00e0u cam \u0111\u00e0o, v\u1ee5n \u0111\u00e1 anh \u0111\u00e0o, charm h\u00ecnh donut m\u00e0u h\u1ed3ng t\u00f2ng teng c\u00f9ng c\u00f9ng m\u1ed9t s\u1ed1 chi ti\u1ebft m\u1ea1 v\u00e0ng, b\u1ea1c, v\u00e0ng h\u1ed3ng.\u00a0<\/strong><\/p>\n<p>Shop c\u00f3 s\u1eb5n chi\u1ebfc y h\u00ecnh d\u00e0i 17.8cm ho\u1eb7c c\u00e1c b\u1ea1n c\u00f3 th\u1ec3 li\u00ean h\u1ec7 v\u1edbi shop tr\u01b0\u1edbc khi \u0111\u1eb7t mua.<\/p>\n<p><strong>P.s: \u0110\u1ec3 \u0111\u01b0\u1ee3c shop ph\u1ea3n h\u1ed3i nhanh nh\u1ea5t<\/strong><strong style=\"letter-spacing: 0px;\">, c\u00e1c b\u1ea1n vui l\u00f2ng b\u1ea5m v\u00e0o n\u00fat &#8220;nh\u1eafn tin qua instagram&#8221; \u1edf d\u01b0\u1edbi ch\u1eef &#8220;mua ngay&#8221; nh\u00e9.\u00a0<\/strong><\/p>\n","protected":false},"excerpt":{"rendered":"<p>V\u00f2ng tay d\u00e2y v\u1edbi \u0111\u00e1 th\u1ea1ch anh h\u1ed3ng h\u1ea1t tr\u00f2n 9ly ph\u1ed1i 1 vi\u00ean th\u1ea1ch anh d\u00e2u 9ly, 1 vi\u00ean tourmaline h\u1ed3ng 5ly, 1 vi\u00ean ng\u1ecdc trai m\u00e0u cam \u0111\u00e0o, v\u1ee5n \u0111\u00e1 anh \u0111\u00e0o, charm h\u00ecnh donut m\u00e0u h\u1ed3ng t\u00f2ng teng c\u00f9ng c\u00f9ng m\u1ed9t s\u1ed1 chi ti\u1ebft m\u1ea1 v\u00e0ng, b\u1ea1c, v\u00e0ng h\u1ed3ng.\u00a0 Shop c\u00f3 s\u1eb5n chi\u1ebfc y h\u00ecnh d\u00e0i 17.8cm ho\u1eb7c c\u00e1c b\u1ea1n c\u00f3 th\u1ec3 li\u00ean h\u1ec7 v\u1edbi shop tr\u01b0\u1edbc khi \u0111\u1eb7t mua. P.s: \u0110\u1ec3 \u0111\u01b0\u1ee3c shop ph\u1ea3n h\u1ed3i nhanh nh\u1ea5t, c\u00e1c b\u1ea1n vui l\u00f2ng b\u1ea5m v\u00e0o n\u00fat &#8220;nh\u1eafn tin qua instagram&#8221; \u1edf d\u01b0\u1edbi ch\u1eef &#8220;mua ngay&#8221; nh\u00e9.\u00a0<\/p>\n","protected":false},"featured_media":26291,"comment_status":"open","ping_status":"closed","template":"","meta":[],"product_brand":[],"product_cat":[284],"product_tag":[461,398,338],"class_list":{"0":"post-26328","1":"product","2":"type-product","3":"status-publish","4":"has-post-thumbnail","6":"product_cat-vong-tay","7":"product_tag-candy-tourmaline","8":"product_tag-herkimer","9":"product_tag-vongtay","10":"pa_color-pink","11":"pa_fate-hoa","12":"pa_fate-tho","13":"pa_loai-da-ngoc-trai","14":"pa_loai-da-thach-anh","15":"pa_loai-da-thach-anh-dau-tay","16":"pa_size-9ly","17":"pa_size-hat-tron","18":"pa_style-charms","19":"pa_style-dieu-da","21":"first","22":"instock","23":"sale","24":"featured","25":"shipping-taxable","26":"purchasable","27":"product-type-simple"},"_links":{"self":[{"href":"https:\/\/www.erialshop.com\/index.php\/wp-json\/wp\/v2\/product\/26328","targetHints":{"allow":["GET"]}}],"collection":[{"href":"https:\/\/www.erialshop.com\/index.php\/wp-json\/wp\/v2\/product"}],"about":[{"href":"https:\/\/www.erialshop.com\/index.php\/wp-json\/wp\/v2\/types\/product"}],"replies":[{"embeddable":true,"href":"https:\/\/www.erialshop.com\/index.php\/wp-json\/wp\/v2\/comments?post=26328"}],"version-history":[{"count":2,"href":"https:\/\/www.erialshop.com\/index.php\/wp-json\/wp\/v2\/product\/26328\/revisions"}],"predecessor-version":[{"id":26394,"href":"https:\/\/www.erialshop.com\/index.php\/wp-json\/wp\/v2\/product\/26328\/revisions\/26394"}],"wp:featuredmedia":[{"embeddable":true,"href":"https:\/\/www.erialshop.com\/index.php\/wp-json\/wp\/v2\/media\/26291"}],"wp:attachment":[{"href":"https:\/\/www.erialshop.com\/index.php\/wp-json\/wp\/v2\/media?parent=26328"}],"wp:term":[{"taxonomy":"product_brand","embeddable":true,"href":"https:\/\/www.erialshop.com\/index.php\/wp-json\/wp\/v2\/product_brand?post=26328"},{"taxonomy":"product_cat","embeddable":true,"href":"https:\/\/www.erialshop.com\/index.php\/wp-json\/wp\/v2\/product_cat?post=26328"},{"taxonomy":"product_tag","embeddable":true,"href":"https:\/\/www.erialshop.com\/index.php\/wp-json\/wp\/v2\/product_tag?post=26328"}],"curies":[{"name":"wp","href":"https:\/\/api.w.org\/{rel}","templated":true}]}}