{"id":26323,"date":"2025-05-26T18:18:07","date_gmt":"2025-05-26T11:18:07","guid":{"rendered":"https:\/\/erialshop.com\/?post_type=product&#038;p=26323"},"modified":"2025-05-26T21:38:57","modified_gmt":"2025-05-26T14:38:57","slug":"chan-bling-bling-tourmaline-2ly","status":"publish","type":"product","link":"https:\/\/www.erialshop.com\/index.php\/product\/chan-bling-bling-tourmaline-2ly\/","title":{"rendered":"Ch\u00e2n bling bling &#8211; 2ly"},"content":{"rendered":"<p><strong>L\u1eafc ch\u00e2n v\u1edbi \u0111\u00e1 tourmaline h\u1ea1t tr\u00f2n size 2ly ch\u1ea1y 5 m\u00e0u h\u1ed3ng, xanh l\u00e1, xanh d\u01b0\u01a1ng, v\u00e0ng, tr\u1eafng c\u00f9ng ng\u1ecdc trai tr\u1eafng, v\u1ecf s\u00f2 ng\u1ecdc trai h\u00ecnh hoa c\u00fac v\u00e0 m\u1ed9t s\u1ed1 chi ti\u1ebft m\u1ea1 v\u00e0ng.<\/strong><\/p>\n<p>Shop c\u00f3 s\u1eb5n chi\u1ebfc nh\u01b0 h\u00ecnh d\u00e0i 24cm ho\u1eb7c c\u00e1c b\u1ea1n c\u00f3 th\u1ec3 li\u00ean h\u1ec7 v\u1edbi shop \u0111\u1ec3 \u0111\u01b0\u1ee3c t\u01b0 v\u1ea5n k\u0129 tr\u01b0\u1edbc khi mua.<\/p>\n<p class=\"p1\"><b>P.s: \u0110\u1ec3 \u0111\u01b0\u1ee3c shop ph\u1ea3n h\u1ed3i nhanh nh\u1ea5t, c\u00e1c b\u1ea1n vui l\u00f2ng b\u1ea5m v\u00e0o n\u00fat \u201cnh\u1eafn tin qua instagram\u201d \u1edf d\u01b0\u1edbi ch\u1eef \u201cmua ngay\u201d nh\u00e9.<\/b><\/p>\n","protected":false},"excerpt":{"rendered":"<p>L\u1eafc ch\u00e2n v\u1edbi \u0111\u00e1 tourmaline h\u1ea1t tr\u00f2n size 2ly ch\u1ea1y 5 m\u00e0u h\u1ed3ng, xanh l\u00e1, xanh d\u01b0\u01a1ng, v\u00e0ng, tr\u1eafng c\u00f9ng ng\u1ecdc trai tr\u1eafng, v\u1ecf s\u00f2 ng\u1ecdc trai h\u00ecnh hoa c\u00fac v\u00e0 m\u1ed9t s\u1ed1 chi ti\u1ebft m\u1ea1 v\u00e0ng. Shop c\u00f3 s\u1eb5n chi\u1ebfc nh\u01b0 h\u00ecnh d\u00e0i 24cm ho\u1eb7c c\u00e1c b\u1ea1n c\u00f3 th\u1ec3 li\u00ean h\u1ec7 v\u1edbi shop \u0111\u1ec3 \u0111\u01b0\u1ee3c t\u01b0 v\u1ea5n k\u0129 tr\u01b0\u1edbc khi mua. P.s: \u0110\u1ec3 \u0111\u01b0\u1ee3c shop ph\u1ea3n h\u1ed3i nhanh nh\u1ea5t, c\u00e1c b\u1ea1n vui l\u00f2ng b\u1ea5m v\u00e0o n\u00fat \u201cnh\u1eafn tin qua instagram\u201d \u1edf d\u01b0\u1edbi ch\u1eef \u201cmua ngay\u201d nh\u00e9.<\/p>\n","protected":false},"featured_media":26283,"comment_status":"open","ping_status":"closed","template":"","meta":[],"product_brand":[],"product_cat":[286],"product_tag":[425,426,339],"class_list":{"0":"post-26323","1":"product","2":"type-product","3":"status-publish","4":"has-post-thumbnail","6":"product_cat-lac-chan","7":"product_tag-lacchan","8":"product_tag-tim","9":"product_tag-tourmaline","10":"pa_color-da-sac","11":"pa_loai-da-tourmaline","12":"pa_loai-da-ngoc-trai","13":"pa_loai-da-vo-so","14":"pa_size-2-ly","15":"pa_style-charms","16":"pa_style-mixed","18":"first","19":"instock","20":"sale","21":"shipping-taxable","22":"purchasable","23":"product-type-simple"},"_links":{"self":[{"href":"https:\/\/www.erialshop.com\/index.php\/wp-json\/wp\/v2\/product\/26323","targetHints":{"allow":["GET"]}}],"collection":[{"href":"https:\/\/www.erialshop.com\/index.php\/wp-json\/wp\/v2\/product"}],"about":[{"href":"https:\/\/www.erialshop.com\/index.php\/wp-json\/wp\/v2\/types\/product"}],"replies":[{"embeddable":true,"href":"https:\/\/www.erialshop.com\/index.php\/wp-json\/wp\/v2\/comments?post=26323"}],"version-history":[{"count":3,"href":"https:\/\/www.erialshop.com\/index.php\/wp-json\/wp\/v2\/product\/26323\/revisions"}],"predecessor-version":[{"id":26399,"href":"https:\/\/www.erialshop.com\/index.php\/wp-json\/wp\/v2\/product\/26323\/revisions\/26399"}],"wp:featuredmedia":[{"embeddable":true,"href":"https:\/\/www.erialshop.com\/index.php\/wp-json\/wp\/v2\/media\/26283"}],"wp:attachment":[{"href":"https:\/\/www.erialshop.com\/index.php\/wp-json\/wp\/v2\/media?parent=26323"}],"wp:term":[{"taxonomy":"product_brand","embeddable":true,"href":"https:\/\/www.erialshop.com\/index.php\/wp-json\/wp\/v2\/product_brand?post=26323"},{"taxonomy":"product_cat","embeddable":true,"href":"https:\/\/www.erialshop.com\/index.php\/wp-json\/wp\/v2\/product_cat?post=26323"},{"taxonomy":"product_tag","embeddable":true,"href":"https:\/\/www.erialshop.com\/index.php\/wp-json\/wp\/v2\/product_tag?post=26323"}],"curies":[{"name":"wp","href":"https:\/\/api.w.org\/{rel}","templated":true}]}}