{"id":26268,"date":"2025-05-12T18:00:54","date_gmt":"2025-05-12T11:00:54","guid":{"rendered":"https:\/\/erialshop.com\/?post_type=product&#038;p=26268"},"modified":"2025-05-20T09:30:29","modified_gmt":"2025-05-20T02:30:29","slug":"ngoc-hat-tron-3ly-2-mau-m023","status":"publish","type":"product","link":"https:\/\/www.erialshop.com\/index.php\/product\/ngoc-hat-tron-3ly-2-mau-m023\/","title":{"rendered":"Ng\u1ecdc h\u1ea1t tr\u00f2n 3ly &#8211; 2 m\u1eabu M23"},"content":{"rendered":"<p><strong>M\u1eabu 1 ( h\u00ecnh 1-3): V\u00f2ng tay x\u1ecf thun h\u1ea1t ng\u1ecdc tr\u00f2n size 3.6ly m\u00e0u xanh bi\u1ec3n pastel ph\u1ed1i c\u00f9ng ng\u1ecdc ho\u00e0 \u0111i\u1ec1n m\u00e0u tr\u1eafng t\u1ea1o h\u00ecnh hoa sen c\u00f9ng m\u00f4t s\u1ed1 chi ti\u1ebft m\u1ea1 v\u00e0ng. <\/strong><em>Charm hoa sen c\u00f3 k\u00edch th\u01b0\u1edbc: 14mm x 13.7mm x 58mm.<\/em><\/p>\n<p><strong>M\u1eabu 2 ( h\u00ecnh 2): V\u00f2ng tay x\u1ecf thun h\u1ea1t ng\u1ecdc tr\u00f2n size 3.6ly m\u00e0u xanh bi\u1ec3n pastel ph\u1ed1i c\u00f9ng ng\u1ecdc ho\u00e0 \u0111i\u1ec1n m\u00e0u tr\u1eafng t\u1ea1o h\u00ecnh b\u01b0\u1edbm c\u00f9ng m\u00f4t s\u1ed1 chi ti\u1ebft m\u1ea1 v\u00e0ng. <\/strong><em>B\u01b0\u1edbm c\u00f3 k\u00edch th\u01b0\u1edbc: 0.5cm x 1.4cm. Shop c\u00f3 s\u1eb5n chi\u1ebfc y h\u00ecnh chi\u1ec1u d\u00e0i 16cm ho\u1eb7c c\u00e1c b\u1ea1n li\u00ean h\u1ec7 shop \u0111\u1ec3 \u0111\u01b0\u1ee3c t\u01b0 v\u1ea5n th\u00eam.<\/em><\/p>\n<p><b>P.s: \u0110\u1ec3 \u0111\u01b0\u1ee3c shop ph\u1ea3n h\u1ed3i nhanh nh\u1ea5t, c\u00e1c b\u1ea1n vui l\u00f2ng b\u1ea5m v\u00e0o n\u00fat \u201cnh\u1eafn tin qua instagram\u201d \u1edf d\u01b0\u1edbi ch\u1eef \u201cmua ngay\u201d nh\u00e9.<\/b><\/p>\n","protected":false},"excerpt":{"rendered":"<p>M\u1eabu 1 ( h\u00ecnh 1-3): V\u00f2ng tay x\u1ecf thun h\u1ea1t ng\u1ecdc tr\u00f2n size 3.6ly m\u00e0u xanh bi\u1ec3n pastel ph\u1ed1i c\u00f9ng ng\u1ecdc ho\u00e0 \u0111i\u1ec1n m\u00e0u tr\u1eafng t\u1ea1o h\u00ecnh hoa sen c\u00f9ng m\u00f4t s\u1ed1 chi ti\u1ebft m\u1ea1 v\u00e0ng. Charm hoa sen c\u00f3 k\u00edch th\u01b0\u1edbc: 14mm x 13.7mm x 58mm. M\u1eabu 2 ( h\u00ecnh 2): V\u00f2ng tay x\u1ecf thun h\u1ea1t ng\u1ecdc tr\u00f2n size 3.6ly m\u00e0u xanh bi\u1ec3n pastel ph\u1ed1i c\u00f9ng ng\u1ecdc ho\u00e0 \u0111i\u1ec1n m\u00e0u tr\u1eafng t\u1ea1o h\u00ecnh b\u01b0\u1edbm c\u00f9ng m\u00f4t s\u1ed1 chi ti\u1ebft m\u1ea1 v\u00e0ng. B\u01b0\u1edbm c\u00f3 k\u00edch th\u01b0\u1edbc: 0.5cm x 1.4cm. Shop c\u00f3 s\u1eb5n chi\u1ebfc y h\u00ecnh chi\u1ec1u d\u00e0i 16cm ho\u1eb7c c\u00e1c b\u1ea1n li\u00ean h\u1ec7 shop \u0111\u1ec3 \u0111\u01b0\u1ee3c t\u01b0 v\u1ea5n th\u00eam. P.s: \u0110\u1ec3 \u0111\u01b0\u1ee3c shop ph\u1ea3n h\u1ed3i nhanh nh\u1ea5t, c\u00e1c b\u1ea1n vui l\u00f2ng b\u1ea5m v\u00e0o n\u00fat \u201cnh\u1eafn tin qua instagram\u201d \u1edf d\u01b0\u1edbi ch\u1eef \u201cmua ngay\u201d nh\u00e9.<\/p>\n","protected":false},"featured_media":25808,"comment_status":"open","ping_status":"closed","template":"","meta":[],"product_brand":[],"product_cat":[284],"product_tag":[],"class_list":{"0":"post-26268","1":"product","2":"type-product","3":"status-publish","4":"has-post-thumbnail","6":"product_cat-vong-tay","7":"pa_color-blue","8":"pa_fate-moc","9":"pa_fate-thuy","10":"pa_loai-da-ngoc","11":"pa_size-hat-tron","12":"pa_size-3-ly","13":"pa_style-charms","15":"first","16":"instock","17":"sale","18":"shipping-taxable","19":"purchasable","20":"product-type-simple"},"_links":{"self":[{"href":"https:\/\/www.erialshop.com\/index.php\/wp-json\/wp\/v2\/product\/26268","targetHints":{"allow":["GET"]}}],"collection":[{"href":"https:\/\/www.erialshop.com\/index.php\/wp-json\/wp\/v2\/product"}],"about":[{"href":"https:\/\/www.erialshop.com\/index.php\/wp-json\/wp\/v2\/types\/product"}],"replies":[{"embeddable":true,"href":"https:\/\/www.erialshop.com\/index.php\/wp-json\/wp\/v2\/comments?post=26268"}],"version-history":[{"count":3,"href":"https:\/\/www.erialshop.com\/index.php\/wp-json\/wp\/v2\/product\/26268\/revisions"}],"predecessor-version":[{"id":26389,"href":"https:\/\/www.erialshop.com\/index.php\/wp-json\/wp\/v2\/product\/26268\/revisions\/26389"}],"wp:featuredmedia":[{"embeddable":true,"href":"https:\/\/www.erialshop.com\/index.php\/wp-json\/wp\/v2\/media\/25808"}],"wp:attachment":[{"href":"https:\/\/www.erialshop.com\/index.php\/wp-json\/wp\/v2\/media?parent=26268"}],"wp:term":[{"taxonomy":"product_brand","embeddable":true,"href":"https:\/\/www.erialshop.com\/index.php\/wp-json\/wp\/v2\/product_brand?post=26268"},{"taxonomy":"product_cat","embeddable":true,"href":"https:\/\/www.erialshop.com\/index.php\/wp-json\/wp\/v2\/product_cat?post=26268"},{"taxonomy":"product_tag","embeddable":true,"href":"https:\/\/www.erialshop.com\/index.php\/wp-json\/wp\/v2\/product_tag?post=26268"}],"curies":[{"name":"wp","href":"https:\/\/api.w.org\/{rel}","templated":true}]}}