{"id":26016,"date":"2025-04-21T18:01:57","date_gmt":"2025-04-21T11:01:57","guid":{"rendered":"https:\/\/erialshop.com\/?post_type=product&#038;p=26016"},"modified":"2025-03-19T11:39:02","modified_gmt":"2025-03-19T04:39:02","slug":"cam-thach-5-5ly-sunstone","status":"publish","type":"product","link":"https:\/\/www.erialshop.com\/index.php\/product\/cam-thach-5-5ly-sunstone\/","title":{"rendered":"C\u1ea9m th\u1ea1ch 5.5ly &#8211; sunstone"},"content":{"rendered":"<p><strong>V\u00f2ng tay v\u1edbi h\u1ea1t c\u1ea9m th\u1ea1ch tr\u00f2n m\u00e0u xanh l\u00e1 size 5.5ly mix c\u00f9ng 1 vi\u00ean suntone h\u00ecnh tr\u1ee5 d\u00e0i m\u00e0u cam [7 x 11mm] x\u1ecf thun \u0111\u01a1n gi\u1ea3n v\u00e0 m\u1ed9t s\u1ed1 chi ti\u1ebft m\u1ea1 v\u00e0ng<\/strong><\/p>\n<p>Shop c\u00f3 1 chi\u1ebfc y h\u00ecnh chi\u1ec1u d\u00e0i 15.8cm. C\u00e1c b\u1ea1n c\u00f3 th\u1ec3 li\u00ean h\u1ec7 tr\u01b0\u1edbc v\u1edbi shop \u0111\u1ec3 \u0111\u01b0\u1ee3c t\u01b0 v\u1ea5n k\u0129 l\u01b0\u1ee1ng tr\u01b0\u1edbc khi \u0111\u1eb7t mua.<\/p>\n<p><strong>P.s: \u0110\u1ec3 \u0111\u01b0\u1ee3c shop ph\u1ea3n h\u1ed3i nhanh nh\u1ea5t, c\u00e1c b\u1ea1n vui l\u00f2ng b\u1ea5m v\u00e0o n\u00fat \u201cnh\u1eafn tin qua instagram\u201d \u1edf d\u01b0\u1edbi ch\u1eef \u201cmua ngay\u201d nh\u00e9.<\/strong><\/p>\n","protected":false},"excerpt":{"rendered":"<p>V\u00f2ng tay v\u1edbi h\u1ea1t c\u1ea9m th\u1ea1ch tr\u00f2n m\u00e0u xanh l\u00e1 size 5.5ly mix c\u00f9ng 1 vi\u00ean suntone h\u00ecnh tr\u1ee5 d\u00e0i m\u00e0u cam [7 x 11mm] x\u1ecf thun \u0111\u01a1n gi\u1ea3n v\u00e0 m\u1ed9t s\u1ed1 chi ti\u1ebft m\u1ea1 v\u00e0ng Shop c\u00f3 1 chi\u1ebfc y h\u00ecnh chi\u1ec1u d\u00e0i 15.8cm. C\u00e1c b\u1ea1n c\u00f3 th\u1ec3 li\u00ean h\u1ec7 tr\u01b0\u1edbc v\u1edbi shop \u0111\u1ec3 \u0111\u01b0\u1ee3c t\u01b0 v\u1ea5n k\u0129 l\u01b0\u1ee1ng tr\u01b0\u1edbc khi \u0111\u1eb7t mua. P.s: \u0110\u1ec3 \u0111\u01b0\u1ee3c shop ph\u1ea3n h\u1ed3i nhanh nh\u1ea5t, c\u00e1c b\u1ea1n vui l\u00f2ng b\u1ea5m v\u00e0o n\u00fat \u201cnh\u1eafn tin qua instagram\u201d \u1edf d\u01b0\u1edbi ch\u1eef \u201cmua ngay\u201d nh\u00e9.<\/p>\n","protected":false},"featured_media":25966,"comment_status":"open","ping_status":"closed","template":"","meta":[],"product_brand":[],"product_cat":[284,287],"product_tag":[501,500,502,503],"class_list":{"0":"post-26016","1":"product","2":"type-product","3":"status-publish","4":"has-post-thumbnail","6":"product_cat-vong-tay","7":"product_cat-da","8":"product_tag-jade","9":"product_tag-ngoc","10":"product_tag-suntone","11":"product_tag-xo-thun","12":"pa_color-clay","13":"pa_color-green","14":"pa_fate-hoa","15":"pa_loai-da-ngoc","16":"pa_loai-da-sunstone","17":"pa_size-hat-tron","18":"pa_size-6-ly","19":"pa_style-mixed","21":"first","22":"instock","23":"sale","24":"shipping-taxable","25":"purchasable","26":"product-type-simple"},"_links":{"self":[{"href":"https:\/\/www.erialshop.com\/index.php\/wp-json\/wp\/v2\/product\/26016","targetHints":{"allow":["GET"]}}],"collection":[{"href":"https:\/\/www.erialshop.com\/index.php\/wp-json\/wp\/v2\/product"}],"about":[{"href":"https:\/\/www.erialshop.com\/index.php\/wp-json\/wp\/v2\/types\/product"}],"replies":[{"embeddable":true,"href":"https:\/\/www.erialshop.com\/index.php\/wp-json\/wp\/v2\/comments?post=26016"}],"version-history":[{"count":2,"href":"https:\/\/www.erialshop.com\/index.php\/wp-json\/wp\/v2\/product\/26016\/revisions"}],"predecessor-version":[{"id":26207,"href":"https:\/\/www.erialshop.com\/index.php\/wp-json\/wp\/v2\/product\/26016\/revisions\/26207"}],"wp:featuredmedia":[{"embeddable":true,"href":"https:\/\/www.erialshop.com\/index.php\/wp-json\/wp\/v2\/media\/25966"}],"wp:attachment":[{"href":"https:\/\/www.erialshop.com\/index.php\/wp-json\/wp\/v2\/media?parent=26016"}],"wp:term":[{"taxonomy":"product_brand","embeddable":true,"href":"https:\/\/www.erialshop.com\/index.php\/wp-json\/wp\/v2\/product_brand?post=26016"},{"taxonomy":"product_cat","embeddable":true,"href":"https:\/\/www.erialshop.com\/index.php\/wp-json\/wp\/v2\/product_cat?post=26016"},{"taxonomy":"product_tag","embeddable":true,"href":"https:\/\/www.erialshop.com\/index.php\/wp-json\/wp\/v2\/product_tag?post=26016"}],"curies":[{"name":"wp","href":"https:\/\/api.w.org\/{rel}","templated":true}]}}