{"id":26005,"date":"2025-05-05T18:07:19","date_gmt":"2025-05-05T11:07:19","guid":{"rendered":"https:\/\/erialshop.com\/?post_type=product&#038;p=26005"},"modified":"2025-07-06T16:56:56","modified_gmt":"2025-07-06T09:56:56","slug":"tourmaline-3ly-4-mau","status":"publish","type":"product","link":"https:\/\/www.erialshop.com\/index.php\/product\/tourmaline-3ly-4-mau\/","title":{"rendered":"Tour 3ly mixed &#8211; 4 m\u1eabu"},"content":{"rendered":"<p><strong>V\u00f2ng tay \u0111\u00e1 tourmaline d\u1ea1ng tr\u00f2n size 3.5ly t\u00f4ng m\u00e0u \u0111a s\u1eafc mix ng\u1eabu nhi\u00ean m\u1ed9t vi\u00ean d\u00e2u h\u1ed3ng\/ tr\u1eafng ho\u1eb7c ng\u1ecdc trai nh\u01b0 h\u00ecnh c\u00f9ng m\u1ed9t s\u1ed1 chi ti\u1ebft m\u1ea1 v\u00e0ng.<\/strong><\/p>\n<p>Shop c\u00f3 s\u1eb5n 4 chi\u1ebfc y h\u00ecnh v\u1edbi chi\u1ec1u d\u00e0i 17cm ho\u1eb7c c\u00e1c b\u1ea1n c\u00f3 th\u1ec3 li\u00ean h\u1ec7 v\u1edbi shop \u0111\u1ec3 \u0111\u01b0\u1ee3c t\u01b0 v\u1ea5n size tr\u01b0\u1edbc khi mua h\u00e0ng.<\/p>\n<p><b>P.s: \u0110\u1ec3 \u0111\u01b0\u1ee3c shop ph\u1ea3n h\u1ed3i nhanh nh\u1ea5t, c\u00e1c b\u1ea1n vui l\u00f2ng b\u1ea5m v\u00e0o n\u00fat \u201cnh\u1eafn tin qua instagram\u201d \u1edf d\u01b0\u1edbi ch\u1eef \u201cmua ngay\u201d nh\u00e9.<\/b><\/p>\n","protected":false},"excerpt":{"rendered":"<p>V\u00f2ng tay \u0111\u00e1 tourmaline d\u1ea1ng tr\u00f2n size 3.5ly t\u00f4ng m\u00e0u \u0111a s\u1eafc mix ng\u1eabu nhi\u00ean m\u1ed9t vi\u00ean d\u00e2u h\u1ed3ng\/ tr\u1eafng ho\u1eb7c ng\u1ecdc trai nh\u01b0 h\u00ecnh c\u00f9ng m\u1ed9t s\u1ed1 chi ti\u1ebft m\u1ea1 v\u00e0ng. Shop c\u00f3 s\u1eb5n 4 chi\u1ebfc y h\u00ecnh v\u1edbi chi\u1ec1u d\u00e0i 17cm ho\u1eb7c c\u00e1c b\u1ea1n c\u00f3 th\u1ec3 li\u00ean h\u1ec7 v\u1edbi shop \u0111\u1ec3 \u0111\u01b0\u1ee3c t\u01b0 v\u1ea5n size tr\u01b0\u1edbc khi mua h\u00e0ng. P.s: \u0110\u1ec3 \u0111\u01b0\u1ee3c shop ph\u1ea3n h\u1ed3i nhanh nh\u1ea5t, c\u00e1c b\u1ea1n vui l\u00f2ng b\u1ea5m v\u00e0o n\u00fat \u201cnh\u1eafn tin qua instagram\u201d \u1edf d\u01b0\u1edbi ch\u1eef \u201cmua ngay\u201d nh\u00e9.<\/p>\n","protected":false},"featured_media":25946,"comment_status":"open","ping_status":"closed","template":"","meta":[],"product_brand":[],"product_cat":[284],"product_tag":[489,339,338],"class_list":{"0":"post-26005","1":"product","2":"type-product","3":"status-publish","4":"has-post-thumbnail","6":"product_cat-vong-tay","7":"product_tag-chaymau","8":"product_tag-tourmaline","9":"product_tag-vongtay","10":"pa_color-da-sac","11":"pa_color-pink","12":"pa_loai-da-tourmaline","13":"pa_size-4-ly","14":"pa_size-hat-tron","15":"pa_style-charms","16":"pa_style-mixed","18":"first","19":"instock","20":"sale","21":"shipping-taxable","22":"purchasable","23":"product-type-simple"},"_links":{"self":[{"href":"https:\/\/www.erialshop.com\/index.php\/wp-json\/wp\/v2\/product\/26005","targetHints":{"allow":["GET"]}}],"collection":[{"href":"https:\/\/www.erialshop.com\/index.php\/wp-json\/wp\/v2\/product"}],"about":[{"href":"https:\/\/www.erialshop.com\/index.php\/wp-json\/wp\/v2\/types\/product"}],"replies":[{"embeddable":true,"href":"https:\/\/www.erialshop.com\/index.php\/wp-json\/wp\/v2\/comments?post=26005"}],"version-history":[{"count":4,"href":"https:\/\/www.erialshop.com\/index.php\/wp-json\/wp\/v2\/product\/26005\/revisions"}],"predecessor-version":[{"id":26385,"href":"https:\/\/www.erialshop.com\/index.php\/wp-json\/wp\/v2\/product\/26005\/revisions\/26385"}],"wp:featuredmedia":[{"embeddable":true,"href":"https:\/\/www.erialshop.com\/index.php\/wp-json\/wp\/v2\/media\/25946"}],"wp:attachment":[{"href":"https:\/\/www.erialshop.com\/index.php\/wp-json\/wp\/v2\/media?parent=26005"}],"wp:term":[{"taxonomy":"product_brand","embeddable":true,"href":"https:\/\/www.erialshop.com\/index.php\/wp-json\/wp\/v2\/product_brand?post=26005"},{"taxonomy":"product_cat","embeddable":true,"href":"https:\/\/www.erialshop.com\/index.php\/wp-json\/wp\/v2\/product_cat?post=26005"},{"taxonomy":"product_tag","embeddable":true,"href":"https:\/\/www.erialshop.com\/index.php\/wp-json\/wp\/v2\/product_tag?post=26005"}],"curies":[{"name":"wp","href":"https:\/\/api.w.org\/{rel}","templated":true}]}}