{"id":25997,"date":"2025-04-17T18:50:12","date_gmt":"2025-04-17T11:50:12","guid":{"rendered":"https:\/\/erialshop.com\/?post_type=product&#038;p=25997"},"modified":"2025-05-20T09:21:13","modified_gmt":"2025-05-20T02:21:13","slug":"lapiz-3ly-2-mau-charm","status":"publish","type":"product","link":"https:\/\/www.erialshop.com\/index.php\/product\/lapiz-3ly-2-mau-charm\/","title":{"rendered":"Lapiz 3ly &#8211; 2 m\u1eabu Charm"},"content":{"rendered":"<p><strong>M\u1eabu 1 ( h\u00ecnh 1-3): V\u00f2ng tay \u0111\u00e1 lapiz xanh d\u01b0\u01a1ng h\u1ea1t c\u1eaft gi\u00e1c size 3.8mm mix charm \u0111\u00e1m m\u00e2y c\u00f9ng m\u1ed9t s\u1ed1 chi ti\u1ebft m\u1ea1 v\u00e0ng. <\/strong>C\u00f3 s\u1eb5n chi\u1ebfc nh\u01b0 h\u00ecnh d\u00e0i 16.2cm, k\u00edch th\u01b0\u1edbc charm m\u00e2y : 12 x 8 x 3.5mm.<\/p>\n<p><strong>M\u1eabu 2( h\u00ecnh 2-4): V\u00f2ng tay v\u1edbi \u0111\u00e1 lapiz m\u00e0u xanh d\u01b0\u01a1ng pha x\u00e1m h\u1ea1t b\u00e1nh xe size 3x4ly mix charm tr\u1ed1ng ( 0.65 x 1.25cm) c\u00f9ng m\u1ed9t s\u1ed1 chi ti\u1ebft m\u1ea1 v\u00e0ng. <\/strong>C\u00f3 s\u1eb5n chi\u1ebfc nh\u01b0 h\u00ecnh d\u00e0i 16cm ho\u1eb7c c\u00e1c b\u1ea1n c\u00f3 th\u1ec3 li\u00ean h\u1ec7 v\u1edbi shop \u0111\u1ec3 \u0111\u01b0\u1ee3c t\u01b0 v\u1ea5n k\u0129 tr\u01b0\u1edbc khi mua.<\/p>\n<p class=\"p1\"><b>P.s: \u0110\u1ec3 \u0111\u01b0\u1ee3c shop ph\u1ea3n h\u1ed3i nhanh nh\u1ea5t, c\u00e1c b\u1ea1n vui l\u00f2ng b\u1ea5m v\u00e0o n\u00fat \u201cnh\u1eafn tin qua instagram\u201d \u1edf d\u01b0\u1edbi ch\u1eef \u201cmua ngay\u201d nh\u00e9.<\/b><\/p>\n","protected":false},"excerpt":{"rendered":"<p>M\u1eabu 1 ( h\u00ecnh 1-3): V\u00f2ng tay \u0111\u00e1 lapiz xanh d\u01b0\u01a1ng h\u1ea1t c\u1eaft gi\u00e1c size 3.8mm mix charm \u0111\u00e1m m\u00e2y c\u00f9ng m\u1ed9t s\u1ed1 chi ti\u1ebft m\u1ea1 v\u00e0ng. C\u00f3 s\u1eb5n chi\u1ebfc nh\u01b0 h\u00ecnh d\u00e0i 16.2cm, k\u00edch th\u01b0\u1edbc charm m\u00e2y : 12 x 8 x 3.5mm. M\u1eabu 2( h\u00ecnh 2-4): V\u00f2ng tay v\u1edbi \u0111\u00e1 lapiz m\u00e0u xanh d\u01b0\u01a1ng pha x\u00e1m h\u1ea1t b\u00e1nh xe size 3x4ly mix charm tr\u1ed1ng ( 0.65 x 1.25cm) c\u00f9ng m\u1ed9t s\u1ed1 chi ti\u1ebft m\u1ea1 v\u00e0ng. C\u00f3 s\u1eb5n chi\u1ebfc nh\u01b0 h\u00ecnh d\u00e0i 16cm ho\u1eb7c c\u00e1c b\u1ea1n c\u00f3 th\u1ec3 li\u00ean h\u1ec7 v\u1edbi shop \u0111\u1ec3 \u0111\u01b0\u1ee3c t\u01b0 v\u1ea5n k\u0129 tr\u01b0\u1edbc khi mua. P.s: \u0110\u1ec3 \u0111\u01b0\u1ee3c shop ph\u1ea3n h\u1ed3i nhanh nh\u1ea5t, c\u00e1c b\u1ea1n vui l\u00f2ng b\u1ea5m v\u00e0o n\u00fat \u201cnh\u1eafn tin qua instagram\u201d \u1edf d\u01b0\u1edbi ch\u1eef \u201cmua ngay\u201d nh\u00e9.<\/p>\n","protected":false},"featured_media":25963,"comment_status":"open","ping_status":"closed","template":"","meta":[],"product_brand":[],"product_cat":[284],"product_tag":[339,338,435],"class_list":{"0":"post-25997","1":"product","2":"type-product","3":"status-publish","4":"has-post-thumbnail","6":"product_cat-vong-tay","7":"product_tag-tourmaline","8":"product_tag-vongtay","9":"product_tag-vun","10":"pa_color-blue","11":"pa_fate-moc","12":"pa_fate-thuy","13":"pa_loai-da-lapiz","14":"pa_size-4-ly","15":"pa_style-charms","16":"pa_style-tron","18":"first","19":"instock","20":"sale","21":"shipping-taxable","22":"purchasable","23":"product-type-simple"},"_links":{"self":[{"href":"https:\/\/www.erialshop.com\/index.php\/wp-json\/wp\/v2\/product\/25997","targetHints":{"allow":["GET"]}}],"collection":[{"href":"https:\/\/www.erialshop.com\/index.php\/wp-json\/wp\/v2\/product"}],"about":[{"href":"https:\/\/www.erialshop.com\/index.php\/wp-json\/wp\/v2\/types\/product"}],"replies":[{"embeddable":true,"href":"https:\/\/www.erialshop.com\/index.php\/wp-json\/wp\/v2\/comments?post=25997"}],"version-history":[{"count":4,"href":"https:\/\/www.erialshop.com\/index.php\/wp-json\/wp\/v2\/product\/25997\/revisions"}],"predecessor-version":[{"id":26386,"href":"https:\/\/www.erialshop.com\/index.php\/wp-json\/wp\/v2\/product\/25997\/revisions\/26386"}],"wp:featuredmedia":[{"embeddable":true,"href":"https:\/\/www.erialshop.com\/index.php\/wp-json\/wp\/v2\/media\/25963"}],"wp:attachment":[{"href":"https:\/\/www.erialshop.com\/index.php\/wp-json\/wp\/v2\/media?parent=25997"}],"wp:term":[{"taxonomy":"product_brand","embeddable":true,"href":"https:\/\/www.erialshop.com\/index.php\/wp-json\/wp\/v2\/product_brand?post=25997"},{"taxonomy":"product_cat","embeddable":true,"href":"https:\/\/www.erialshop.com\/index.php\/wp-json\/wp\/v2\/product_cat?post=25997"},{"taxonomy":"product_tag","embeddable":true,"href":"https:\/\/www.erialshop.com\/index.php\/wp-json\/wp\/v2\/product_tag?post=25997"}],"curies":[{"name":"wp","href":"https:\/\/api.w.org\/{rel}","templated":true}]}}