{"id":25854,"date":"2025-03-03T21:15:19","date_gmt":"2025-03-03T14:15:19","guid":{"rendered":"https:\/\/erialshop.com\/?post_type=product&#038;p=25854"},"modified":"2025-01-23T18:46:39","modified_gmt":"2025-01-23T11:46:39","slug":"cam-thach-ga-den-vong-ban","status":"publish","type":"product","link":"https:\/\/www.erialshop.com\/index.php\/product\/cam-thach-ga-den-vong-ban\/","title":{"rendered":"C\u1ea9m th\u1ea1ch g\u00e0 \u0111en &#8211; V\u00f2ng B\u1ea3n"},"content":{"rendered":"<p><strong>V\u00f2ng b\u1ea3n h\u1eb9 &#8211; h\u00ecnh oval ( qu\u00fd phi) \u0111\u00e1 c\u1ea9m th\u1ea1ch g\u00e0 \u0111en nh\u01b0 h\u00ecnh m\u00e0u \u0111\u00e1 xanh r\u1ea5t nh\u1eb9, c\u00f3 nhi\u1ec1u v\u1ec7t \u0111en ng\u1eabu nhi\u00ean. <\/strong><strong>K\u00edch th\u01b0\u1edbc:<\/strong> Ni49 (\u0110\u01b0\u1eddng k\u00ednh trong 51mm)<\/p>\n<p>\u0110\u00f4 cao c\u1ee7a v\u00f2ng b\u1ea3n: 12.2mm, \u0111\u1ed9 d\u00e0y: 6.6mm. C\u00e1c b\u1ea1n c\u00f3 th\u1ec3 li\u00ean h\u1ec7 tr\u01b0\u1edbc v\u1edbi shop \u0111\u1ec3 \u0111\u01b0\u1ee3c t\u01b0 v\u1ea5n k\u0129 l\u01b0\u1ee1ng tr\u01b0\u1edbc khi \u0111\u1eb7t mua.<\/p>\n<p><strong>P.s: \u0110\u1ec3 \u0111\u01b0\u1ee3c shop ph\u1ea3n h\u1ed3i nhanh nh\u1ea5t, c\u00e1c b\u1ea1n vui l\u00f2ng b\u1ea5m v\u00e0o n\u00fat \u201cnh\u1eafn tin qua instagram\u201d \u1edf d\u01b0\u1edbi ch\u1eef \u201cmua ngay\u201d nh\u00e9.<\/strong><\/p>\n","protected":false},"excerpt":{"rendered":"<p>V\u00f2ng b\u1ea3n h\u1eb9 &#8211; h\u00ecnh oval ( qu\u00fd phi) \u0111\u00e1 c\u1ea9m th\u1ea1ch g\u00e0 \u0111en nh\u01b0 h\u00ecnh m\u00e0u \u0111\u00e1 xanh r\u1ea5t nh\u1eb9, c\u00f3 nhi\u1ec1u v\u1ec7t \u0111en ng\u1eabu nhi\u00ean. K\u00edch th\u01b0\u1edbc: Ni49 (\u0110\u01b0\u1eddng k\u00ednh trong 51mm) \u0110\u00f4 cao c\u1ee7a v\u00f2ng b\u1ea3n: 12.2mm, \u0111\u1ed9 d\u00e0y: 6.6mm. C\u00e1c b\u1ea1n c\u00f3 th\u1ec3 li\u00ean h\u1ec7 tr\u01b0\u1edbc v\u1edbi shop \u0111\u1ec3 \u0111\u01b0\u1ee3c t\u01b0 v\u1ea5n k\u0129 l\u01b0\u1ee1ng tr\u01b0\u1edbc khi \u0111\u1eb7t mua. P.s: \u0110\u1ec3 \u0111\u01b0\u1ee3c shop ph\u1ea3n h\u1ed3i nhanh nh\u1ea5t, c\u00e1c b\u1ea1n vui l\u00f2ng b\u1ea5m v\u00e0o n\u00fat \u201cnh\u1eafn tin qua instagram\u201d \u1edf d\u01b0\u1edbi ch\u1eef \u201cmua ngay\u201d nh\u00e9.<\/p>\n","protected":false},"featured_media":25925,"comment_status":"open","ping_status":"closed","template":"","meta":[],"product_brand":[],"product_cat":[284,287],"product_tag":[394,424,468,405,339,359],"class_list":{"0":"post-25854","1":"product","2":"type-product","3":"status-publish","4":"has-post-thumbnail","6":"product_cat-vong-tay","7":"product_cat-da","8":"product_tag-candytourmaline","9":"product_tag-ngoctrai","10":"product_tag-pearl","11":"product_tag-tourkeo","12":"product_tag-tourmaline","13":"product_tag-vongco","14":"pa_color-blue","15":"pa_color-white","16":"pa_fate-moc","17":"pa_fate-thuy","18":"pa_loai-da-ngoc","19":"pa_size-vong-ban","21":"first","22":"instock","23":"sale","24":"shipping-taxable","25":"purchasable","26":"product-type-simple"},"_links":{"self":[{"href":"https:\/\/www.erialshop.com\/index.php\/wp-json\/wp\/v2\/product\/25854","targetHints":{"allow":["GET"]}}],"collection":[{"href":"https:\/\/www.erialshop.com\/index.php\/wp-json\/wp\/v2\/product"}],"about":[{"href":"https:\/\/www.erialshop.com\/index.php\/wp-json\/wp\/v2\/types\/product"}],"replies":[{"embeddable":true,"href":"https:\/\/www.erialshop.com\/index.php\/wp-json\/wp\/v2\/comments?post=25854"}],"version-history":[{"count":2,"href":"https:\/\/www.erialshop.com\/index.php\/wp-json\/wp\/v2\/product\/25854\/revisions"}],"predecessor-version":[{"id":25993,"href":"https:\/\/www.erialshop.com\/index.php\/wp-json\/wp\/v2\/product\/25854\/revisions\/25993"}],"wp:featuredmedia":[{"embeddable":true,"href":"https:\/\/www.erialshop.com\/index.php\/wp-json\/wp\/v2\/media\/25925"}],"wp:attachment":[{"href":"https:\/\/www.erialshop.com\/index.php\/wp-json\/wp\/v2\/media?parent=25854"}],"wp:term":[{"taxonomy":"product_brand","embeddable":true,"href":"https:\/\/www.erialshop.com\/index.php\/wp-json\/wp\/v2\/product_brand?post=25854"},{"taxonomy":"product_cat","embeddable":true,"href":"https:\/\/www.erialshop.com\/index.php\/wp-json\/wp\/v2\/product_cat?post=25854"},{"taxonomy":"product_tag","embeddable":true,"href":"https:\/\/www.erialshop.com\/index.php\/wp-json\/wp\/v2\/product_tag?post=25854"}],"curies":[{"name":"wp","href":"https:\/\/api.w.org\/{rel}","templated":true}]}}