{"id":25852,"date":"2025-02-06T21:11:06","date_gmt":"2025-02-06T14:11:06","guid":{"rendered":"https:\/\/erialshop.com\/?post_type=product&#038;p=25852"},"modified":"2026-02-22T19:57:21","modified_gmt":"2026-02-22T12:57:21","slug":"co-peridot-amethyst-rose","status":"publish","type":"product","link":"https:\/\/www.erialshop.com\/index.php\/product\/co-peridot-amethyst-rose\/","title":{"rendered":"C\u1ed5 &#8211; Peridot\/Amethyst\/Rose"},"content":{"rendered":"<p><strong>V\u00f2ng c\u1ed5 kho\u00e1 d\u00e2y r\u00fat g\u1ed3m 3 m\u1eabu v\u1edbi \u0111\u00e1 peridot\/amethyst\/r\u00f3se d\u1ea1ng v\u1ee5n ( v\u1ee5n l\u1edbn 5-6ly, v\u1ee5n nh\u1ecf 3-4ly) mix ng\u1ecdc trai tr\u1eafng c\u00f9ng c\u00e1c chi ti\u1ebft m\u1ea1 v\u00e0ng.\u00a0<\/strong><\/p>\n<p><strong>M\u00f4 t\u1ea3 v\u1ec1 kho\u00e1 d\u00e2y r\u00fat:<\/strong> Lo\u1ea1i kho\u00e1 n\u00e0y c\u00e1c b\u1ea1n s\u1ebd \u0111\u01b0a qua \u0111\u1ea7u r\u1ed3i \u0111eo v\u00e0o c\u1ed5 xong sau \u0111\u00f3 r\u00fat l\u1ea1i theo chi\u1ec1u d\u00e0i mong mu\u1ed1n. Khi \u0111eo s\u1ebd c\u00f3 2 d\u00e2y t\u00f2ng teng nh\u01b0 h\u00ecnh, b\u1ea1n c\u00f3 th\u1ec3 \u0111\u1eb7t ra sau ho\u1eb7c tr\u01b0\u1edbc ng\u01b0\u1ee3c t\u1ea1i \u0111\u01b0\u1ee3c 2 ki\u1ec3u nh\u00e9<\/p>\n<p>M1 : periot: ph\u1ea7n \u0111\u00e1 d\u00e0i 38cm + d\u00e2y r\u00fat m\u1ed7i b\u00ean d\u00e0i 10cm ho\u1eb7c c\u00e1c b\u1ea1n c\u00f3 th\u1ec3 li\u00ean h\u1ec7 v\u1edbi shop \u0111\u1ec3 \u0111\u01b0\u1ee3c t\u01b0 v\u1ea5n k\u0129 tr\u01b0\u1edbc khi mua.<\/p>\n<p>M2: amethyst: ph\u1ea7n \u0111\u00e1 d\u00e0i 30cm + d\u00e2y r\u00fat m\u1ed7i b\u00ean d\u00e0i 10cm ho\u1eb7c c\u00e1c b\u1ea1n c\u00f3 th\u1ec3 li\u00ean h\u1ec7 v\u1edbi shop \u0111\u1ec3 \u0111\u01b0\u1ee3c t\u01b0 v\u1ea5n k\u0129 tr\u01b0\u1edbc khi mua.<\/p>\n<p>M3 : rose: ph\u1ea7n \u0111\u00e1 d\u00e0i 36cm + d\u00e2y r\u00fat m\u1ed7i b\u00ean d\u00e0i 10cm ho\u1eb7c c\u00e1c b\u1ea1n c\u00f3 th\u1ec3 li\u00ean h\u1ec7 v\u1edbi shop \u0111\u1ec3 \u0111\u01b0\u1ee3c t\u01b0 v\u1ea5n k\u0129 tr\u01b0\u1edbc khi mua.<\/p>\n<p class=\"p1\"><b>P.s: \u0110\u1ec3 \u0111\u01b0\u1ee3c shop ph\u1ea3n h\u1ed3i nhanh nh\u1ea5t, c\u00e1c b\u1ea1n vui l\u00f2ng b\u1ea5m v\u00e0o n\u00fat \u201cnh\u1eafn tin qua instagram\u201d \u1edf d\u01b0\u1edbi ch\u1eef \u201cmua ngay\u201d nh\u00e9.<\/b><\/p>\n","protected":false},"excerpt":{"rendered":"<p>V\u00f2ng c\u1ed5 kho\u00e1 d\u00e2y r\u00fat g\u1ed3m 3 m\u1eabu v\u1edbi \u0111\u00e1 peridot\/amethyst\/r\u00f3se d\u1ea1ng v\u1ee5n ( v\u1ee5n l\u1edbn 5-6ly, v\u1ee5n nh\u1ecf 3-4ly) mix ng\u1ecdc trai tr\u1eafng c\u00f9ng c\u00e1c chi ti\u1ebft m\u1ea1 v\u00e0ng.\u00a0 M\u00f4 t\u1ea3 v\u1ec1 kho\u00e1 d\u00e2y r\u00fat: Lo\u1ea1i kho\u00e1 n\u00e0y c\u00e1c b\u1ea1n s\u1ebd \u0111\u01b0a qua \u0111\u1ea7u r\u1ed3i \u0111eo v\u00e0o c\u1ed5 xong sau \u0111\u00f3 r\u00fat l\u1ea1i theo chi\u1ec1u d\u00e0i mong mu\u1ed1n. Khi \u0111eo s\u1ebd c\u00f3 2 d\u00e2y t\u00f2ng teng nh\u01b0 h\u00ecnh, b\u1ea1n c\u00f3 th\u1ec3 \u0111\u1eb7t ra sau ho\u1eb7c tr\u01b0\u1edbc ng\u01b0\u1ee3c t\u1ea1i \u0111\u01b0\u1ee3c 2 ki\u1ec3u nh\u00e9 M1 : periot: ph\u1ea7n \u0111\u00e1 d\u00e0i 38cm + d\u00e2y r\u00fat m\u1ed7i b\u00ean d\u00e0i 10cm ho\u1eb7c c\u00e1c b\u1ea1n c\u00f3 th\u1ec3 li\u00ean h\u1ec7 v\u1edbi shop \u0111\u1ec3 \u0111\u01b0\u1ee3c t\u01b0 v\u1ea5n k\u0129 tr\u01b0\u1edbc khi mua. M2: amethyst: ph\u1ea7n \u0111\u00e1 d\u00e0i 30cm + d\u00e2y r\u00fat m\u1ed7i b\u00ean d\u00e0i 10cm ho\u1eb7c c\u00e1c b\u1ea1n c\u00f3 th\u1ec3 li\u00ean h\u1ec7 v\u1edbi shop \u0111\u1ec3 \u0111\u01b0\u1ee3c t\u01b0 v\u1ea5n k\u0129 tr\u01b0\u1edbc khi mua. M3 : rose: ph\u1ea7n \u0111\u00e1 d\u00e0i 36cm + d\u00e2y r\u00fat m\u1ed7i b\u00ean d\u00e0i 10cm ho\u1eb7c c\u00e1c b\u1ea1n c\u00f3 th\u1ec3 li\u00ean h\u1ec7 v\u1edbi shop \u0111\u1ec3 \u0111\u01b0\u1ee3c t\u01b0 v\u1ea5n k\u0129 tr\u01b0\u1edbc khi mua. P.s: \u0110\u1ec3 \u0111\u01b0\u1ee3c shop ph\u1ea3n h\u1ed3i nhanh nh\u1ea5t, c\u00e1c b\u1ea1n vui l\u00f2ng b\u1ea5m v\u00e0o n\u00fat \u201cnh\u1eafn tin qua instagram\u201d \u1edf d\u01b0\u1edbi ch\u1eef \u201cmua ngay\u201d nh\u00e9.<\/p>\n","protected":false},"featured_media":25796,"comment_status":"open","ping_status":"closed","template":"","meta":[],"product_brand":[],"product_cat":[285],"product_tag":[],"class_list":{"0":"post-25852","1":"product","2":"type-product","3":"status-publish","4":"has-post-thumbnail","6":"product_cat-vong-co","7":"pa_color-green","8":"pa_loai-da-peridot","9":"pa_loai-da-thach-anh","10":"pa_loai-da-thach-anh-tim","11":"pa_size-vun","12":"pa_size-5-ly","13":"pa_style-day-rut","15":"first","16":"instock","17":"sale","18":"sold-individually","19":"shipping-taxable","20":"purchasable","21":"product-type-simple"},"_links":{"self":[{"href":"https:\/\/www.erialshop.com\/index.php\/wp-json\/wp\/v2\/product\/25852","targetHints":{"allow":["GET"]}}],"collection":[{"href":"https:\/\/www.erialshop.com\/index.php\/wp-json\/wp\/v2\/product"}],"about":[{"href":"https:\/\/www.erialshop.com\/index.php\/wp-json\/wp\/v2\/types\/product"}],"replies":[{"embeddable":true,"href":"https:\/\/www.erialshop.com\/index.php\/wp-json\/wp\/v2\/comments?post=25852"}],"version-history":[{"count":4,"href":"https:\/\/www.erialshop.com\/index.php\/wp-json\/wp\/v2\/product\/25852\/revisions"}],"predecessor-version":[{"id":26857,"href":"https:\/\/www.erialshop.com\/index.php\/wp-json\/wp\/v2\/product\/25852\/revisions\/26857"}],"wp:featuredmedia":[{"embeddable":true,"href":"https:\/\/www.erialshop.com\/index.php\/wp-json\/wp\/v2\/media\/25796"}],"wp:attachment":[{"href":"https:\/\/www.erialshop.com\/index.php\/wp-json\/wp\/v2\/media?parent=25852"}],"wp:term":[{"taxonomy":"product_brand","embeddable":true,"href":"https:\/\/www.erialshop.com\/index.php\/wp-json\/wp\/v2\/product_brand?post=25852"},{"taxonomy":"product_cat","embeddable":true,"href":"https:\/\/www.erialshop.com\/index.php\/wp-json\/wp\/v2\/product_cat?post=25852"},{"taxonomy":"product_tag","embeddable":true,"href":"https:\/\/www.erialshop.com\/index.php\/wp-json\/wp\/v2\/product_tag?post=25852"}],"curies":[{"name":"wp","href":"https:\/\/api.w.org\/{rel}","templated":true}]}}