{"id":25827,"date":"2025-01-06T14:58:07","date_gmt":"2025-01-06T07:58:07","guid":{"rendered":"https:\/\/erialshop.com\/?post_type=product&#038;p=25827"},"modified":"2025-01-06T15:19:31","modified_gmt":"2025-01-06T08:19:31","slug":"garnet-do-mixed","status":"publish","type":"product","link":"https:\/\/www.erialshop.com\/index.php\/product\/garnet-do-mixed\/","title":{"rendered":"Garnet \u0111\u1ecf mixed"},"content":{"rendered":"<p><strong>V\u00f2ng tay \u0111\u00e1 garnet \u0111\u1ecf v\u1ee5n mix c\u00f9ng 1 \u0111o\u1ea1n x\u00edch v\u00e0 kho\u00e1 xi m\u1ea1 v\u00e0ng.<\/strong><\/p>\n<p>Shop c\u00f3 s\u1eb5n d\u00e2y y h\u00ecnh 17.3cm ( ph\u1ea7n \u0111\u00e1 3cm) ho\u1eb7c c\u00e1c b\u1ea1n c\u00f3 th\u1ec3 li\u00ean h\u1ec7 shop \u0111\u1ec3 \u0111\u01b0\u1ee3c t\u01b0 v\u1ea5n th\u00eam.<\/p>\n<p><b>P.s: \u0110\u1ec3 \u0111\u01b0\u1ee3c shop ph\u1ea3n h\u1ed3i nhanh nh\u1ea5t, c\u00e1c b\u1ea1n vui l\u00f2ng b\u1ea5m v\u00e0o n\u00fat \u201cnh\u1eafn tin qua instagram\u201d \u1edf d\u01b0\u1edbi ch\u1eef \u201cmua ngay\u201d nh\u00e9.<\/b><\/p>\n","protected":false},"excerpt":{"rendered":"<p>V\u00f2ng tay \u0111\u00e1 garnet \u0111\u1ecf v\u1ee5n mix c\u00f9ng 1 \u0111o\u1ea1n x\u00edch v\u00e0 kho\u00e1 xi m\u1ea1 v\u00e0ng. Shop c\u00f3 s\u1eb5n d\u00e2y y h\u00ecnh 17.3cm ( ph\u1ea7n \u0111\u00e1 3cm) ho\u1eb7c c\u00e1c b\u1ea1n c\u00f3 th\u1ec3 li\u00ean h\u1ec7 shop \u0111\u1ec3 \u0111\u01b0\u1ee3c t\u01b0 v\u1ea5n th\u00eam. P.s: \u0110\u1ec3 \u0111\u01b0\u1ee3c shop ph\u1ea3n h\u1ed3i nhanh nh\u1ea5t, c\u00e1c b\u1ea1n vui l\u00f2ng b\u1ea5m v\u00e0o n\u00fat \u201cnh\u1eafn tin qua instagram\u201d \u1edf d\u01b0\u1edbi ch\u1eef \u201cmua ngay\u201d nh\u00e9.<\/p>\n","protected":false},"featured_media":25745,"comment_status":"open","ping_status":"closed","template":"","meta":[],"product_brand":[],"product_cat":[284],"product_tag":[349,348,424,338],"class_list":{"0":"post-25827","1":"product","2":"type-product","3":"status-publish","4":"has-post-thumbnail","6":"product_cat-vong-tay","7":"product_tag-damattrang","8":"product_tag-moonstone","9":"product_tag-ngoctrai","10":"product_tag-vongtay","11":"pa_color-plum","12":"pa_fate-hoa","13":"pa_fate-tho","14":"pa_loai-da-garnet","15":"pa_size-vun","16":"pa_style-mixed","18":"first","19":"instock","20":"sale","21":"shipping-taxable","22":"purchasable","23":"product-type-simple"},"_links":{"self":[{"href":"https:\/\/www.erialshop.com\/index.php\/wp-json\/wp\/v2\/product\/25827","targetHints":{"allow":["GET"]}}],"collection":[{"href":"https:\/\/www.erialshop.com\/index.php\/wp-json\/wp\/v2\/product"}],"about":[{"href":"https:\/\/www.erialshop.com\/index.php\/wp-json\/wp\/v2\/types\/product"}],"replies":[{"embeddable":true,"href":"https:\/\/www.erialshop.com\/index.php\/wp-json\/wp\/v2\/comments?post=25827"}],"version-history":[{"count":1,"href":"https:\/\/www.erialshop.com\/index.php\/wp-json\/wp\/v2\/product\/25827\/revisions"}],"predecessor-version":[{"id":25833,"href":"https:\/\/www.erialshop.com\/index.php\/wp-json\/wp\/v2\/product\/25827\/revisions\/25833"}],"wp:featuredmedia":[{"embeddable":true,"href":"https:\/\/www.erialshop.com\/index.php\/wp-json\/wp\/v2\/media\/25745"}],"wp:attachment":[{"href":"https:\/\/www.erialshop.com\/index.php\/wp-json\/wp\/v2\/media?parent=25827"}],"wp:term":[{"taxonomy":"product_brand","embeddable":true,"href":"https:\/\/www.erialshop.com\/index.php\/wp-json\/wp\/v2\/product_brand?post=25827"},{"taxonomy":"product_cat","embeddable":true,"href":"https:\/\/www.erialshop.com\/index.php\/wp-json\/wp\/v2\/product_cat?post=25827"},{"taxonomy":"product_tag","embeddable":true,"href":"https:\/\/www.erialshop.com\/index.php\/wp-json\/wp\/v2\/product_tag?post=25827"}],"curies":[{"name":"wp","href":"https:\/\/api.w.org\/{rel}","templated":true}]}}