{"id":25782,"date":"2025-02-17T19:41:03","date_gmt":"2025-02-17T12:41:03","guid":{"rendered":"https:\/\/erialshop.com\/?post_type=product&#038;p=25782"},"modified":"2025-02-18T06:29:09","modified_gmt":"2025-02-17T23:29:09","slug":"blue-bees-mixed","status":"publish","type":"product","link":"https:\/\/www.erialshop.com\/index.php\/product\/blue-bees-mixed\/","title":{"rendered":"Blue bees &#8211; Mixed"},"content":{"rendered":"<p><strong>V\u00f2ng tay kho\u00e1 d\u00e2y r\u00fat tr\u1ed9n nhi\u1ec1u lo\u1ea1i \u0111\u00e1 nh\u01b0 sau: v\u1ee5n tourmaline xanh d\u01b0\u01a1ng, amazonite h\u1ea1t c\u1eaft gi\u00e1c 3.5ly, tr\u1ee5 d\u00e0i aquamarine c\u00f9ng ng\u1ecdc trai th\u1eadt m\u00e0u tr\u1eafng 7ly c\u00f9ng bi m\u1ea1 v\u00e0ng.<\/strong><\/p>\n<p><strong>M\u00f4 t\u1ea3 v\u1ec1 kho\u00e1 d\u00e2y r\u00fat:<\/strong> Lo\u1ea1i kho\u00e1 n\u00e0y c\u00e1c b\u1ea1n s\u1ebd \u0111\u01b0a qua b\u00e0n tay \u0111\u1ec3 cho v\u00e0o c\u1ed5 tay xong sau \u0111\u00f3 r\u00fat l\u1ea1i theo chi\u1ec1u d\u00e0i mong mu\u1ed1n. Khi \u0111eo s\u1ebd c\u00f3 2 d\u00e2y t\u00f2ng teng nh\u01b0 h\u00ecnh, n\u00ean c\u00e1c b\u1ea1n n\u00e0o th\u01b0\u1eddng s\u1eed d\u1ee5ng tay nhi\u1ec1u c\u00f3 th\u1ec3 tham kh\u1ea3o th\u00eam m\u1eabu kh\u00e1c b\u00ean m\u00ecnh nh\u00e9.<\/p>\n<p>Shop c\u00f2n chi\u1ebfc h\u00ecnh 2 &#8211; Size: l\u00f2ng b\u00e0n tay b\u1ec1 r\u1ed9ng nh\u1ecf h\u01a1n 9,5cm l\u00e0 \u0111eo v\u1eeba ho\u1eb7c c\u00e1c b\u1ea1n c\u00f3 th\u1ec3 li\u00ean h\u1ec7 v\u1edbi shop \u0111\u1ec3 \u0111\u01b0\u1ee3c t\u01b0 v\u1ea5n k\u0129 tr\u01b0\u1edbc khi mua.<\/p>\n<p class=\"p1\"><b>P.s: \u0110\u1ec3 \u0111\u01b0\u1ee3c shop ph\u1ea3n h\u1ed3i nhanh nh\u1ea5t, c\u00e1c b\u1ea1n vui l\u00f2ng b\u1ea5m v\u00e0o n\u00fat \u201cnh\u1eafn tin qua instagram\u201d \u1edf d\u01b0\u1edbi ch\u1eef \u201cmua ngay\u201d nh\u00e9.<\/b><\/p>\n","protected":false},"excerpt":{"rendered":"<p>V\u00f2ng tay kho\u00e1 d\u00e2y r\u00fat tr\u1ed9n nhi\u1ec1u lo\u1ea1i \u0111\u00e1 nh\u01b0 sau: v\u1ee5n tourmaline xanh d\u01b0\u01a1ng, amazonite h\u1ea1t c\u1eaft gi\u00e1c 3.5ly, tr\u1ee5 d\u00e0i aquamarine c\u00f9ng ng\u1ecdc trai th\u1eadt m\u00e0u tr\u1eafng 7ly c\u00f9ng bi m\u1ea1 v\u00e0ng. M\u00f4 t\u1ea3 v\u1ec1 kho\u00e1 d\u00e2y r\u00fat: Lo\u1ea1i kho\u00e1 n\u00e0y c\u00e1c b\u1ea1n s\u1ebd \u0111\u01b0a qua b\u00e0n tay \u0111\u1ec3 cho v\u00e0o c\u1ed5 tay xong sau \u0111\u00f3 r\u00fat l\u1ea1i theo chi\u1ec1u d\u00e0i mong mu\u1ed1n. Khi \u0111eo s\u1ebd c\u00f3 2 d\u00e2y t\u00f2ng teng nh\u01b0 h\u00ecnh, n\u00ean c\u00e1c b\u1ea1n n\u00e0o th\u01b0\u1eddng s\u1eed d\u1ee5ng tay nhi\u1ec1u c\u00f3 th\u1ec3 tham kh\u1ea3o th\u00eam m\u1eabu kh\u00e1c b\u00ean m\u00ecnh nh\u00e9. Shop c\u00f2n chi\u1ebfc h\u00ecnh 2 &#8211; Size: l\u00f2ng b\u00e0n tay b\u1ec1 r\u1ed9ng nh\u1ecf h\u01a1n 9,5cm l\u00e0 \u0111eo v\u1eeba ho\u1eb7c c\u00e1c b\u1ea1n c\u00f3 th\u1ec3 li\u00ean h\u1ec7 v\u1edbi shop \u0111\u1ec3 \u0111\u01b0\u1ee3c t\u01b0 v\u1ea5n k\u0129 tr\u01b0\u1edbc khi mua. P.s: \u0110\u1ec3 \u0111\u01b0\u1ee3c shop ph\u1ea3n h\u1ed3i nhanh nh\u1ea5t, c\u00e1c b\u1ea1n vui l\u00f2ng b\u1ea5m v\u00e0o n\u00fat \u201cnh\u1eafn tin qua instagram\u201d \u1edf d\u01b0\u1edbi ch\u1eef \u201cmua ngay\u201d nh\u00e9.<\/p>\n","protected":false},"featured_media":25804,"comment_status":"open","ping_status":"closed","template":"","meta":[],"product_brand":[],"product_cat":[284],"product_tag":[349,348,424,338],"class_list":{"0":"post-25782","1":"product","2":"type-product","3":"status-publish","4":"has-post-thumbnail","6":"product_cat-vong-tay","7":"product_tag-damattrang","8":"product_tag-moonstone","9":"product_tag-ngoctrai","10":"product_tag-vongtay","11":"pa_color-blue","12":"pa_fate-moc","13":"pa_fate-thuy","14":"pa_loai-da-tourmaline","15":"pa_loai-da-amazonite","16":"pa_loai-da-aquamarine","17":"pa_loai-da-ngoc-trai","18":"pa_size-vun","19":"pa_size-4-ly","20":"pa_style-day-rut","21":"pa_style-dieu-da","23":"first","24":"instock","25":"sale","26":"shipping-taxable","27":"purchasable","28":"product-type-simple"},"_links":{"self":[{"href":"https:\/\/www.erialshop.com\/index.php\/wp-json\/wp\/v2\/product\/25782","targetHints":{"allow":["GET"]}}],"collection":[{"href":"https:\/\/www.erialshop.com\/index.php\/wp-json\/wp\/v2\/product"}],"about":[{"href":"https:\/\/www.erialshop.com\/index.php\/wp-json\/wp\/v2\/types\/product"}],"replies":[{"embeddable":true,"href":"https:\/\/www.erialshop.com\/index.php\/wp-json\/wp\/v2\/comments?post=25782"}],"version-history":[{"count":2,"href":"https:\/\/www.erialshop.com\/index.php\/wp-json\/wp\/v2\/product\/25782\/revisions"}],"predecessor-version":[{"id":26089,"href":"https:\/\/www.erialshop.com\/index.php\/wp-json\/wp\/v2\/product\/25782\/revisions\/26089"}],"wp:featuredmedia":[{"embeddable":true,"href":"https:\/\/www.erialshop.com\/index.php\/wp-json\/wp\/v2\/media\/25804"}],"wp:attachment":[{"href":"https:\/\/www.erialshop.com\/index.php\/wp-json\/wp\/v2\/media?parent=25782"}],"wp:term":[{"taxonomy":"product_brand","embeddable":true,"href":"https:\/\/www.erialshop.com\/index.php\/wp-json\/wp\/v2\/product_brand?post=25782"},{"taxonomy":"product_cat","embeddable":true,"href":"https:\/\/www.erialshop.com\/index.php\/wp-json\/wp\/v2\/product_cat?post=25782"},{"taxonomy":"product_tag","embeddable":true,"href":"https:\/\/www.erialshop.com\/index.php\/wp-json\/wp\/v2\/product_tag?post=25782"}],"curies":[{"name":"wp","href":"https:\/\/api.w.org\/{rel}","templated":true}]}}