{"id":25758,"date":"2025-02-24T17:57:46","date_gmt":"2025-02-24T10:57:46","guid":{"rendered":"https:\/\/erialshop.com\/?post_type=product&#038;p=25758"},"modified":"2026-02-19T22:37:36","modified_gmt":"2026-02-19T15:37:36","slug":"thach-anh-trang-donut","status":"publish","type":"product","link":"https:\/\/www.erialshop.com\/index.php\/product\/thach-anh-trang-donut\/","title":{"rendered":"Th\u1ea1ch anh tr\u1eafng &#8211; Donut"},"content":{"rendered":"<p class=\"p1\"><strong>V\u00f2ng tay d\u00e2y v\u1edbi \u0111\u00e1 th\u1ea1ch anh tr\u1eafng ( clear &#8211; trong v\u1eaft) h\u1ea1t tr\u00f2n 8,8ly ph\u1ed1i 1 vi\u00ean th\u1ea1ch anh h\u1ed3ng 8.8ly, 1 vi\u00ean sunstone 6ly, charm h\u00ecnh donut m\u00e0u h\u1ed3ng t\u00f2ng teng c\u00f9ng c\u00f9ng m\u1ed9t s\u1ed1 chi ti\u1ebft m\u1ea1 v\u00e0ng, b\u1ea1c, v\u00e0ng h\u1ed3ng.\u00a0<\/strong><\/p>\n<p>Shop c\u00f3 s\u1eb5n chi\u1ebfc y h\u00ecnh d\u00e0i 17.5cm ho\u1eb7c c\u00e1c b\u1ea1n c\u00f3 th\u1ec3 li\u00ean h\u1ec7 v\u1edbi shop tr\u01b0\u1edbc khi \u0111\u1eb7t mua.<\/p>\n<p><strong>P.s: \u0110\u1ec3 \u0111\u01b0\u1ee3c shop ph\u1ea3n h\u1ed3i nhanh nh\u1ea5t<\/strong><strong style=\"letter-spacing: 0px\">, c\u00e1c b\u1ea1n vui l\u00f2ng b\u1ea5m v\u00e0o n\u00fat &#8220;nh\u1eafn tin qua instagram&#8221; \u1edf d\u01b0\u1edbi ch\u1eef &#8220;mua ngay&#8221; nh\u00e9.\u00a0<\/strong><\/p>\n","protected":false},"excerpt":{"rendered":"<p>V\u00f2ng tay d\u00e2y v\u1edbi \u0111\u00e1 th\u1ea1ch anh tr\u1eafng ( clear &#8211; trong v\u1eaft) h\u1ea1t tr\u00f2n 8,8ly ph\u1ed1i 1 vi\u00ean th\u1ea1ch anh h\u1ed3ng 8.8ly, 1 vi\u00ean sunstone 6ly, charm h\u00ecnh donut m\u00e0u h\u1ed3ng t\u00f2ng teng c\u00f9ng c\u00f9ng m\u1ed9t s\u1ed1 chi ti\u1ebft m\u1ea1 v\u00e0ng, b\u1ea1c, v\u00e0ng h\u1ed3ng.\u00a0 Shop c\u00f3 s\u1eb5n chi\u1ebfc y h\u00ecnh d\u00e0i 17.5cm ho\u1eb7c c\u00e1c b\u1ea1n c\u00f3 th\u1ec3 li\u00ean h\u1ec7 v\u1edbi shop tr\u01b0\u1edbc khi \u0111\u1eb7t mua. P.s: \u0110\u1ec3 \u0111\u01b0\u1ee3c shop ph\u1ea3n h\u1ed3i nhanh nh\u1ea5t, c\u00e1c b\u1ea1n vui l\u00f2ng b\u1ea5m v\u00e0o n\u00fat &#8220;nh\u1eafn tin qua instagram&#8221; \u1edf d\u01b0\u1edbi ch\u1eef &#8220;mua ngay&#8221; nh\u00e9.\u00a0<\/p>\n","protected":false},"featured_media":25806,"comment_status":"open","ping_status":"closed","template":"","meta":[],"product_brand":[],"product_cat":[284],"product_tag":[461,398,338],"class_list":{"0":"post-25758","1":"product","2":"type-product","3":"status-publish","4":"has-post-thumbnail","6":"product_cat-vong-tay","7":"product_tag-candy-tourmaline","8":"product_tag-herkimer","9":"product_tag-vongtay","10":"pa_color-pink","11":"pa_color-white","12":"pa_fate-tho","13":"pa_loai-da-thach-anh","14":"pa_loai-da-thach-anh-trang","15":"pa_size-9ly","16":"pa_size-hat-tron","17":"pa_style-charms","18":"pa_style-dieu-da","20":"first","21":"instock","22":"sale","23":"featured","24":"shipping-taxable","25":"purchasable","26":"product-type-simple"},"_links":{"self":[{"href":"https:\/\/www.erialshop.com\/index.php\/wp-json\/wp\/v2\/product\/25758","targetHints":{"allow":["GET"]}}],"collection":[{"href":"https:\/\/www.erialshop.com\/index.php\/wp-json\/wp\/v2\/product"}],"about":[{"href":"https:\/\/www.erialshop.com\/index.php\/wp-json\/wp\/v2\/types\/product"}],"replies":[{"embeddable":true,"href":"https:\/\/www.erialshop.com\/index.php\/wp-json\/wp\/v2\/comments?post=25758"}],"version-history":[{"count":3,"href":"https:\/\/www.erialshop.com\/index.php\/wp-json\/wp\/v2\/product\/25758\/revisions"}],"predecessor-version":[{"id":26830,"href":"https:\/\/www.erialshop.com\/index.php\/wp-json\/wp\/v2\/product\/25758\/revisions\/26830"}],"wp:featuredmedia":[{"embeddable":true,"href":"https:\/\/www.erialshop.com\/index.php\/wp-json\/wp\/v2\/media\/25806"}],"wp:attachment":[{"href":"https:\/\/www.erialshop.com\/index.php\/wp-json\/wp\/v2\/media?parent=25758"}],"wp:term":[{"taxonomy":"product_brand","embeddable":true,"href":"https:\/\/www.erialshop.com\/index.php\/wp-json\/wp\/v2\/product_brand?post=25758"},{"taxonomy":"product_cat","embeddable":true,"href":"https:\/\/www.erialshop.com\/index.php\/wp-json\/wp\/v2\/product_cat?post=25758"},{"taxonomy":"product_tag","embeddable":true,"href":"https:\/\/www.erialshop.com\/index.php\/wp-json\/wp\/v2\/product_tag?post=25758"}],"curies":[{"name":"wp","href":"https:\/\/api.w.org\/{rel}","templated":true}]}}