{"id":25732,"date":"2024-12-12T20:07:24","date_gmt":"2024-12-12T13:07:24","guid":{"rendered":"https:\/\/erialshop.com\/?post_type=product&#038;p=25732"},"modified":"2025-02-18T14:40:10","modified_gmt":"2025-02-18T07:40:10","slug":"green-blue-lovers","status":"publish","type":"product","link":"https:\/\/www.erialshop.com\/index.php\/product\/green-blue-lovers\/","title":{"rendered":"Green Blue Lovers"},"content":{"rendered":"<p><strong>V\u00f2ng tay x\u1ecf \u0111\u01a1n \u0111\u00e1 Emerald nh\u00e2n t\u1ea1o ( \u0111\u00e1 emerald t\u1ed5ng h\u1ee3p) size 3ly\u00a0 mix c\u00f9ng charm sao ( 1x1cm) v\u00e0 m\u1ed9t s\u1ed1 chi ti\u1ebft m\u1ea1 v\u00e0ng.<\/strong><\/p>\n<p>Shop c\u00f3 s\u1eb5n chi\u1ebfc y h\u00ecnh d\u00e0i 15.8cm ho\u1eb7c c\u00e1c b\u1ea1n c\u00f3 th\u1ec3 li\u00ean h\u1ec7 tr\u01b0\u1edbc v\u1edbi shop \u0111\u1ec3 \u0111\u01b0\u1ee3c t\u01b0 v\u1ea5n k\u0129 l\u01b0\u1ee1ng tr\u01b0\u1edbc khi \u0111\u1eb7t mua.<\/p>\n<p>Ch\u00fa th\u00edch: \u0111\u00e1 Emerald nh\u00e2n t\u1ea1o c\u00f3 m\u00e0u t\u01b0\u01a1i h\u01a1n v\u00e0 \u00edt t\u1ea1p ch\u1ea5t h\u01a1n ( \u0111\u00e1 emerald t\u1ed5ng h\u1ee3p)\u00a0c\u00f9ng l\u00e0 m\u1ed9t ch\u1ea5t, c\u00f3 th\u00e0nh ph\u1ea7n h\u00f3a h\u1ecdc, c\u1ea5u tr\u00fac tinh th\u1ec3 \u00a0v\u00e0 c\u00e1c t\u00ednh ch\u1ea5t v\u1eadt l\u00fd n\u00f3i chung l\u00e0 gi\u1ed1ng h\u1ec7t emerald thi\u00ean nhi\u00ean nh\u01b0ng \u0111\u01b0\u1ee3c con ng\u01b0\u1eddi t\u1ea1o th\u00f4ng qua ph\u00f2ng th\u00ed nghi\u1ec7m.<\/p>\n<p><strong>P.s: \u0110\u1ec3 \u0111\u01b0\u1ee3c shop ph\u1ea3n h\u1ed3i nhanh nh\u1ea5t<\/strong><strong>, c\u00e1c b\u1ea1n vui l\u00f2ng b\u1ea5m v\u00e0o n\u00fat \u201cnh\u1eafn tin qua instagram\u201d \u1edf d\u01b0\u1edbi ch\u1eef \u201cmua ngay\u201d nh\u00e9.<\/strong><\/p>\n","protected":false},"excerpt":{"rendered":"<p>V\u00f2ng tay x\u1ecf \u0111\u01a1n \u0111\u00e1 Emerald nh\u00e2n t\u1ea1o ( \u0111\u00e1 emerald t\u1ed5ng h\u1ee3p) size 3ly\u00a0 mix c\u00f9ng charm sao ( 1x1cm) v\u00e0 m\u1ed9t s\u1ed1 chi ti\u1ebft m\u1ea1 v\u00e0ng. Shop c\u00f3 s\u1eb5n chi\u1ebfc y h\u00ecnh d\u00e0i 15.8cm ho\u1eb7c c\u00e1c b\u1ea1n c\u00f3 th\u1ec3 li\u00ean h\u1ec7 tr\u01b0\u1edbc v\u1edbi shop \u0111\u1ec3 \u0111\u01b0\u1ee3c t\u01b0 v\u1ea5n k\u0129 l\u01b0\u1ee1ng tr\u01b0\u1edbc khi \u0111\u1eb7t mua. Ch\u00fa th\u00edch: \u0111\u00e1 Emerald nh\u00e2n t\u1ea1o c\u00f3 m\u00e0u t\u01b0\u01a1i h\u01a1n v\u00e0 \u00edt t\u1ea1p ch\u1ea5t h\u01a1n ( \u0111\u00e1 emerald t\u1ed5ng h\u1ee3p)\u00a0c\u00f9ng l\u00e0 m\u1ed9t ch\u1ea5t, c\u00f3 th\u00e0nh ph\u1ea7n h\u00f3a h\u1ecdc, c\u1ea5u tr\u00fac tinh th\u1ec3 \u00a0v\u00e0 c\u00e1c t\u00ednh ch\u1ea5t v\u1eadt l\u00fd n\u00f3i chung l\u00e0 gi\u1ed1ng h\u1ec7t emerald thi\u00ean nhi\u00ean nh\u01b0ng \u0111\u01b0\u1ee3c con ng\u01b0\u1eddi t\u1ea1o th\u00f4ng qua ph\u00f2ng th\u00ed nghi\u1ec7m. P.s: \u0110\u1ec3 \u0111\u01b0\u1ee3c shop ph\u1ea3n h\u1ed3i nhanh nh\u1ea5t, c\u00e1c b\u1ea1n vui l\u00f2ng b\u1ea5m v\u00e0o n\u00fat \u201cnh\u1eafn tin qua instagram\u201d \u1edf d\u01b0\u1edbi ch\u1eef \u201cmua ngay\u201d nh\u00e9.<\/p>\n","protected":false},"featured_media":25661,"comment_status":"open","ping_status":"closed","template":"","meta":[],"product_brand":[],"product_cat":[284],"product_tag":[372,371,338,373,366],"class_list":{"0":"post-25732","1":"product","2":"type-product","3":"status-publish","4":"has-post-thumbnail","6":"product_cat-vong-tay","7":"product_tag-hacnguyetquang","8":"product_tag-labradorite","9":"product_tag-vongtay","10":"product_tag-xacu","11":"product_tag-xothun","12":"pa_color-blue","13":"pa_fate-hoa","14":"pa_fate-moc","15":"pa_loai-da-emerald","16":"pa_size-3-ly","17":"pa_style-charms","19":"first","20":"instock","21":"sale","22":"shipping-taxable","23":"purchasable","24":"product-type-simple"},"_links":{"self":[{"href":"https:\/\/www.erialshop.com\/index.php\/wp-json\/wp\/v2\/product\/25732","targetHints":{"allow":["GET"]}}],"collection":[{"href":"https:\/\/www.erialshop.com\/index.php\/wp-json\/wp\/v2\/product"}],"about":[{"href":"https:\/\/www.erialshop.com\/index.php\/wp-json\/wp\/v2\/types\/product"}],"replies":[{"embeddable":true,"href":"https:\/\/www.erialshop.com\/index.php\/wp-json\/wp\/v2\/comments?post=25732"}],"version-history":[{"count":4,"href":"https:\/\/www.erialshop.com\/index.php\/wp-json\/wp\/v2\/product\/25732\/revisions"}],"predecessor-version":[{"id":25813,"href":"https:\/\/www.erialshop.com\/index.php\/wp-json\/wp\/v2\/product\/25732\/revisions\/25813"}],"wp:featuredmedia":[{"embeddable":true,"href":"https:\/\/www.erialshop.com\/index.php\/wp-json\/wp\/v2\/media\/25661"}],"wp:attachment":[{"href":"https:\/\/www.erialshop.com\/index.php\/wp-json\/wp\/v2\/media?parent=25732"}],"wp:term":[{"taxonomy":"product_brand","embeddable":true,"href":"https:\/\/www.erialshop.com\/index.php\/wp-json\/wp\/v2\/product_brand?post=25732"},{"taxonomy":"product_cat","embeddable":true,"href":"https:\/\/www.erialshop.com\/index.php\/wp-json\/wp\/v2\/product_cat?post=25732"},{"taxonomy":"product_tag","embeddable":true,"href":"https:\/\/www.erialshop.com\/index.php\/wp-json\/wp\/v2\/product_tag?post=25732"}],"curies":[{"name":"wp","href":"https:\/\/api.w.org\/{rel}","templated":true}]}}