{"id":25495,"date":"2024-11-17T17:57:34","date_gmt":"2024-11-17T10:57:34","guid":{"rendered":"https:\/\/erialshop.com\/?post_type=product&#038;p=25495"},"modified":"2024-11-18T10:42:08","modified_gmt":"2024-11-18T03:42:08","slug":"nhan-thach-anh-trang-2ly-mat-ho","status":"publish","type":"product","link":"https:\/\/www.erialshop.com\/index.php\/product\/nhan-thach-anh-trang-2ly-mat-ho\/","title":{"rendered":"Nh\u1eabn th\u1ea1ch anh tr\u1eafng 2ly &#8211; m\u1eaft h\u1ed5"},"content":{"rendered":"<p><strong>Nh\u1eabn x\u1ecf \u0111\u01a1n \u0111\u00e1 th\u1ea1ch anh tr\u1eafng 2ly mix nh\u00e2n \u0111\u00e1 m\u1eaft h\u1ed5 v\u00e0ng n\u00e2u h\u1ea1t b\u00e1nh xe 3x4ly c\u00f9ng m\u1ed9t s\u1ed1 chi ti\u1ebft m\u1ea1 v\u00e0ng.<\/strong><\/p>\n<p>Shop c\u00f3 s\u1eb5n chi\u1ebfc y h\u00ecnh size 5.5cm (chu vi) ho\u1eb7c c\u00e1c b\u1ea1n c\u00f3 th\u1ec3 li\u00ean h\u1ec7 tr\u01b0\u1edbc v\u1edbi shop \u0111\u1ec3 \u0111\u01b0\u1ee3c t\u01b0 v\u1ea5n k\u0129 l\u01b0\u1ee1ng tr\u01b0\u1edbc khi \u0111\u1eb7t mua.<\/p>\n<p><strong>P.s: \u0110\u1ec3 \u0111\u01b0\u1ee3c shop ph\u1ea3n h\u1ed3i nhanh nh\u1ea5t<\/strong><strong>, c\u00e1c b\u1ea1n vui l\u00f2ng b\u1ea5m v\u00e0o n\u00fat \u201cnh\u1eafn tin qua instagram\u201d \u1edf d\u01b0\u1edbi ch\u1eef \u201cmua ngay\u201d nh\u00e9.<\/strong><\/p>\n","protected":false},"excerpt":{"rendered":"<p>Nh\u1eabn x\u1ecf \u0111\u01a1n \u0111\u00e1 th\u1ea1ch anh tr\u1eafng 2ly mix nh\u00e2n \u0111\u00e1 m\u1eaft h\u1ed5 v\u00e0ng n\u00e2u h\u1ea1t b\u00e1nh xe 3x4ly c\u00f9ng m\u1ed9t s\u1ed1 chi ti\u1ebft m\u1ea1 v\u00e0ng. Shop c\u00f3 s\u1eb5n chi\u1ebfc y h\u00ecnh size 5.5cm (chu vi) ho\u1eb7c c\u00e1c b\u1ea1n c\u00f3 th\u1ec3 li\u00ean h\u1ec7 tr\u01b0\u1edbc v\u1edbi shop \u0111\u1ec3 \u0111\u01b0\u1ee3c t\u01b0 v\u1ea5n k\u0129 l\u01b0\u1ee1ng tr\u01b0\u1edbc khi \u0111\u1eb7t mua. P.s: \u0110\u1ec3 \u0111\u01b0\u1ee3c shop ph\u1ea3n h\u1ed3i nhanh nh\u1ea5t, c\u00e1c b\u1ea1n vui l\u00f2ng b\u1ea5m v\u00e0o n\u00fat \u201cnh\u1eafn tin qua instagram\u201d \u1edf d\u01b0\u1edbi ch\u1eef \u201cmua ngay\u201d nh\u00e9.<\/p>\n","protected":false},"featured_media":25450,"comment_status":"open","ping_status":"closed","template":"","meta":[],"product_brand":[],"product_cat":[296],"product_tag":[372,371,338,373,366],"class_list":{"0":"post-25495","1":"product","2":"type-product","3":"status-publish","4":"has-post-thumbnail","6":"product_cat-nhan","7":"product_tag-hacnguyetquang","8":"product_tag-labradorite","9":"product_tag-vongtay","10":"product_tag-xacu","11":"product_tag-xothun","12":"pa_color-da-sac","13":"pa_color-white","14":"pa_fate-kim","15":"pa_fate-tho","16":"pa_loai-da-mat-ho","17":"pa_loai-da-thach-anh-trang","18":"pa_size-2-ly","19":"pa_style-tron","21":"first","22":"instock","23":"shipping-taxable","24":"purchasable","25":"product-type-simple"},"_links":{"self":[{"href":"https:\/\/www.erialshop.com\/index.php\/wp-json\/wp\/v2\/product\/25495","targetHints":{"allow":["GET"]}}],"collection":[{"href":"https:\/\/www.erialshop.com\/index.php\/wp-json\/wp\/v2\/product"}],"about":[{"href":"https:\/\/www.erialshop.com\/index.php\/wp-json\/wp\/v2\/types\/product"}],"replies":[{"embeddable":true,"href":"https:\/\/www.erialshop.com\/index.php\/wp-json\/wp\/v2\/comments?post=25495"}],"version-history":[{"count":2,"href":"https:\/\/www.erialshop.com\/index.php\/wp-json\/wp\/v2\/product\/25495\/revisions"}],"predecessor-version":[{"id":25614,"href":"https:\/\/www.erialshop.com\/index.php\/wp-json\/wp\/v2\/product\/25495\/revisions\/25614"}],"wp:featuredmedia":[{"embeddable":true,"href":"https:\/\/www.erialshop.com\/index.php\/wp-json\/wp\/v2\/media\/25450"}],"wp:attachment":[{"href":"https:\/\/www.erialshop.com\/index.php\/wp-json\/wp\/v2\/media?parent=25495"}],"wp:term":[{"taxonomy":"product_brand","embeddable":true,"href":"https:\/\/www.erialshop.com\/index.php\/wp-json\/wp\/v2\/product_brand?post=25495"},{"taxonomy":"product_cat","embeddable":true,"href":"https:\/\/www.erialshop.com\/index.php\/wp-json\/wp\/v2\/product_cat?post=25495"},{"taxonomy":"product_tag","embeddable":true,"href":"https:\/\/www.erialshop.com\/index.php\/wp-json\/wp\/v2\/product_tag?post=25495"}],"curies":[{"name":"wp","href":"https:\/\/api.w.org\/{rel}","templated":true}]}}