{"id":25494,"date":"2025-02-03T17:57:26","date_gmt":"2025-02-03T10:57:26","guid":{"rendered":"https:\/\/erialshop.com\/?post_type=product&#038;p=25494"},"modified":"2025-02-21T13:39:06","modified_gmt":"2025-02-21T06:39:06","slug":"toc-mixed-3-3ly-hai-mau","status":"publish","type":"product","link":"https:\/\/www.erialshop.com\/index.php\/product\/toc-mixed-3-3ly-hai-mau\/","title":{"rendered":"T\u00f3c mixed 3.3ly &#8211; hai m\u1eabu"},"content":{"rendered":"<p><strong>V\u00f2ng tay \u0111\u00e1 th\u1ea1ch anh t\u00f3c m\u00e0u tr\u1ed9n size 3-3.5ly c\u00f9ng m\u1ed9t s\u1ed1 chi ti\u1ebft m\u1ea1 v\u00e0ng.<\/strong><\/p>\n<p>M\u1eabu h\u00ecnh 1 th\u1ea1ch anh t\u00f3c tr\u1eafng, v\u00e0ng, \u0111en, \u0111\u1ecf h\u1ea1t c\u1eaft gi\u00e1c 3ly d\u00e0i 16cm. M\u1eabu h\u00ecnh 2 th\u1ea1ch anh t\u00f3c tr\u1eafng, cam h\u1ea1t tr\u00f2n 3.3ly d\u00e0i 16.5cm\u00a0ho\u1eb7c c\u00e1c b\u1ea1n li\u00ean h\u1ec7 v\u1edbi shop \u0111\u1ec3 \u0111\u01b0\u1ee3c t\u01b0 v\u1ea5n tr\u01b0\u1edbc khi \u0111\u0103t mua.<\/p>\n<p><strong>P.s: \u0110\u1ec3 \u0111\u01b0\u1ee3c shop ph\u1ea3n h\u1ed3i nhanh nh\u1ea5t, c\u00e1c b\u1ea1n vui l\u00f2ng b\u1ea5m v\u00e0o n\u00fat \u201cnh\u1eafn tin qua instagram\u201d \u1edf d\u01b0\u1edbi ch\u1eef \u201cmua ngay\u201d nh\u00e9.<\/strong><\/p>\n","protected":false},"excerpt":{"rendered":"<p>V\u00f2ng tay \u0111\u00e1 th\u1ea1ch anh t\u00f3c m\u00e0u tr\u1ed9n size 3-3.5ly c\u00f9ng m\u1ed9t s\u1ed1 chi ti\u1ebft m\u1ea1 v\u00e0ng. M\u1eabu h\u00ecnh 1 th\u1ea1ch anh t\u00f3c tr\u1eafng, v\u00e0ng, \u0111en, \u0111\u1ecf h\u1ea1t c\u1eaft gi\u00e1c 3ly d\u00e0i 16cm. M\u1eabu h\u00ecnh 2 th\u1ea1ch anh t\u00f3c tr\u1eafng, cam h\u1ea1t tr\u00f2n 3.3ly d\u00e0i 16.5cm\u00a0ho\u1eb7c c\u00e1c b\u1ea1n li\u00ean h\u1ec7 v\u1edbi shop \u0111\u1ec3 \u0111\u01b0\u1ee3c t\u01b0 v\u1ea5n tr\u01b0\u1edbc khi \u0111\u0103t mua. P.s: \u0110\u1ec3 \u0111\u01b0\u1ee3c shop ph\u1ea3n h\u1ed3i nhanh nh\u1ea5t, c\u00e1c b\u1ea1n vui l\u00f2ng b\u1ea5m v\u00e0o n\u00fat \u201cnh\u1eafn tin qua instagram\u201d \u1edf d\u01b0\u1edbi ch\u1eef \u201cmua ngay\u201d nh\u00e9.<\/p>\n","protected":false},"featured_media":25794,"comment_status":"open","ping_status":"closed","template":"","meta":[],"product_brand":[],"product_cat":[284],"product_tag":[458,338],"class_list":{"0":"post-25494","1":"product","2":"type-product","3":"status-publish","4":"has-post-thumbnail","6":"product_cat-vong-tay","7":"product_tag-tocvang","8":"product_tag-vongtay","9":"pa_color-clay","10":"pa_color-da-sac","11":"pa_color-white","12":"pa_loai-da-thach-anh-toc","13":"pa_size-3-ly","14":"pa_size-hat-tron","15":"pa_style-tron","17":"first","18":"instock","19":"sale","20":"shipping-taxable","21":"purchasable","22":"product-type-simple"},"_links":{"self":[{"href":"https:\/\/www.erialshop.com\/index.php\/wp-json\/wp\/v2\/product\/25494","targetHints":{"allow":["GET"]}}],"collection":[{"href":"https:\/\/www.erialshop.com\/index.php\/wp-json\/wp\/v2\/product"}],"about":[{"href":"https:\/\/www.erialshop.com\/index.php\/wp-json\/wp\/v2\/types\/product"}],"replies":[{"embeddable":true,"href":"https:\/\/www.erialshop.com\/index.php\/wp-json\/wp\/v2\/comments?post=25494"}],"version-history":[{"count":5,"href":"https:\/\/www.erialshop.com\/index.php\/wp-json\/wp\/v2\/product\/25494\/revisions"}],"predecessor-version":[{"id":26116,"href":"https:\/\/www.erialshop.com\/index.php\/wp-json\/wp\/v2\/product\/25494\/revisions\/26116"}],"wp:featuredmedia":[{"embeddable":true,"href":"https:\/\/www.erialshop.com\/index.php\/wp-json\/wp\/v2\/media\/25794"}],"wp:attachment":[{"href":"https:\/\/www.erialshop.com\/index.php\/wp-json\/wp\/v2\/media?parent=25494"}],"wp:term":[{"taxonomy":"product_brand","embeddable":true,"href":"https:\/\/www.erialshop.com\/index.php\/wp-json\/wp\/v2\/product_brand?post=25494"},{"taxonomy":"product_cat","embeddable":true,"href":"https:\/\/www.erialshop.com\/index.php\/wp-json\/wp\/v2\/product_cat?post=25494"},{"taxonomy":"product_tag","embeddable":true,"href":"https:\/\/www.erialshop.com\/index.php\/wp-json\/wp\/v2\/product_tag?post=25494"}],"curies":[{"name":"wp","href":"https:\/\/api.w.org\/{rel}","templated":true}]}}