{"id":25479,"date":"2024-12-05T17:37:48","date_gmt":"2024-12-05T10:37:48","guid":{"rendered":"https:\/\/erialshop.com\/?post_type=product&#038;p=25479"},"modified":"2026-02-19T22:44:01","modified_gmt":"2026-02-19T15:44:01","slug":"tourmaline-blue-colorful","status":"publish","type":"product","link":"https:\/\/www.erialshop.com\/index.php\/product\/tourmaline-blue-colorful\/","title":{"rendered":"Tourmaline CN &#8211; blue &#8211; colorful"},"content":{"rendered":"<p><strong>V\u00f2ng tay \u0111\u00e1 tourmaline d\u1ea1ng h\u00ecnh square tube* m\u00e0u \u0111a s\u1eafc c\u00f9ng m\u1ed9t s\u1ed1 chi ti\u1ebft m\u1ea1 v\u00e0ng v\u1edbi hai m\u1eabu:<\/strong><\/p>\n<ul>\n<li>CN2: m\u00e0u pastel chi\u1ec1u d\u00e0i 16cm + 2.5cm t\u0103ng \u0111\u01a1 ho\u1eb7c c\u00e1c b\u1ea1n c\u00f3 th\u1ec3 li\u00ean h\u1ec7 v\u1edbi shop \u0111\u1ec3 \u0111\u01b0\u1ee3c t\u01b0 v\u1ea5n size tr\u01b0\u1edbc khi mua h\u00e0ng.<\/li>\n<li>CN3: m\u00e0u xanh d\u01b0\u01a1ng chi\u1ec1u d\u00e0i 15.5cm + 2cm t\u0103ng \u0111\u01a1 ho\u1eb7c c\u00e1c b\u1ea1n c\u00f3 th\u1ec3 li\u00ean h\u1ec7 v\u1edbi shop \u0111\u1ec3 \u0111\u01b0\u1ee3c t\u01b0 v\u1ea5n size tr\u01b0\u1edbc khi mua h\u00e0ng.<\/li>\n<li><\/li>\n<\/ul>\n<p>Ch\u00fa th\u00edch: <strong>square tube* square tube : chi\u1ec1u cao v\u00e0 r\u1ed9ng b\u1eb1ng nhau, chi\u1ec1u d\u00e0i kh\u00f4ng gi\u1edbi h\u1ea1n. <\/strong>K\u00edch th\u01b0\u1edbc R\u1ed9ng x Cao : 3-4mm &#8211; D\u00e0i dao \u0111\u1ed9ng 4-6mm.<\/p>\n<p><b>P.s: \u0110\u1ec3 \u0111\u01b0\u1ee3c shop ph\u1ea3n h\u1ed3i nhanh nh\u1ea5t, c\u00e1c b\u1ea1n vui l\u00f2ng b\u1ea5m v\u00e0o n\u00fat \u201cnh\u1eafn tin qua instagram\u201d \u1edf d\u01b0\u1edbi ch\u1eef \u201cmua ngay&#8221;.<\/b><\/p>\n","protected":false},"excerpt":{"rendered":"<p>V\u00f2ng tay \u0111\u00e1 tourmaline d\u1ea1ng h\u00ecnh square tube* m\u00e0u \u0111a s\u1eafc c\u00f9ng m\u1ed9t s\u1ed1 chi ti\u1ebft m\u1ea1 v\u00e0ng v\u1edbi hai m\u1eabu: CN2: m\u00e0u pastel chi\u1ec1u d\u00e0i 16cm + 2.5cm t\u0103ng \u0111\u01a1 ho\u1eb7c c\u00e1c b\u1ea1n c\u00f3 th\u1ec3 li\u00ean h\u1ec7 v\u1edbi shop \u0111\u1ec3 \u0111\u01b0\u1ee3c t\u01b0 v\u1ea5n size tr\u01b0\u1edbc khi mua h\u00e0ng. CN3: m\u00e0u xanh d\u01b0\u01a1ng chi\u1ec1u d\u00e0i 15.5cm + 2cm t\u0103ng \u0111\u01a1 ho\u1eb7c c\u00e1c b\u1ea1n c\u00f3 th\u1ec3 li\u00ean h\u1ec7 v\u1edbi shop \u0111\u1ec3 \u0111\u01b0\u1ee3c t\u01b0 v\u1ea5n size tr\u01b0\u1edbc khi mua h\u00e0ng. Ch\u00fa th\u00edch: square tube* square tube : chi\u1ec1u cao v\u00e0 r\u1ed9ng b\u1eb1ng nhau, chi\u1ec1u d\u00e0i kh\u00f4ng gi\u1edbi h\u1ea1n. K\u00edch th\u01b0\u1edbc R\u1ed9ng x Cao : 3-4mm &#8211; D\u00e0i dao \u0111\u1ed9ng 4-6mm. P.s: \u0110\u1ec3 \u0111\u01b0\u1ee3c shop ph\u1ea3n h\u1ed3i nhanh nh\u1ea5t, c\u00e1c b\u1ea1n vui l\u00f2ng b\u1ea5m v\u00e0o n\u00fat \u201cnh\u1eafn tin qua instagram\u201d \u1edf d\u01b0\u1edbi ch\u1eef \u201cmua ngay&#8221;.<\/p>\n","protected":false},"featured_media":25460,"comment_status":"open","ping_status":"closed","template":"","meta":[],"product_brand":[],"product_cat":[284],"product_tag":[489,339,338],"class_list":{"0":"post-25479","1":"product","2":"type-product","3":"status-publish","4":"has-post-thumbnail","6":"product_cat-vong-tay","7":"product_tag-chaymau","8":"product_tag-tourmaline","9":"product_tag-vongtay","10":"pa_color-da-sac","11":"pa_loai-da-tourmaline","12":"pa_size-4-ly","13":"pa_size-6-ly","14":"pa_style-tron","16":"first","17":"instock","18":"sale","19":"shipping-taxable","20":"purchasable","21":"product-type-simple"},"_links":{"self":[{"href":"https:\/\/www.erialshop.com\/index.php\/wp-json\/wp\/v2\/product\/25479","targetHints":{"allow":["GET"]}}],"collection":[{"href":"https:\/\/www.erialshop.com\/index.php\/wp-json\/wp\/v2\/product"}],"about":[{"href":"https:\/\/www.erialshop.com\/index.php\/wp-json\/wp\/v2\/types\/product"}],"replies":[{"embeddable":true,"href":"https:\/\/www.erialshop.com\/index.php\/wp-json\/wp\/v2\/comments?post=25479"}],"version-history":[{"count":11,"href":"https:\/\/www.erialshop.com\/index.php\/wp-json\/wp\/v2\/product\/25479\/revisions"}],"predecessor-version":[{"id":26862,"href":"https:\/\/www.erialshop.com\/index.php\/wp-json\/wp\/v2\/product\/25479\/revisions\/26862"}],"wp:featuredmedia":[{"embeddable":true,"href":"https:\/\/www.erialshop.com\/index.php\/wp-json\/wp\/v2\/media\/25460"}],"wp:attachment":[{"href":"https:\/\/www.erialshop.com\/index.php\/wp-json\/wp\/v2\/media?parent=25479"}],"wp:term":[{"taxonomy":"product_brand","embeddable":true,"href":"https:\/\/www.erialshop.com\/index.php\/wp-json\/wp\/v2\/product_brand?post=25479"},{"taxonomy":"product_cat","embeddable":true,"href":"https:\/\/www.erialshop.com\/index.php\/wp-json\/wp\/v2\/product_cat?post=25479"},{"taxonomy":"product_tag","embeddable":true,"href":"https:\/\/www.erialshop.com\/index.php\/wp-json\/wp\/v2\/product_tag?post=25479"}],"curies":[{"name":"wp","href":"https:\/\/api.w.org\/{rel}","templated":true}]}}