{"id":25316,"date":"2024-10-14T18:00:43","date_gmt":"2024-10-14T11:00:43","guid":{"rendered":"https:\/\/erialshop.com\/?post_type=product&#038;p=25316"},"modified":"2025-01-09T17:25:18","modified_gmt":"2025-01-09T10:25:18","slug":"day-rut-opal-pearl","status":"publish","type":"product","link":"https:\/\/www.erialshop.com\/index.php\/product\/day-rut-opal-pearl\/","title":{"rendered":"D\u00e2y R\u00fat Opal &#8211; Pearl"},"content":{"rendered":"<p><strong>V\u00f2ng tay kho\u00e1 d\u00e2y r\u00fat freesize ( ph\u1ea7n \u0111\u00e1 5.5cm + d\u00e2y 15cm) v\u1edbi \u0111\u00e1 opal h\u1ed3ng h\u1ea1t b\u00e1nh xe 3-4ly mix ng\u1ecdc trai tr\u1eafng c\u00f9ng bi m\u1ea1 v\u00e0ng.<\/strong><\/p>\n<p class=\"p1\"><b>P.s: \u0110\u1ec3 \u0111\u01b0\u1ee3c shop ph\u1ea3n h\u1ed3i nhanh nh\u1ea5t, c\u00e1c b\u1ea1n vui l\u00f2ng b\u1ea5m v\u00e0o n\u00fat \u201cnh\u1eafn tin qua instagram\u201d \u1edf d\u01b0\u1edbi ch\u1eef \u201cmua ngay\u201d nh\u00e9.<\/b><\/p>\n","protected":false},"excerpt":{"rendered":"<p>V\u00f2ng tay kho\u00e1 d\u00e2y r\u00fat freesize ( ph\u1ea7n \u0111\u00e1 5.5cm + d\u00e2y 15cm) v\u1edbi \u0111\u00e1 opal h\u1ed3ng h\u1ea1t b\u00e1nh xe 3-4ly mix ng\u1ecdc trai tr\u1eafng c\u00f9ng bi m\u1ea1 v\u00e0ng. P.s: \u0110\u1ec3 \u0111\u01b0\u1ee3c shop ph\u1ea3n h\u1ed3i nhanh nh\u1ea5t, c\u00e1c b\u1ea1n vui l\u00f2ng b\u1ea5m v\u00e0o n\u00fat \u201cnh\u1eafn tin qua instagram\u201d \u1edf d\u01b0\u1edbi ch\u1eef \u201cmua ngay\u201d nh\u00e9.<\/p>\n","protected":false},"featured_media":25304,"comment_status":"open","ping_status":"closed","template":"","meta":[],"product_brand":[],"product_cat":[284],"product_tag":[349,348,424,338],"class_list":{"0":"post-25316","1":"product","2":"type-product","3":"status-publish","4":"has-post-thumbnail","6":"product_cat-vong-tay","7":"product_tag-damattrang","8":"product_tag-moonstone","9":"product_tag-ngoctrai","10":"product_tag-vongtay","11":"pa_color-pink","12":"pa_fate-hoa","13":"pa_fate-tho","14":"pa_loai-da-ngoc-trai","15":"pa_loai-da-opal","16":"pa_size-3-ly","17":"pa_style-day-rut","19":"first","20":"instock","21":"sale","22":"shipping-taxable","23":"purchasable","24":"product-type-simple"},"_links":{"self":[{"href":"https:\/\/www.erialshop.com\/index.php\/wp-json\/wp\/v2\/product\/25316","targetHints":{"allow":["GET"]}}],"collection":[{"href":"https:\/\/www.erialshop.com\/index.php\/wp-json\/wp\/v2\/product"}],"about":[{"href":"https:\/\/www.erialshop.com\/index.php\/wp-json\/wp\/v2\/types\/product"}],"replies":[{"embeddable":true,"href":"https:\/\/www.erialshop.com\/index.php\/wp-json\/wp\/v2\/comments?post=25316"}],"version-history":[{"count":2,"href":"https:\/\/www.erialshop.com\/index.php\/wp-json\/wp\/v2\/product\/25316\/revisions"}],"predecessor-version":[{"id":25376,"href":"https:\/\/www.erialshop.com\/index.php\/wp-json\/wp\/v2\/product\/25316\/revisions\/25376"}],"wp:featuredmedia":[{"embeddable":true,"href":"https:\/\/www.erialshop.com\/index.php\/wp-json\/wp\/v2\/media\/25304"}],"wp:attachment":[{"href":"https:\/\/www.erialshop.com\/index.php\/wp-json\/wp\/v2\/media?parent=25316"}],"wp:term":[{"taxonomy":"product_brand","embeddable":true,"href":"https:\/\/www.erialshop.com\/index.php\/wp-json\/wp\/v2\/product_brand?post=25316"},{"taxonomy":"product_cat","embeddable":true,"href":"https:\/\/www.erialshop.com\/index.php\/wp-json\/wp\/v2\/product_cat?post=25316"},{"taxonomy":"product_tag","embeddable":true,"href":"https:\/\/www.erialshop.com\/index.php\/wp-json\/wp\/v2\/product_tag?post=25316"}],"curies":[{"name":"wp","href":"https:\/\/api.w.org\/{rel}","templated":true}]}}