{"id":25135,"date":"2024-09-16T15:00:46","date_gmt":"2024-09-16T08:00:46","guid":{"rendered":"https:\/\/erialshop.com\/?post_type=product&#038;p=25135"},"modified":"2025-02-18T14:40:23","modified_gmt":"2025-02-18T07:40:23","slug":"charm-voi-tourmaline-3ly-xanh-la","status":"publish","type":"product","link":"https:\/\/www.erialshop.com\/index.php\/product\/charm-voi-tourmaline-3ly-xanh-la\/","title":{"rendered":"Voi &#8211; Tour 3ly xanh l\u00e1"},"content":{"rendered":"<p><strong>V\u00f2ng tay b\u1eb1ng \u0111\u00e1 tourmaline t\u00f4ng m\u00e0u xanh l\u00e1 size 3ly ph\u1ed1i c\u00f9ng charm con voi b\u1eb1ng v\u1ecf s\u00f2 ng\u1ecdc trai c\u00f9ng m\u1ed9t s\u1ed1 chi ti\u1ebft m\u1ea1 v\u00e0ng. <\/strong><\/p>\n<p><strong>K\u00edch th\u01b0\u1edbc charm voi: 1.1cm x 0.8cm.<\/strong><\/p>\n<p>Shop c\u00f3 s\u1eb5n chi\u1ebfc y h\u00ecnh d\u00e0i 16.2cm ho\u1eb7c c\u00e1c b\u1ea1n c\u00f3 th\u1ec3 li\u00ean h\u1ec7 tr\u01b0\u1edbc v\u1edbi shop \u0111\u1ec3 \u0111\u01b0\u1ee3c t\u01b0 v\u1ea5n k\u0129 l\u01b0\u1ee1ng tr\u01b0\u1edbc khi \u0111\u1eb7t mua.<\/p>\n<p><em>L\u01b0u \u00fd: \u0111\u1ed1i v\u1edbi \u0111\u00e1 tourmaline th\u00ec m\u00e0u c\u1ee7a \u0111\u00e1 th\u01b0\u1eddng s\u1ebd ho\u00e0 l\u1eabn \u00edt ho\u1eb7c nhi\u1ec1u m\u00e0u trong c\u00f9ng 1 h\u1ea1t n\u00ean nh\u01b0 chi\u1ebfc trong h\u00ecnh th\u00ec n\u00f3 s\u1ebd kh\u00f4ng h\u1eb3n m\u00e0u xanh l\u00e1 m\u00e0 h\u1ea1t c\u00f3 l\u1eabn m\u00e0u \u0111en, xanh d\u01b0\u01a1ng..<\/em><\/p>\n<p><strong>P.s: \u0110\u1ec3 \u0111\u01b0\u1ee3c shop ph\u1ea3n h\u1ed3i nhanh nh\u1ea5t<\/strong><strong>, c\u00e1c b\u1ea1n vui l\u00f2ng b\u1ea5m v\u00e0o n\u00fat \u201cnh\u1eafn tin qua instagram\u201d \u1edf d\u01b0\u1edbi ch\u1eef \u201cmua ngay\u201d nh\u00e9.\u00a0<\/strong><\/p>\n","protected":false},"excerpt":{"rendered":"<p>V\u00f2ng tay b\u1eb1ng \u0111\u00e1 tourmaline t\u00f4ng m\u00e0u xanh l\u00e1 size 3ly ph\u1ed1i c\u00f9ng charm con voi b\u1eb1ng v\u1ecf s\u00f2 ng\u1ecdc trai c\u00f9ng m\u1ed9t s\u1ed1 chi ti\u1ebft m\u1ea1 v\u00e0ng. K\u00edch th\u01b0\u1edbc charm voi: 1.1cm x 0.8cm. Shop c\u00f3 s\u1eb5n chi\u1ebfc y h\u00ecnh d\u00e0i 16.2cm ho\u1eb7c c\u00e1c b\u1ea1n c\u00f3 th\u1ec3 li\u00ean h\u1ec7 tr\u01b0\u1edbc v\u1edbi shop \u0111\u1ec3 \u0111\u01b0\u1ee3c t\u01b0 v\u1ea5n k\u0129 l\u01b0\u1ee1ng tr\u01b0\u1edbc khi \u0111\u1eb7t mua. L\u01b0u \u00fd: \u0111\u1ed1i v\u1edbi \u0111\u00e1 tourmaline th\u00ec m\u00e0u c\u1ee7a \u0111\u00e1 th\u01b0\u1eddng s\u1ebd ho\u00e0 l\u1eabn \u00edt ho\u1eb7c nhi\u1ec1u m\u00e0u trong c\u00f9ng 1 h\u1ea1t n\u00ean nh\u01b0 chi\u1ebfc trong h\u00ecnh th\u00ec n\u00f3 s\u1ebd kh\u00f4ng h\u1eb3n m\u00e0u xanh l\u00e1 m\u00e0 h\u1ea1t c\u00f3 l\u1eabn m\u00e0u \u0111en, xanh d\u01b0\u01a1ng.. P.s: \u0110\u1ec3 \u0111\u01b0\u1ee3c shop ph\u1ea3n h\u1ed3i nhanh nh\u1ea5t, c\u00e1c b\u1ea1n vui l\u00f2ng b\u1ea5m v\u00e0o n\u00fat \u201cnh\u1eafn tin qua instagram\u201d \u1edf d\u01b0\u1edbi ch\u1eef \u201cmua ngay\u201d nh\u00e9.\u00a0<\/p>\n","protected":false},"featured_media":25122,"comment_status":"open","ping_status":"closed","template":"","meta":[],"product_brand":[],"product_cat":[284],"product_tag":[383,339,338],"class_list":{"0":"post-25135","1":"product","2":"type-product","3":"status-publish","4":"has-post-thumbnail","6":"product_cat-vong-tay","7":"product_tag-daydoi","8":"product_tag-tourmaline","9":"product_tag-vongtay","10":"pa_color-black","11":"pa_loai-da-tourmaline","12":"pa_size-4-ly","13":"pa_style-charms","15":"first","16":"instock","17":"sale","18":"shipping-taxable","19":"purchasable","20":"product-type-simple"},"_links":{"self":[{"href":"https:\/\/www.erialshop.com\/index.php\/wp-json\/wp\/v2\/product\/25135","targetHints":{"allow":["GET"]}}],"collection":[{"href":"https:\/\/www.erialshop.com\/index.php\/wp-json\/wp\/v2\/product"}],"about":[{"href":"https:\/\/www.erialshop.com\/index.php\/wp-json\/wp\/v2\/types\/product"}],"replies":[{"embeddable":true,"href":"https:\/\/www.erialshop.com\/index.php\/wp-json\/wp\/v2\/comments?post=25135"}],"version-history":[{"count":2,"href":"https:\/\/www.erialshop.com\/index.php\/wp-json\/wp\/v2\/product\/25135\/revisions"}],"predecessor-version":[{"id":25363,"href":"https:\/\/www.erialshop.com\/index.php\/wp-json\/wp\/v2\/product\/25135\/revisions\/25363"}],"wp:featuredmedia":[{"embeddable":true,"href":"https:\/\/www.erialshop.com\/index.php\/wp-json\/wp\/v2\/media\/25122"}],"wp:attachment":[{"href":"https:\/\/www.erialshop.com\/index.php\/wp-json\/wp\/v2\/media?parent=25135"}],"wp:term":[{"taxonomy":"product_brand","embeddable":true,"href":"https:\/\/www.erialshop.com\/index.php\/wp-json\/wp\/v2\/product_brand?post=25135"},{"taxonomy":"product_cat","embeddable":true,"href":"https:\/\/www.erialshop.com\/index.php\/wp-json\/wp\/v2\/product_cat?post=25135"},{"taxonomy":"product_tag","embeddable":true,"href":"https:\/\/www.erialshop.com\/index.php\/wp-json\/wp\/v2\/product_tag?post=25135"}],"curies":[{"name":"wp","href":"https:\/\/api.w.org\/{rel}","templated":true}]}}