{"id":24592,"date":"2024-07-03T18:44:26","date_gmt":"2024-07-03T11:44:26","guid":{"rendered":"https:\/\/erialshop.com\/?post_type=product&#038;p=24592"},"modified":"2024-10-15T17:23:43","modified_gmt":"2024-10-15T10:23:43","slug":"phat-di-lac-ngoc-lam-bang","status":"publish","type":"product","link":"https:\/\/www.erialshop.com\/index.php\/product\/phat-di-lac-ngoc-lam-bang\/","title":{"rendered":"Ph\u1eadt Di L\u1eb7c &#8211; Ng\u1ecdc Lam B\u0103ng"},"content":{"rendered":"<p><strong>M\u1eb7t d\u00e2y chuy\u1ec3n v\u1edbi ng\u1ecdc lam b\u0103ng t\u1ea1o h\u00ecnh tinh x\u1ea3o Ph\u00e2t Di L\u1eb7c &#8211; m\u00f3c \u0111eo h\u00ecnh \u0111\u1ed3ng ti\u1ec1n b\u1eb1ng v\u00e0ng 18k.<\/strong><\/p>\n<p>Shop c\u00f2n hai m\u1eb7t m\u00e0u xanh lam \u0111\u1ec1u l\u00ean b\u0103ng r\u1ea5t \u0111\u1eb9p ~ 1gram ( m\u1eb7t \u0111\u1eadm m\u00e0u: Ngang: 1.5 x D\u00e0i: 1.3cm &#8211;\u00a0 m\u1eb7t nh\u1ea1t m\u00e0u h\u01a1n: 1.7cm x 1.5cm).<\/p>\n<p>C\u00e1c b\u1ea1n c\u00f3 th\u1ec3 li\u00ean h\u1ec7 tr\u01b0\u1edbc v\u1edbi shop \u0111\u1ec3 \u0111\u01b0\u1ee3c t\u01b0 v\u1ea5n k\u0129 l\u01b0\u1ee1ng tr\u01b0\u1edbc khi \u0111\u1eb7t mua.<\/p>\n<p><strong>P.s: \u0110\u1ec3 \u0111\u01b0\u1ee3c shop ph\u1ea3n h\u1ed3i nhanh nh\u1ea5t, c\u00e1c b\u1ea1n vui l\u00f2ng b\u1ea5m v\u00e0o n\u00fat \u201cnh\u1eafn tin qua instagram\u201d \u1edf d\u01b0\u1edbi ch\u1eef \u201cmua ngay\u201d nh\u00e9.<\/strong><\/p>\n","protected":false},"excerpt":{"rendered":"<p>M\u1eb7t d\u00e2y chuy\u1ec3n v\u1edbi ng\u1ecdc lam b\u0103ng t\u1ea1o h\u00ecnh tinh x\u1ea3o Ph\u00e2t Di L\u1eb7c &#8211; m\u00f3c \u0111eo h\u00ecnh \u0111\u1ed3ng ti\u1ec1n b\u1eb1ng v\u00e0ng 18k. Shop c\u00f2n hai m\u1eb7t m\u00e0u xanh lam \u0111\u1ec1u l\u00ean b\u0103ng r\u1ea5t \u0111\u1eb9p ~ 1gram ( m\u1eb7t \u0111\u1eadm m\u00e0u: Ngang: 1.5 x D\u00e0i: 1.3cm &#8211;\u00a0 m\u1eb7t nh\u1ea1t m\u00e0u h\u01a1n: 1.7cm x 1.5cm). C\u00e1c b\u1ea1n c\u00f3 th\u1ec3 li\u00ean h\u1ec7 tr\u01b0\u1edbc v\u1edbi shop \u0111\u1ec3 \u0111\u01b0\u1ee3c t\u01b0 v\u1ea5n k\u0129 l\u01b0\u1ee1ng tr\u01b0\u1edbc khi \u0111\u1eb7t mua. P.s: \u0110\u1ec3 \u0111\u01b0\u1ee3c shop ph\u1ea3n h\u1ed3i nhanh nh\u1ea5t, c\u00e1c b\u1ea1n vui l\u00f2ng b\u1ea5m v\u00e0o n\u00fat \u201cnh\u1eafn tin qua instagram\u201d \u1edf d\u01b0\u1edbi ch\u1eef \u201cmua ngay\u201d nh\u00e9.<\/p>\n","protected":false},"featured_media":24599,"comment_status":"open","ping_status":"closed","template":"","meta":[],"product_brand":[],"product_cat":[287,285],"product_tag":[394,424,468,405,339,359],"class_list":{"0":"post-24592","1":"product","2":"type-product","3":"status-publish","4":"has-post-thumbnail","6":"product_cat-da","7":"product_cat-vong-co","8":"product_tag-candytourmaline","9":"product_tag-ngoctrai","10":"product_tag-pearl","11":"product_tag-tourkeo","12":"product_tag-tourmaline","13":"product_tag-vongco","14":"pa_color-blue","15":"pa_fate-moc","16":"pa_fate-thuy","17":"pa_loai-da-ngoc","19":"first","20":"instock","21":"sale","22":"shipping-taxable","23":"purchasable","24":"product-type-simple"},"_links":{"self":[{"href":"https:\/\/www.erialshop.com\/index.php\/wp-json\/wp\/v2\/product\/24592","targetHints":{"allow":["GET"]}}],"collection":[{"href":"https:\/\/www.erialshop.com\/index.php\/wp-json\/wp\/v2\/product"}],"about":[{"href":"https:\/\/www.erialshop.com\/index.php\/wp-json\/wp\/v2\/types\/product"}],"replies":[{"embeddable":true,"href":"https:\/\/www.erialshop.com\/index.php\/wp-json\/wp\/v2\/comments?post=24592"}],"version-history":[{"count":2,"href":"https:\/\/www.erialshop.com\/index.php\/wp-json\/wp\/v2\/product\/24592\/revisions"}],"predecessor-version":[{"id":25855,"href":"https:\/\/www.erialshop.com\/index.php\/wp-json\/wp\/v2\/product\/24592\/revisions\/25855"}],"wp:featuredmedia":[{"embeddable":true,"href":"https:\/\/www.erialshop.com\/index.php\/wp-json\/wp\/v2\/media\/24599"}],"wp:attachment":[{"href":"https:\/\/www.erialshop.com\/index.php\/wp-json\/wp\/v2\/media?parent=24592"}],"wp:term":[{"taxonomy":"product_brand","embeddable":true,"href":"https:\/\/www.erialshop.com\/index.php\/wp-json\/wp\/v2\/product_brand?post=24592"},{"taxonomy":"product_cat","embeddable":true,"href":"https:\/\/www.erialshop.com\/index.php\/wp-json\/wp\/v2\/product_cat?post=24592"},{"taxonomy":"product_tag","embeddable":true,"href":"https:\/\/www.erialshop.com\/index.php\/wp-json\/wp\/v2\/product_tag?post=24592"}],"curies":[{"name":"wp","href":"https:\/\/api.w.org\/{rel}","templated":true}]}}