{"id":24417,"date":"2024-05-07T18:17:47","date_gmt":"2024-05-07T11:17:47","guid":{"rendered":"https:\/\/erialshop.com\/?post_type=product&#038;p=24417"},"modified":"2024-05-02T14:26:38","modified_gmt":"2024-05-02T07:26:38","slug":"super-seven-8-8-4ly","status":"publish","type":"product","link":"https:\/\/www.erialshop.com\/index.php\/product\/super-seven-8-8-4ly\/","title":{"rendered":"Super Seven 8-8.4ly"},"content":{"rendered":"<p><strong>V\u00f2ng tay v\u1edbi \u0111\u00e1 super seven h\u1ea1t tr\u00f2n lo\u1ea1i 8-8.4ly trong v\u1eaft ch\u1ea5t l\u01b0\u1ee3ng cao c\u00f9ng m\u1ed9t s\u1ed1 chi ti\u1ebft m\u1ea1 v\u00e0ng.<\/strong><\/p>\n<p>Super seven l\u00e0 lo\u1ea1i \u0111\u00e1 v\u1edbi 7 bi\u1ebfn th\u1ec3 kho\u00e1ng ch\u1ea5t kh\u00e1c nhau : Amethyst, Cacoxenite, Rutile quartz, Goethite, lepidocrocite, Clear quartz, v\u00e0 Smoky quartz.<\/p>\n<p>Shop c\u00f3 s\u1eb5n chi\u1ebfc y h\u00ecnh d\u00e0I 17.5cm ho\u1eb7c c\u00e1c b\u1ea1n c\u00f3 th\u1ec3 li\u00ean h\u1ec7 tr\u01b0\u1edbc v\u1edbi shop \u0111\u1ec3 \u0111\u01b0\u1ee3c t\u01b0 v\u1ea5n k\u0129 l\u01b0\u1ee1ng tr\u01b0\u1edbc khi \u0111\u1eb7t mua.<\/p>\n<p><strong>P.s: \u0110\u1ec3 \u0111\u01b0\u1ee3c shop ph\u1ea3n h\u1ed3i nhanh nh\u1ea5t, c\u00e1c b\u1ea1n vui l\u00f2ng b\u1ea5m v\u00e0o n\u00fat \u201cnh\u1eafn tin qua instagram\u201d \u1edf d\u01b0\u1edbi ch\u1eef \u201cmua ngay\u201d nh\u00e9.<\/strong><\/p>\n","protected":false},"excerpt":{"rendered":"<p>V\u00f2ng tay v\u1edbi \u0111\u00e1 super seven h\u1ea1t tr\u00f2n lo\u1ea1i 8-8.4ly trong v\u1eaft ch\u1ea5t l\u01b0\u1ee3ng cao c\u00f9ng m\u1ed9t s\u1ed1 chi ti\u1ebft m\u1ea1 v\u00e0ng. Super seven l\u00e0 lo\u1ea1i \u0111\u00e1 v\u1edbi 7 bi\u1ebfn th\u1ec3 kho\u00e1ng ch\u1ea5t kh\u00e1c nhau : Amethyst, Cacoxenite, Rutile quartz, Goethite, lepidocrocite, Clear quartz, v\u00e0 Smoky quartz. Shop c\u00f3 s\u1eb5n chi\u1ebfc y h\u00ecnh d\u00e0I 17.5cm ho\u1eb7c c\u00e1c b\u1ea1n c\u00f3 th\u1ec3 li\u00ean h\u1ec7 tr\u01b0\u1edbc v\u1edbi shop \u0111\u1ec3 \u0111\u01b0\u1ee3c t\u01b0 v\u1ea5n k\u0129 l\u01b0\u1ee1ng tr\u01b0\u1edbc khi \u0111\u1eb7t mua. P.s: \u0110\u1ec3 \u0111\u01b0\u1ee3c shop ph\u1ea3n h\u1ed3i nhanh nh\u1ea5t, c\u00e1c b\u1ea1n vui l\u00f2ng b\u1ea5m v\u00e0o n\u00fat \u201cnh\u1eafn tin qua instagram\u201d \u1edf d\u01b0\u1edbi ch\u1eef \u201cmua ngay\u201d nh\u00e9.<\/p>\n","protected":false},"featured_media":24401,"comment_status":"open","ping_status":"closed","template":"","meta":[],"product_brand":[],"product_cat":[284],"product_tag":[401,400,338],"class_list":{"0":"post-24417","1":"product","2":"type-product","3":"status-publish","4":"has-post-thumbnail","6":"product_cat-vong-tay","7":"product_tag-superseven","8":"product_tag-thachanhtim","9":"product_tag-vongtay","10":"pa_color-violet","11":"pa_fate-hoa","12":"pa_fate-tho","13":"pa_loai-da-thach-anh","14":"pa_loai-da-thach-anh-tim","15":"pa_size-8-ly","16":"pa_size-hat-tron","18":"first","19":"instock","20":"shipping-taxable","21":"purchasable","22":"product-type-simple"},"_links":{"self":[{"href":"https:\/\/www.erialshop.com\/index.php\/wp-json\/wp\/v2\/product\/24417","targetHints":{"allow":["GET"]}}],"collection":[{"href":"https:\/\/www.erialshop.com\/index.php\/wp-json\/wp\/v2\/product"}],"about":[{"href":"https:\/\/www.erialshop.com\/index.php\/wp-json\/wp\/v2\/types\/product"}],"replies":[{"embeddable":true,"href":"https:\/\/www.erialshop.com\/index.php\/wp-json\/wp\/v2\/comments?post=24417"}],"version-history":[{"count":0,"href":"https:\/\/www.erialshop.com\/index.php\/wp-json\/wp\/v2\/product\/24417\/revisions"}],"wp:featuredmedia":[{"embeddable":true,"href":"https:\/\/www.erialshop.com\/index.php\/wp-json\/wp\/v2\/media\/24401"}],"wp:attachment":[{"href":"https:\/\/www.erialshop.com\/index.php\/wp-json\/wp\/v2\/media?parent=24417"}],"wp:term":[{"taxonomy":"product_brand","embeddable":true,"href":"https:\/\/www.erialshop.com\/index.php\/wp-json\/wp\/v2\/product_brand?post=24417"},{"taxonomy":"product_cat","embeddable":true,"href":"https:\/\/www.erialshop.com\/index.php\/wp-json\/wp\/v2\/product_cat?post=24417"},{"taxonomy":"product_tag","embeddable":true,"href":"https:\/\/www.erialshop.com\/index.php\/wp-json\/wp\/v2\/product_tag?post=24417"}],"curies":[{"name":"wp","href":"https:\/\/api.w.org\/{rel}","templated":true}]}}