{"id":24303,"date":"2024-04-09T18:00:30","date_gmt":"2024-04-09T11:00:30","guid":{"rendered":"https:\/\/erialshop.com\/?post_type=product&#038;p=24303"},"modified":"2024-07-14T21:10:58","modified_gmt":"2024-07-14T14:10:58","slug":"tourmaline-tim-3ly-vit","status":"publish","type":"product","link":"https:\/\/www.erialshop.com\/index.php\/product\/tourmaline-tim-3ly-vit\/","title":{"rendered":"Tourmaline T\u00edm 3ly &#8211; V\u1ecbt"},"content":{"rendered":"<p><strong>V\u00f2ng tay b\u1eb1ng \u0111\u00e1 tourmaline t\u00f4ng m\u00e0u t\u00edm \u0111\u1eadm size 3ly ph\u1ed1i c\u00f9ng charm con v\u1ecbt b\u1eb1ng v\u1ecf s\u00f2 ng\u1ecdc trai c\u00f9ng m\u1ed9t s\u1ed1 chi ti\u1ebft m\u1ea1 v\u00e0ng. <\/strong><\/p>\n<p><strong>K\u00edch th\u01b0\u1edbc charm v\u1ecbt: 1cm x 1cm.<\/strong><\/p>\n<p>Shop c\u00f3 s\u1eb5n chi\u1ebfc y h\u00ecnh d\u00e0i 16cm ( h\u00ecnh 3-4) ho\u1eb7c c\u00e1c b\u1ea1n c\u00f3 th\u1ec3 li\u00ean h\u1ec7 tr\u01b0\u1edbc v\u1edbi shop \u0111\u1ec3 \u0111\u01b0\u1ee3c t\u01b0 v\u1ea5n k\u0129 l\u01b0\u1ee1ng tr\u01b0\u1edbc khi \u0111\u1eb7t mua.<\/p>\n<p><strong>P.s: \u0110\u1ec3 \u0111\u01b0\u1ee3c shop ph\u1ea3n h\u1ed3i nhanh nh\u1ea5t<\/strong><strong>, c\u00e1c b\u1ea1n vui l\u00f2ng b\u1ea5m v\u00e0o n\u00fat \u201cnh\u1eafn tin qua instagram\u201d \u1edf d\u01b0\u1edbi ch\u1eef \u201cmua ngay\u201d nh\u00e9.\u00a0<\/strong><\/p>\n","protected":false},"excerpt":{"rendered":"<p>V\u00f2ng tay b\u1eb1ng \u0111\u00e1 tourmaline t\u00f4ng m\u00e0u t\u00edm \u0111\u1eadm size 3ly ph\u1ed1i c\u00f9ng charm con v\u1ecbt b\u1eb1ng v\u1ecf s\u00f2 ng\u1ecdc trai c\u00f9ng m\u1ed9t s\u1ed1 chi ti\u1ebft m\u1ea1 v\u00e0ng. K\u00edch th\u01b0\u1edbc charm v\u1ecbt: 1cm x 1cm. Shop c\u00f3 s\u1eb5n chi\u1ebfc y h\u00ecnh d\u00e0i 16cm ( h\u00ecnh 3-4) ho\u1eb7c c\u00e1c b\u1ea1n c\u00f3 th\u1ec3 li\u00ean h\u1ec7 tr\u01b0\u1edbc v\u1edbi shop \u0111\u1ec3 \u0111\u01b0\u1ee3c t\u01b0 v\u1ea5n k\u0129 l\u01b0\u1ee1ng tr\u01b0\u1edbc khi \u0111\u1eb7t mua. P.s: \u0110\u1ec3 \u0111\u01b0\u1ee3c shop ph\u1ea3n h\u1ed3i nhanh nh\u1ea5t, c\u00e1c b\u1ea1n vui l\u00f2ng b\u1ea5m v\u00e0o n\u00fat \u201cnh\u1eafn tin qua instagram\u201d \u1edf d\u01b0\u1edbi ch\u1eef \u201cmua ngay\u201d nh\u00e9.\u00a0<\/p>\n","protected":false},"featured_media":24295,"comment_status":"open","ping_status":"closed","template":"","meta":[],"product_brand":[],"product_cat":[284],"product_tag":[383,339,338],"class_list":{"0":"post-24303","1":"product","2":"type-product","3":"status-publish","4":"has-post-thumbnail","6":"product_cat-vong-tay","7":"product_tag-daydoi","8":"product_tag-tourmaline","9":"product_tag-vongtay","10":"pa_color-violet","11":"pa_loai-da-tourmaline","12":"pa_size-3-ly","13":"pa_style-charms","15":"first","16":"instock","17":"shipping-taxable","18":"purchasable","19":"product-type-simple"},"_links":{"self":[{"href":"https:\/\/www.erialshop.com\/index.php\/wp-json\/wp\/v2\/product\/24303","targetHints":{"allow":["GET"]}}],"collection":[{"href":"https:\/\/www.erialshop.com\/index.php\/wp-json\/wp\/v2\/product"}],"about":[{"href":"https:\/\/www.erialshop.com\/index.php\/wp-json\/wp\/v2\/types\/product"}],"replies":[{"embeddable":true,"href":"https:\/\/www.erialshop.com\/index.php\/wp-json\/wp\/v2\/comments?post=24303"}],"version-history":[{"count":0,"href":"https:\/\/www.erialshop.com\/index.php\/wp-json\/wp\/v2\/product\/24303\/revisions"}],"wp:featuredmedia":[{"embeddable":true,"href":"https:\/\/www.erialshop.com\/index.php\/wp-json\/wp\/v2\/media\/24295"}],"wp:attachment":[{"href":"https:\/\/www.erialshop.com\/index.php\/wp-json\/wp\/v2\/media?parent=24303"}],"wp:term":[{"taxonomy":"product_brand","embeddable":true,"href":"https:\/\/www.erialshop.com\/index.php\/wp-json\/wp\/v2\/product_brand?post=24303"},{"taxonomy":"product_cat","embeddable":true,"href":"https:\/\/www.erialshop.com\/index.php\/wp-json\/wp\/v2\/product_cat?post=24303"},{"taxonomy":"product_tag","embeddable":true,"href":"https:\/\/www.erialshop.com\/index.php\/wp-json\/wp\/v2\/product_tag?post=24303"}],"curies":[{"name":"wp","href":"https:\/\/api.w.org\/{rel}","templated":true}]}}