{"id":24286,"date":"2024-04-04T18:34:18","date_gmt":"2024-04-04T11:34:18","guid":{"rendered":"https:\/\/erialshop.com\/?post_type=product&#038;p=24286"},"modified":"2024-08-12T20:59:53","modified_gmt":"2024-08-12T13:59:53","slug":"tourmaline-8-5ly-01","status":"publish","type":"product","link":"https:\/\/www.erialshop.com\/index.php\/product\/tourmaline-8-5ly-01\/","title":{"rendered":"Tourmaline 8.5ly &#8211; 01"},"content":{"rendered":"<p><strong>V\u00f2ng tay \u0111\u00e1 tourmaline h\u1ea1t tr\u00f2n size 8.5ly \u0111a s\u1eafc x\u1ecf thun \u0111\u01a1n gi\u1ea3n. T\u00f4ng m\u00e0u t\u01b0\u01a1i s\u00e1ng, ch\u1ea5t \u0111\u00e1 trong tr\u1ebbo.<\/strong><\/p>\n<p>Shop c\u00f3 s\u1eb5n chi\u1ebfc nh\u01b0 h\u00ecnh chi\u1ec1u d\u00e0i 17-17,5cm ho\u1eb7c b\u1ea1n c\u00f3 th\u1ec3 li\u00ean h\u1ec7 v\u1edbi shop \u0111\u1ec3 \u0111\u01b0\u1ee3c t\u01b0 v\u1ea5n k\u1ef9 tr\u01b0\u1edbc khi \u0111\u1eb7t mua.<\/p>\n<p><em>L\u01b0u \u00fd: S\u1ea3n ph\u1ea9m tr\u00ean v\u1edbi nh\u1eefng vi\u00ean \u0111\u00e1 t\u1ef1 nhi\u00ean th\u00ec g\u1ea7n nh\u01b0 c\u00f3 ch\u00fat khuy\u1ebft \u0111i\u1ec3m nh\u01b0: v\u1ebft r\u1ea1n, n\u1ee9t, ho\u1eb7c l\u00f5m nh\u1eb9 do qu\u00e1 tr\u00ecnh khai th\u00e1c v\u00e0 gia c\u00f4ng m\u00e0i c\u1eaft \u0111\u00e1.<\/em><\/p>\n<p><strong>P.s: \u0110\u1ec3 \u0111\u01b0\u1ee3c shop ph\u1ea3n h\u1ed3i nhanh nh\u1ea5t, c\u00e1c b\u1ea1n vui l\u00f2ng b\u1ea5m v\u00e0o n\u00fat \u201cnh\u1eafn tin qua instagram\u201d \u1edf d\u01b0\u1edbi ch\u1eef \u201cmua ngay\u201d nh\u00e9.<\/strong><\/p>\n","protected":false},"excerpt":{"rendered":"<p>V\u00f2ng tay \u0111\u00e1 tourmaline h\u1ea1t tr\u00f2n size 8.5ly \u0111a s\u1eafc x\u1ecf thun \u0111\u01a1n gi\u1ea3n. T\u00f4ng m\u00e0u t\u01b0\u01a1i s\u00e1ng, ch\u1ea5t \u0111\u00e1 trong tr\u1ebbo. Shop c\u00f3 s\u1eb5n chi\u1ebfc nh\u01b0 h\u00ecnh chi\u1ec1u d\u00e0i 17-17,5cm ho\u1eb7c b\u1ea1n c\u00f3 th\u1ec3 li\u00ean h\u1ec7 v\u1edbi shop \u0111\u1ec3 \u0111\u01b0\u1ee3c t\u01b0 v\u1ea5n k\u1ef9 tr\u01b0\u1edbc khi \u0111\u1eb7t mua. L\u01b0u \u00fd: S\u1ea3n ph\u1ea9m tr\u00ean v\u1edbi nh\u1eefng vi\u00ean \u0111\u00e1 t\u1ef1 nhi\u00ean th\u00ec g\u1ea7n nh\u01b0 c\u00f3 ch\u00fat khuy\u1ebft \u0111i\u1ec3m nh\u01b0: v\u1ebft r\u1ea1n, n\u1ee9t, ho\u1eb7c l\u00f5m nh\u1eb9 do qu\u00e1 tr\u00ecnh khai th\u00e1c v\u00e0 gia c\u00f4ng m\u00e0i c\u1eaft \u0111\u00e1. P.s: \u0110\u1ec3 \u0111\u01b0\u1ee3c shop ph\u1ea3n h\u1ed3i nhanh nh\u1ea5t, c\u00e1c b\u1ea1n vui l\u00f2ng b\u1ea5m v\u00e0o n\u00fat \u201cnh\u1eafn tin qua instagram\u201d \u1edf d\u01b0\u1edbi ch\u1eef \u201cmua ngay\u201d nh\u00e9.<\/p>\n","protected":false},"featured_media":24271,"comment_status":"open","ping_status":"closed","template":"","meta":[],"product_brand":[],"product_cat":[284],"product_tag":[339,338],"class_list":{"0":"post-24286","1":"product","2":"type-product","3":"status-publish","4":"has-post-thumbnail","6":"product_cat-vong-tay","7":"product_tag-tourmaline","8":"product_tag-vongtay","9":"pa_color-da-sac","10":"pa_loai-da-tourmaline","11":"pa_size-8-ly","12":"pa_size-hat-tron","13":"pa_style-tron","15":"first","16":"instock","17":"sale","18":"shipping-taxable","19":"purchasable","20":"product-type-simple"},"_links":{"self":[{"href":"https:\/\/www.erialshop.com\/index.php\/wp-json\/wp\/v2\/product\/24286","targetHints":{"allow":["GET"]}}],"collection":[{"href":"https:\/\/www.erialshop.com\/index.php\/wp-json\/wp\/v2\/product"}],"about":[{"href":"https:\/\/www.erialshop.com\/index.php\/wp-json\/wp\/v2\/types\/product"}],"replies":[{"embeddable":true,"href":"https:\/\/www.erialshop.com\/index.php\/wp-json\/wp\/v2\/comments?post=24286"}],"version-history":[{"count":0,"href":"https:\/\/www.erialshop.com\/index.php\/wp-json\/wp\/v2\/product\/24286\/revisions"}],"wp:featuredmedia":[{"embeddable":true,"href":"https:\/\/www.erialshop.com\/index.php\/wp-json\/wp\/v2\/media\/24271"}],"wp:attachment":[{"href":"https:\/\/www.erialshop.com\/index.php\/wp-json\/wp\/v2\/media?parent=24286"}],"wp:term":[{"taxonomy":"product_brand","embeddable":true,"href":"https:\/\/www.erialshop.com\/index.php\/wp-json\/wp\/v2\/product_brand?post=24286"},{"taxonomy":"product_cat","embeddable":true,"href":"https:\/\/www.erialshop.com\/index.php\/wp-json\/wp\/v2\/product_cat?post=24286"},{"taxonomy":"product_tag","embeddable":true,"href":"https:\/\/www.erialshop.com\/index.php\/wp-json\/wp\/v2\/product_tag?post=24286"}],"curies":[{"name":"wp","href":"https:\/\/api.w.org\/{rel}","templated":true}]}}