{"id":24206,"date":"2024-03-10T18:49:46","date_gmt":"2024-03-10T11:49:46","guid":{"rendered":"https:\/\/erialshop.com\/?post_type=product&#038;p=24206"},"modified":"2024-08-12T20:34:16","modified_gmt":"2024-08-12T13:34:16","slug":"tourmaline-banh-bao-02-den","status":"publish","type":"product","link":"https:\/\/www.erialshop.com\/index.php\/product\/tourmaline-banh-bao-02-den\/","title":{"rendered":"Tourmaline B\u00e1nh Bao 02 &#8211; \u0110en"},"content":{"rendered":"<p><strong>V\u00f2ng tay \u0111\u00e1 tourmaline m\u00e0u \u0111en h\u1ea1t h\u00ecnh b\u00e1nh bao size 5ly x 7ly c\u00f9ng m\u1ed9t. s\u1ed1 chi ti\u1ebft m\u1ea1 v\u00e0ng. Khi \u0111\u01b0a ra s\u00e1ng nhi\u1ec1u ho\u1eb7c soi \u0111\u00e8n s\u1ebd nh\u00ecn th\u1ea5y c\u00e1c m\u00e0u ch\u00ecm nh\u01b0 xanh l\u00e1, xanh d\u01b0\u01a1ng&#8230;.<\/strong><\/p>\n<p>Shop c\u00f3 s\u1eb5n chi\u1ebfc y h\u00ecnh d\u00e0i 17.5cm. C\u00e1c b\u1ea1n c\u00f3 th\u1ec3 li\u00ean h\u1ec7 tr\u01b0\u1edbc v\u1edbi shop \u0111\u1ec3 \u0111\u01b0\u1ee3c t\u01b0 v\u1ea5n k\u0129 l\u01b0\u1ee1ng tr\u01b0\u1edbc khi \u0111\u1eb7t mua.<\/p>\n<p><em>L\u01b0u \u00fd: S\u1ea3n ph\u1ea9m tr\u00ean v\u1edbi nh\u1eefng vi\u00ean \u0111\u00e1 t\u1ef1 nhi\u00ean th\u00ec g\u1ea7n nh\u01b0 c\u00f3 ch\u00fat khuy\u1ebft \u0111i\u1ec3m nh\u01b0: v\u1ebft r\u1ea1n, c\u00f3 \u00edt t\u1ea1p ch\u1ea5t, tr\u1ea7y do qu\u00e1 tr\u00ecnh khai th\u00e1c v\u00e0 gia c\u00f4ng m\u00e0i c\u1eaft \u0111\u00e1.<\/em><\/p>\n<p><strong>P.s: \u0110\u1ec3 \u0111\u01b0\u1ee3c shop ph\u1ea3n h\u1ed3i nhanh nh\u1ea5t, c\u00e1c b\u1ea1n vui l\u00f2ng b\u1ea5m v\u00e0o n\u00fat \u201cnh\u1eafn tin qua instagram\u201d \u1edf d\u01b0\u1edbi ch\u1eef \u201cmua ngay\u201d nh\u00e9.<\/strong><\/p>\n","protected":false},"excerpt":{"rendered":"<p>V\u00f2ng tay \u0111\u00e1 tourmaline m\u00e0u \u0111en h\u1ea1t h\u00ecnh b\u00e1nh bao size 5ly x 7ly c\u00f9ng m\u1ed9t. s\u1ed1 chi ti\u1ebft m\u1ea1 v\u00e0ng. Khi \u0111\u01b0a ra s\u00e1ng nhi\u1ec1u ho\u1eb7c soi \u0111\u00e8n s\u1ebd nh\u00ecn th\u1ea5y c\u00e1c m\u00e0u ch\u00ecm nh\u01b0 xanh l\u00e1, xanh d\u01b0\u01a1ng&#8230;. Shop c\u00f3 s\u1eb5n chi\u1ebfc y h\u00ecnh d\u00e0i 17.5cm. C\u00e1c b\u1ea1n c\u00f3 th\u1ec3 li\u00ean h\u1ec7 tr\u01b0\u1edbc v\u1edbi shop \u0111\u1ec3 \u0111\u01b0\u1ee3c t\u01b0 v\u1ea5n k\u0129 l\u01b0\u1ee1ng tr\u01b0\u1edbc khi \u0111\u1eb7t mua. L\u01b0u \u00fd: S\u1ea3n ph\u1ea9m tr\u00ean v\u1edbi nh\u1eefng vi\u00ean \u0111\u00e1 t\u1ef1 nhi\u00ean th\u00ec g\u1ea7n nh\u01b0 c\u00f3 ch\u00fat khuy\u1ebft \u0111i\u1ec3m nh\u01b0: v\u1ebft r\u1ea1n, c\u00f3 \u00edt t\u1ea1p ch\u1ea5t, tr\u1ea7y do qu\u00e1 tr\u00ecnh khai th\u00e1c v\u00e0 gia c\u00f4ng m\u00e0i c\u1eaft \u0111\u00e1. P.s: \u0110\u1ec3 \u0111\u01b0\u1ee3c shop ph\u1ea3n h\u1ed3i nhanh nh\u1ea5t, c\u00e1c b\u1ea1n vui l\u00f2ng b\u1ea5m v\u00e0o n\u00fat \u201cnh\u1eafn tin qua instagram\u201d \u1edf d\u01b0\u1edbi ch\u1eef \u201cmua ngay\u201d nh\u00e9.<\/p>\n","protected":false},"featured_media":24195,"comment_status":"open","ping_status":"closed","template":"","meta":[],"product_brand":[],"product_cat":[284],"product_tag":[394,338],"class_list":{"0":"post-24206","1":"product","2":"type-product","3":"status-publish","4":"has-post-thumbnail","6":"product_cat-vong-tay","7":"product_tag-candytourmaline","8":"product_tag-vongtay","9":"pa_color-black","10":"pa_loai-da-tourmaline","11":"pa_size-5-ly","12":"pa_size-7ly","13":"pa_style-tron","15":"first","16":"instock","17":"sale","18":"shipping-taxable","19":"purchasable","20":"product-type-simple"},"_links":{"self":[{"href":"https:\/\/www.erialshop.com\/index.php\/wp-json\/wp\/v2\/product\/24206","targetHints":{"allow":["GET"]}}],"collection":[{"href":"https:\/\/www.erialshop.com\/index.php\/wp-json\/wp\/v2\/product"}],"about":[{"href":"https:\/\/www.erialshop.com\/index.php\/wp-json\/wp\/v2\/types\/product"}],"replies":[{"embeddable":true,"href":"https:\/\/www.erialshop.com\/index.php\/wp-json\/wp\/v2\/comments?post=24206"}],"version-history":[{"count":0,"href":"https:\/\/www.erialshop.com\/index.php\/wp-json\/wp\/v2\/product\/24206\/revisions"}],"wp:featuredmedia":[{"embeddable":true,"href":"https:\/\/www.erialshop.com\/index.php\/wp-json\/wp\/v2\/media\/24195"}],"wp:attachment":[{"href":"https:\/\/www.erialshop.com\/index.php\/wp-json\/wp\/v2\/media?parent=24206"}],"wp:term":[{"taxonomy":"product_brand","embeddable":true,"href":"https:\/\/www.erialshop.com\/index.php\/wp-json\/wp\/v2\/product_brand?post=24206"},{"taxonomy":"product_cat","embeddable":true,"href":"https:\/\/www.erialshop.com\/index.php\/wp-json\/wp\/v2\/product_cat?post=24206"},{"taxonomy":"product_tag","embeddable":true,"href":"https:\/\/www.erialshop.com\/index.php\/wp-json\/wp\/v2\/product_tag?post=24206"}],"curies":[{"name":"wp","href":"https:\/\/api.w.org\/{rel}","templated":true}]}}