{"id":24203,"date":"2024-03-07T17:30:15","date_gmt":"2024-03-07T10:30:15","guid":{"rendered":"https:\/\/erialshop.com\/?post_type=product&#038;p=24203"},"modified":"2024-07-30T17:45:02","modified_gmt":"2024-07-30T10:45:02","slug":"lovely-spring-pink-flowers","status":"publish","type":"product","link":"https:\/\/www.erialshop.com\/index.php\/product\/lovely-spring-pink-flowers\/","title":{"rendered":"Lovely Spring \u2013 Pink Flowers"},"content":{"rendered":"<p><strong>V\u00f2ng tay \u0111an d\u00e3y hoa li\u1ec1n k\u1ec1 v\u1edbi \u0111\u00e1 ruby h\u1ed3ng 2ly mix v\u1edbi \u0111\u00e1 diopside m\u00e0u xanh l\u1ee5c size 2.5ly mix charm b\u01b0\u1edbm c\u00f9ng m\u1ed9t s\u1ed1 cho ti\u1ebft m\u1ea1 v\u00e0ng.<\/strong><\/p>\n<p>D\u00e2y y h\u00ecnh s\u1eb5n chi\u1ec1u d\u00e0i 15.5-16cm, \u0111eo ki\u1ec3u \u00f4m tay theo b\u1ec1 ngang c\u1ee7a chi\u1ebfc v\u00f2ng ho\u1eb7c c\u00e1c <span style=\"letter-spacing: 0px;\">b\u1ea1n c\u00f3 th\u1ec3 li\u00ean h\u1ec7 v\u1edbi shop \u0111\u1ec3 \u0111\u1eb7t \u0111\u01b0\u1ee3c t\u01b0 v\u1ea5n k\u1ef9 tr\u01b0\u1edbc khi \u0111\u1eb7t mua.<\/span><\/p>\n<hr \/>\n<ul>\n<li><strong>\u0110\u00e1 ruby h\u1ea1t c\u1eaft gi\u00e1c size 2ly trong s\u1ea3n ph\u1ea9m n\u00e0y l\u00e0 \u0111\u00e1 ruby t\u1ef1 nhi\u00ean \u0111\u00e3 c\u00f3 qua x\u1eed l\u00fd m\u00e0u l\u00e0m cho m\u00e0u h\u1ed3ng c\u1ee7a \u0111\u00e1 t\u01b0\u01a1i h\u01a1n, ch\u1ea5t \u0111\u00e1 trong v\u00e0 \u0111\u1eb9p m\u1eaft h\u01a1n so v\u1edbi lo\u1ea1i ruby t\u1ef1 nhi\u00ean ch\u01b0a x\u1eed l\u00fd s\u1ebd kh\u00f4ng \u0111\u1ec1u m\u00e0u, nhi\u1ec1u b\u1ecdt kh\u00ed v\u00e0 l\u00f5m\u2026<\/strong><\/li>\n<\/ul>\n<p><strong>P.s: \u0110\u1ec3 \u0111\u01b0\u1ee3c shop ph\u1ea3n h\u1ed3i nhanh nh\u1ea5t, c\u00e1c b\u1ea1n vui l\u00f2ng b\u1ea5m v\u00e0o n\u00fat \u201cnh\u1eafn tin qua instagram\u201d \u1edf d\u01b0\u1edbi ch\u1eef \u201cmua ngay\u201d nh\u00e9.<\/strong><\/p>\n","protected":false},"excerpt":{"rendered":"<p>V\u00f2ng tay \u0111an d\u00e3y hoa li\u1ec1n k\u1ec1 v\u1edbi \u0111\u00e1 ruby h\u1ed3ng 2ly mix v\u1edbi \u0111\u00e1 diopside m\u00e0u xanh l\u1ee5c size 2.5ly mix charm b\u01b0\u1edbm c\u00f9ng m\u1ed9t s\u1ed1 cho ti\u1ebft m\u1ea1 v\u00e0ng. D\u00e2y y h\u00ecnh s\u1eb5n chi\u1ec1u d\u00e0i 15.5-16cm, \u0111eo ki\u1ec3u \u00f4m tay theo b\u1ec1 ngang c\u1ee7a chi\u1ebfc v\u00f2ng ho\u1eb7c c\u00e1c b\u1ea1n c\u00f3 th\u1ec3 li\u00ean h\u1ec7 v\u1edbi shop \u0111\u1ec3 \u0111\u1eb7t \u0111\u01b0\u1ee3c t\u01b0 v\u1ea5n k\u1ef9 tr\u01b0\u1edbc khi \u0111\u1eb7t mua. \u0110\u00e1 ruby h\u1ea1t c\u1eaft gi\u00e1c size 2ly trong s\u1ea3n ph\u1ea9m n\u00e0y l\u00e0 \u0111\u00e1 ruby t\u1ef1 nhi\u00ean \u0111\u00e3 c\u00f3 qua x\u1eed l\u00fd m\u00e0u l\u00e0m cho m\u00e0u h\u1ed3ng c\u1ee7a \u0111\u00e1 t\u01b0\u01a1i h\u01a1n, ch\u1ea5t \u0111\u00e1 trong v\u00e0 \u0111\u1eb9p m\u1eaft h\u01a1n so v\u1edbi lo\u1ea1i ruby t\u1ef1 nhi\u00ean ch\u01b0a x\u1eed l\u00fd s\u1ebd kh\u00f4ng \u0111\u1ec1u m\u00e0u, nhi\u1ec1u b\u1ecdt kh\u00ed v\u00e0 l\u00f5m\u2026 P.s: \u0110\u1ec3 \u0111\u01b0\u1ee3c shop ph\u1ea3n h\u1ed3i nhanh nh\u1ea5t, c\u00e1c b\u1ea1n vui l\u00f2ng b\u1ea5m v\u00e0o n\u00fat \u201cnh\u1eafn tin qua instagram\u201d \u1edf d\u01b0\u1edbi ch\u1eef \u201cmua ngay\u201d nh\u00e9.<\/p>\n","protected":false},"featured_media":24189,"comment_status":"open","ping_status":"closed","template":"","meta":[],"product_brand":[],"product_cat":[284],"product_tag":[450,338,408],"class_list":{"0":"post-24203","1":"product","2":"type-product","3":"status-publish","4":"has-post-thumbnail","6":"product_cat-vong-tay","7":"product_tag-diopside","8":"product_tag-vongtay","9":"product_tag-xanhla","10":"pa_color-pink","11":"pa_color-green","12":"pa_fate-hoa","13":"pa_fate-tho","14":"pa_loai-da-diopside","15":"pa_loai-da-ruby","16":"pa_size-2-ly","17":"pa_style-dieu-da","19":"first","20":"instock","21":"shipping-taxable","22":"purchasable","23":"product-type-simple"},"_links":{"self":[{"href":"https:\/\/www.erialshop.com\/index.php\/wp-json\/wp\/v2\/product\/24203","targetHints":{"allow":["GET"]}}],"collection":[{"href":"https:\/\/www.erialshop.com\/index.php\/wp-json\/wp\/v2\/product"}],"about":[{"href":"https:\/\/www.erialshop.com\/index.php\/wp-json\/wp\/v2\/types\/product"}],"replies":[{"embeddable":true,"href":"https:\/\/www.erialshop.com\/index.php\/wp-json\/wp\/v2\/comments?post=24203"}],"version-history":[{"count":0,"href":"https:\/\/www.erialshop.com\/index.php\/wp-json\/wp\/v2\/product\/24203\/revisions"}],"wp:featuredmedia":[{"embeddable":true,"href":"https:\/\/www.erialshop.com\/index.php\/wp-json\/wp\/v2\/media\/24189"}],"wp:attachment":[{"href":"https:\/\/www.erialshop.com\/index.php\/wp-json\/wp\/v2\/media?parent=24203"}],"wp:term":[{"taxonomy":"product_brand","embeddable":true,"href":"https:\/\/www.erialshop.com\/index.php\/wp-json\/wp\/v2\/product_brand?post=24203"},{"taxonomy":"product_cat","embeddable":true,"href":"https:\/\/www.erialshop.com\/index.php\/wp-json\/wp\/v2\/product_cat?post=24203"},{"taxonomy":"product_tag","embeddable":true,"href":"https:\/\/www.erialshop.com\/index.php\/wp-json\/wp\/v2\/product_tag?post=24203"}],"curies":[{"name":"wp","href":"https:\/\/api.w.org\/{rel}","templated":true}]}}