{"id":24143,"date":"2024-09-25T18:00:01","date_gmt":"2024-09-25T11:00:01","guid":{"rendered":"https:\/\/erialshop.com\/?post_type=product&#038;p=24143"},"modified":"2025-03-04T14:25:19","modified_gmt":"2025-03-04T07:25:19","slug":"amazonite-4ly-buom","status":"publish","type":"product","link":"https:\/\/www.erialshop.com\/index.php\/product\/amazonite-4ly-buom\/","title":{"rendered":"Amazonite 4ly &#8211; B\u01b0\u1edbm"},"content":{"rendered":"<p class=\"p1\"><strong>V\u00f2ng tay v\u1edbi \u0111\u00e1 amazonite h\u1ea1t c\u1eaft gi\u00e1c size 4ly c\u00f3 t\u00f4ng m\u00e0u xanh ng\u1ecdc mix charm b\u01b0\u1edbm c\u00f9ng m\u1ed9t s\u1ed1 chi ti\u1ebft m\u1ea1 v\u00e0ng.<\/strong><\/p>\n<p>Shop c\u00f3 s\u1eb5n chi\u1ebfc y h\u00ecnh d\u00e0i 16cm ho\u1eb7c c\u00e1c b\u1ea1n c\u00f3 th\u1ec3 li\u00ean h\u1ec7 v\u1edbi shop tr\u01b0\u1edbc khi \u0111\u1eb7t mua.<\/p>\n<p><strong>P.s: \u0110\u1ec3 \u0111\u01b0\u1ee3c shop ph\u1ea3n h\u1ed3i nhanh nh\u1ea5t<\/strong><strong style=\"letter-spacing: 0px;\">, c\u00e1c b\u1ea1n vui l\u00f2ng b\u1ea5m v\u00e0o n\u00fat &#8220;nh\u1eafn tin qua instagram&#8221; \u1edf d\u01b0\u1edbi ch\u1eef &#8220;mua ngay&#8221; nh\u00e9.\u00a0<\/strong><\/p>\n","protected":false},"excerpt":{"rendered":"<p>V\u00f2ng tay v\u1edbi \u0111\u00e1 amazonite h\u1ea1t c\u1eaft gi\u00e1c size 4ly c\u00f3 t\u00f4ng m\u00e0u xanh ng\u1ecdc mix charm b\u01b0\u1edbm c\u00f9ng m\u1ed9t s\u1ed1 chi ti\u1ebft m\u1ea1 v\u00e0ng. Shop c\u00f3 s\u1eb5n chi\u1ebfc y h\u00ecnh d\u00e0i 16cm ho\u1eb7c c\u00e1c b\u1ea1n c\u00f3 th\u1ec3 li\u00ean h\u1ec7 v\u1edbi shop tr\u01b0\u1edbc khi \u0111\u1eb7t mua. P.s: \u0110\u1ec3 \u0111\u01b0\u1ee3c shop ph\u1ea3n h\u1ed3i nhanh nh\u1ea5t, c\u00e1c b\u1ea1n vui l\u00f2ng b\u1ea5m v\u00e0o n\u00fat &#8220;nh\u1eafn tin qua instagram&#8221; \u1edf d\u01b0\u1edbi ch\u1eef &#8220;mua ngay&#8221; nh\u00e9.\u00a0<\/p>\n","protected":false},"featured_media":25476,"comment_status":"open","ping_status":"closed","template":"","meta":[],"product_brand":[],"product_cat":[284],"product_tag":[461,398,338],"class_list":{"0":"post-24143","1":"product","2":"type-product","3":"status-publish","4":"has-post-thumbnail","6":"product_cat-vong-tay","7":"product_tag-candy-tourmaline","8":"product_tag-herkimer","9":"product_tag-vongtay","10":"pa_color-blue","11":"pa_fate-moc","12":"pa_fate-thuy","13":"pa_loai-da-amazonite","14":"pa_size-4-ly","15":"pa_style-charms","17":"first","18":"instock","19":"sale","20":"featured","21":"shipping-taxable","22":"purchasable","23":"product-type-simple"},"_links":{"self":[{"href":"https:\/\/www.erialshop.com\/index.php\/wp-json\/wp\/v2\/product\/24143","targetHints":{"allow":["GET"]}}],"collection":[{"href":"https:\/\/www.erialshop.com\/index.php\/wp-json\/wp\/v2\/product"}],"about":[{"href":"https:\/\/www.erialshop.com\/index.php\/wp-json\/wp\/v2\/types\/product"}],"replies":[{"embeddable":true,"href":"https:\/\/www.erialshop.com\/index.php\/wp-json\/wp\/v2\/comments?post=24143"}],"version-history":[{"count":1,"href":"https:\/\/www.erialshop.com\/index.php\/wp-json\/wp\/v2\/product\/24143\/revisions"}],"predecessor-version":[{"id":25478,"href":"https:\/\/www.erialshop.com\/index.php\/wp-json\/wp\/v2\/product\/24143\/revisions\/25478"}],"wp:featuredmedia":[{"embeddable":true,"href":"https:\/\/www.erialshop.com\/index.php\/wp-json\/wp\/v2\/media\/25476"}],"wp:attachment":[{"href":"https:\/\/www.erialshop.com\/index.php\/wp-json\/wp\/v2\/media?parent=24143"}],"wp:term":[{"taxonomy":"product_brand","embeddable":true,"href":"https:\/\/www.erialshop.com\/index.php\/wp-json\/wp\/v2\/product_brand?post=24143"},{"taxonomy":"product_cat","embeddable":true,"href":"https:\/\/www.erialshop.com\/index.php\/wp-json\/wp\/v2\/product_cat?post=24143"},{"taxonomy":"product_tag","embeddable":true,"href":"https:\/\/www.erialshop.com\/index.php\/wp-json\/wp\/v2\/product_tag?post=24143"}],"curies":[{"name":"wp","href":"https:\/\/api.w.org\/{rel}","templated":true}]}}