{"id":23986,"date":"2024-09-30T15:23:18","date_gmt":"2024-09-30T08:23:18","guid":{"rendered":"https:\/\/erialshop.com\/?post_type=product&#038;p=23986"},"modified":"2024-10-29T15:56:32","modified_gmt":"2024-10-29T08:56:32","slug":"mixed-tourmaline-01","status":"publish","type":"product","link":"https:\/\/www.erialshop.com\/index.php\/product\/mixed-tourmaline-01\/","title":{"rendered":"Mixed Tourmaline 01"},"content":{"rendered":"<p><strong>V\u00f2ng tay v\u1edbi \u0111\u00e1 tourmaline \u0111a s\u1eafc size 4ly tr\u1ed9n ng\u1eabu h\u1ee9ng v\u1edbi ng\u1ecdc trai th\u1eadt, \u0111\u00e1 m\u00e3 n\u00e3o \u0111\u1ecf cam c\u00f9ng m\u1ed9t s\u1ed1 chi ti\u1ebft m\u1ea1 v\u00e0ng.<\/strong><\/p>\n<ul>\n<li>Tourmaline c\u1eaft gi\u00e1c 4ly<\/li>\n<li>Tourmaline h\u1ea1t l\u01b0u th\u1ed1ng 4x8ly<\/li>\n<li>Ng\u1ecdc trai th\u1eadt 4ly- 7ly<\/li>\n<li>m\u00e3 n\u00e3o h\u1ea1t b\u00e1nh xe \u0111\u1ecf cam size 3x4ly<\/li>\n<\/ul>\n<p>Shop c\u00f3 s\u1eb5n chi\u1ebfc chi\u1ec1u d\u00e0i 16cm. C\u00e1c b\u1ea1n c\u00f3 th\u1ec3 li\u00ean h\u1ec7 tr\u01b0\u1edbc v\u1edbi shop \u0111\u1ec3 \u0111\u01b0\u1ee3c t\u01b0 v\u1ea5n k\u0129 tr\u01b0\u1edbc khi \u0111\u1eb7t mua.<\/p>\n<hr \/>\n<p><em><strong>L\u01b0u \u00fd:<\/strong>\u00a0M\u1eabu v\u00f2ng c\u00f3 nhi\u1ec1u chi ti\u1ebft m\u1ea1 v\u00e0ng, c\u00e1c b\u1ea1n vui l\u00f2ng h\u1ea1n ch\u1ebf \u0111\u1ee5ng n\u01b0\u1edbc, ho\u00e1 ch\u1ea5t, m\u1ed3 h\u00f4i \u0111\u1ec3 h\u1ea1n ch\u1ebf oxy ho\u00e1 v\u00e0 gi\u1eef m\u00e0u \u0111\u01b0\u1ee3c l\u1edbp xi m\u1ea1 l\u00e2u h\u01a1n.<\/em><\/p>\n<p><strong>P.s: \u0110\u1ec3 \u0111\u01b0\u1ee3c shop ph\u1ea3n h\u1ed3i nhanh nh\u1ea5t<\/strong><strong>, c\u00e1c b\u1ea1n vui l\u00f2ng b\u1ea5m v\u00e0o n\u00fat \u201cnh\u1eafn tin qua instagram\u201d \u1edf d\u01b0\u1edbi ch\u1eef \u201cmua ngay\u201d nh\u00e9.\u00a0<\/strong><\/p>\n","protected":false},"excerpt":{"rendered":"<p>V\u00f2ng tay v\u1edbi \u0111\u00e1 tourmaline \u0111a s\u1eafc size 4ly tr\u1ed9n ng\u1eabu h\u1ee9ng v\u1edbi ng\u1ecdc trai th\u1eadt, \u0111\u00e1 m\u00e3 n\u00e3o \u0111\u1ecf cam c\u00f9ng m\u1ed9t s\u1ed1 chi ti\u1ebft m\u1ea1 v\u00e0ng. Tourmaline c\u1eaft gi\u00e1c 4ly Tourmaline h\u1ea1t l\u01b0u th\u1ed1ng 4x8ly Ng\u1ecdc trai th\u1eadt 4ly- 7ly m\u00e3 n\u00e3o h\u1ea1t b\u00e1nh xe \u0111\u1ecf cam size 3x4ly Shop c\u00f3 s\u1eb5n chi\u1ebfc chi\u1ec1u d\u00e0i 16cm. C\u00e1c b\u1ea1n c\u00f3 th\u1ec3 li\u00ean h\u1ec7 tr\u01b0\u1edbc v\u1edbi shop \u0111\u1ec3 \u0111\u01b0\u1ee3c t\u01b0 v\u1ea5n k\u0129 tr\u01b0\u1edbc khi \u0111\u1eb7t mua. L\u01b0u \u00fd:\u00a0M\u1eabu v\u00f2ng c\u00f3 nhi\u1ec1u chi ti\u1ebft m\u1ea1 v\u00e0ng, c\u00e1c b\u1ea1n vui l\u00f2ng h\u1ea1n ch\u1ebf \u0111\u1ee5ng n\u01b0\u1edbc, ho\u00e1 ch\u1ea5t, m\u1ed3 h\u00f4i \u0111\u1ec3 h\u1ea1n ch\u1ebf oxy ho\u00e1 v\u00e0 gi\u1eef m\u00e0u \u0111\u01b0\u1ee3c l\u1edbp xi m\u1ea1 l\u00e2u h\u01a1n. P.s: \u0110\u1ec3 \u0111\u01b0\u1ee3c shop ph\u1ea3n h\u1ed3i nhanh nh\u1ea5t, c\u00e1c b\u1ea1n vui l\u00f2ng b\u1ea5m v\u00e0o n\u00fat \u201cnh\u1eafn tin qua instagram\u201d \u1edf d\u01b0\u1edbi ch\u1eef \u201cmua ngay\u201d nh\u00e9.\u00a0<\/p>\n","protected":false},"featured_media":23973,"comment_status":"open","ping_status":"closed","template":"","meta":[],"product_brand":[],"product_cat":[284],"product_tag":[383,339,338],"class_list":{"0":"post-23986","1":"product","2":"type-product","3":"status-publish","4":"has-post-thumbnail","6":"product_cat-vong-tay","7":"product_tag-daydoi","8":"product_tag-tourmaline","9":"product_tag-vongtay","10":"pa_color-clay","11":"pa_color-da-sac","12":"pa_color-pink","13":"pa_loai-da-tourmaline","14":"pa_loai-da-chalcedony","15":"pa_loai-da-ngoc-trai","16":"pa_size-3-ly","17":"pa_size-4-ly","18":"pa_size-8-ly","19":"pa_style-dieu-da","20":"pa_style-mix-ngoc-trai","21":"pa_style-mixed","23":"first","24":"instock","25":"sale","26":"shipping-taxable","27":"purchasable","28":"product-type-simple"},"_links":{"self":[{"href":"https:\/\/www.erialshop.com\/index.php\/wp-json\/wp\/v2\/product\/23986","targetHints":{"allow":["GET"]}}],"collection":[{"href":"https:\/\/www.erialshop.com\/index.php\/wp-json\/wp\/v2\/product"}],"about":[{"href":"https:\/\/www.erialshop.com\/index.php\/wp-json\/wp\/v2\/types\/product"}],"replies":[{"embeddable":true,"href":"https:\/\/www.erialshop.com\/index.php\/wp-json\/wp\/v2\/comments?post=23986"}],"version-history":[{"count":1,"href":"https:\/\/www.erialshop.com\/index.php\/wp-json\/wp\/v2\/product\/23986\/revisions"}],"predecessor-version":[{"id":25542,"href":"https:\/\/www.erialshop.com\/index.php\/wp-json\/wp\/v2\/product\/23986\/revisions\/25542"}],"wp:featuredmedia":[{"embeddable":true,"href":"https:\/\/www.erialshop.com\/index.php\/wp-json\/wp\/v2\/media\/23973"}],"wp:attachment":[{"href":"https:\/\/www.erialshop.com\/index.php\/wp-json\/wp\/v2\/media?parent=23986"}],"wp:term":[{"taxonomy":"product_brand","embeddable":true,"href":"https:\/\/www.erialshop.com\/index.php\/wp-json\/wp\/v2\/product_brand?post=23986"},{"taxonomy":"product_cat","embeddable":true,"href":"https:\/\/www.erialshop.com\/index.php\/wp-json\/wp\/v2\/product_cat?post=23986"},{"taxonomy":"product_tag","embeddable":true,"href":"https:\/\/www.erialshop.com\/index.php\/wp-json\/wp\/v2\/product_tag?post=23986"}],"curies":[{"name":"wp","href":"https:\/\/api.w.org\/{rel}","templated":true}]}}