{"id":23950,"date":"2024-01-09T06:14:18","date_gmt":"2024-01-08T23:14:18","guid":{"rendered":"https:\/\/erialshop.com\/?post_type=product&#038;p=23950"},"modified":"2024-01-09T06:20:41","modified_gmt":"2024-01-08T23:20:41","slug":"moonstone-4ly-pearl-01","status":"publish","type":"product","link":"https:\/\/www.erialshop.com\/index.php\/product\/moonstone-4ly-pearl-01\/","title":{"rendered":"Moonstone 4ly &#8211; Pearl 01"},"content":{"rendered":"<p><strong>V\u00f2ng tay \u0111\u00e1 m\u1eb7t tr\u0103ng h\u1ea1t c\u1eaft gi\u00e1c size 4-5ly mix ng\u1ecdc trai th\u1eadt m\u00e0u tr\u1eafng &#8211; cam pastel th\u1eadt nhi\u1ec1u size 6-8ly v\u00e0 m\u1ed9t s\u1ed1 chi ti\u1ebft m\u1ea1 b\u1ea1c<\/strong><\/p>\n<p>Shop c\u00f3 s\u1eb5n chi\u1ebfc h\u00ecnh 2 d\u00e0i 17cm ho\u1eb7c c\u00e1c b\u1ea1n c\u00f3 th\u1ec3 li\u00ean h\u1ec7 v\u1edbi shop \u0111\u1ec3 \u0111\u01b0\u1ee3c t\u01b0 v\u1ea5n k\u1ef9 tr\u01b0\u1edbc khi \u0111\u1eb7t mua.<\/p>\n<p><em>\u0110\u00e1 m\u1eb7t tr\u0103ng trong s\u1ea3n ph\u1ea9m n\u00e0y g\u1ed3m c\u00e1c h\u1ea1t \u0111\u1ee5c, trong ng\u1eabu nhi\u00ean \u00edt l\u1eeda xanh ho\u1eb7c kh\u00f4ng c\u00f3 l\u1eeda nha. B\u1ea1n n\u00e0o c\u1ea7n moonstone cao c\u1ea5p inbox shop nh\u00e9.<\/em><\/p>\n<p><strong>P.s: \u0110\u1ec3 \u0111\u01b0\u1ee3c shop ph\u1ea3n h\u1ed3i nhanh nh\u1ea5t, c\u00e1c b\u1ea1n vui l\u00f2ng b\u1ea5m v\u00e0o n\u00fat \u201cnh\u1eafn tin qua instagram\u201d \u1edf d\u01b0\u1edbi ch\u1eef \u201cmua ngay\u201d nh\u00e9.<\/strong><\/p>\n","protected":false},"excerpt":{"rendered":"<p>V\u00f2ng tay \u0111\u00e1 m\u1eb7t tr\u0103ng h\u1ea1t c\u1eaft gi\u00e1c size 4-5ly mix ng\u1ecdc trai th\u1eadt m\u00e0u tr\u1eafng &#8211; cam pastel th\u1eadt nhi\u1ec1u size 6-8ly v\u00e0 m\u1ed9t s\u1ed1 chi ti\u1ebft m\u1ea1 b\u1ea1c Shop c\u00f3 s\u1eb5n chi\u1ebfc h\u00ecnh 2 d\u00e0i 17cm ho\u1eb7c c\u00e1c b\u1ea1n c\u00f3 th\u1ec3 li\u00ean h\u1ec7 v\u1edbi shop \u0111\u1ec3 \u0111\u01b0\u1ee3c t\u01b0 v\u1ea5n k\u1ef9 tr\u01b0\u1edbc khi \u0111\u1eb7t mua. \u0110\u00e1 m\u1eb7t tr\u0103ng trong s\u1ea3n ph\u1ea9m n\u00e0y g\u1ed3m c\u00e1c h\u1ea1t \u0111\u1ee5c, trong ng\u1eabu nhi\u00ean \u00edt l\u1eeda xanh ho\u1eb7c kh\u00f4ng c\u00f3 l\u1eeda nha. B\u1ea1n n\u00e0o c\u1ea7n moonstone cao c\u1ea5p inbox shop nh\u00e9. P.s: \u0110\u1ec3 \u0111\u01b0\u1ee3c shop ph\u1ea3n h\u1ed3i nhanh nh\u1ea5t, c\u00e1c b\u1ea1n vui l\u00f2ng b\u1ea5m v\u00e0o n\u00fat \u201cnh\u1eafn tin qua instagram\u201d \u1edf d\u01b0\u1edbi ch\u1eef \u201cmua ngay\u201d nh\u00e9.<\/p>\n","protected":false},"featured_media":23951,"comment_status":"open","ping_status":"closed","template":"","meta":[],"product_brand":[],"product_cat":[284],"product_tag":[349,419,338],"class_list":{"0":"post-23950","1":"product","2":"type-product","3":"status-publish","4":"has-post-thumbnail","6":"product_cat-vong-tay","7":"product_tag-damattrang","8":"product_tag-moonston","9":"product_tag-vongtay","10":"pa_color-white","11":"pa_fate-kim","12":"pa_fate-thuy","13":"pa_loai-da-moonstone","14":"pa_loai-da-ngoc-trai","15":"pa_size-4-ly","16":"pa_size-5-ly","17":"pa_style-mixed","19":"first","20":"instock","21":"shipping-taxable","22":"purchasable","23":"product-type-simple"},"_links":{"self":[{"href":"https:\/\/www.erialshop.com\/index.php\/wp-json\/wp\/v2\/product\/23950","targetHints":{"allow":["GET"]}}],"collection":[{"href":"https:\/\/www.erialshop.com\/index.php\/wp-json\/wp\/v2\/product"}],"about":[{"href":"https:\/\/www.erialshop.com\/index.php\/wp-json\/wp\/v2\/types\/product"}],"replies":[{"embeddable":true,"href":"https:\/\/www.erialshop.com\/index.php\/wp-json\/wp\/v2\/comments?post=23950"}],"version-history":[{"count":0,"href":"https:\/\/www.erialshop.com\/index.php\/wp-json\/wp\/v2\/product\/23950\/revisions"}],"wp:featuredmedia":[{"embeddable":true,"href":"https:\/\/www.erialshop.com\/index.php\/wp-json\/wp\/v2\/media\/23951"}],"wp:attachment":[{"href":"https:\/\/www.erialshop.com\/index.php\/wp-json\/wp\/v2\/media?parent=23950"}],"wp:term":[{"taxonomy":"product_brand","embeddable":true,"href":"https:\/\/www.erialshop.com\/index.php\/wp-json\/wp\/v2\/product_brand?post=23950"},{"taxonomy":"product_cat","embeddable":true,"href":"https:\/\/www.erialshop.com\/index.php\/wp-json\/wp\/v2\/product_cat?post=23950"},{"taxonomy":"product_tag","embeddable":true,"href":"https:\/\/www.erialshop.com\/index.php\/wp-json\/wp\/v2\/product_tag?post=23950"}],"curies":[{"name":"wp","href":"https:\/\/api.w.org\/{rel}","templated":true}]}}