{"id":23885,"date":"2023-12-26T18:01:50","date_gmt":"2023-12-26T11:01:50","guid":{"rendered":"https:\/\/erialshop.com\/?post_type=product&#038;p=23885"},"modified":"2024-07-30T18:32:29","modified_gmt":"2024-07-30T11:32:29","slug":"yellow-raw-diamond","status":"publish","type":"product","link":"https:\/\/www.erialshop.com\/index.php\/product\/yellow-raw-diamond\/","title":{"rendered":"Yellow Raw Diamond"},"content":{"rendered":"<p><strong>V\u00f2ng tay \u0111an \u0111\u00f4i v\u1edbi kim c\u01b0\u01a1ng th\u00f4 m\u00e0u v\u00e0ng h\u1ea1t 2ly ph\u1ed1i c\u00f9ng ng\u1ecdc trai th\u1eadt m\u00e0u cam pastel 3ly, m\u1ed9t s\u1ed1 chi ti\u1ebft m\u1ea1 v\u00e0ng.<\/strong><\/p>\n<p><em>Kim c\u01b0\u01a1ng th\u00f4 v\u00e0ng: l\u00e0 kim c\u01b0\u01a1ng th\u1eadt, t\u1ef1 nhi\u00ean c\u00f3 m\u00e0u v\u00e0ng( pha \u00edt m\u00e0u x\u00e1m,tr\u1eafng), v\u00f4 c\u00f9ng l\u1ea5p l\u00e1nh, \u0111\u00e1\u00a0 c\u1eaft g\u1ecdt ch\u01b0a bao x\u1eed l\u00fd g\u00ec c\u00f2n nguy\u00ean v\u1ebb th\u00f4 s\u00f4. B\u00ean shop c\u00f3 th\u1ec3 g\u1eedi clip th\u1eed kim c\u01b0\u01a1ng b\u1eb1ng b\u00fat ho\u1eb7c g\u1eedi \u0111i ki\u1ec3m \u0111\u1ecbnh \u0111\u00e1 theo y\u00eau c\u1ea7u.<\/em><\/p>\n<p>Shop c\u00f3 s\u1eb5n chi\u1ebfc y h\u00ecnh d\u00e0i 15.5cm ho\u1eb7c c\u00e1c b\u1ea1n c\u00f3 th\u1ec3 li\u00ean h\u1ec7 tr\u01b0\u1edbc v\u1edbi shop \u0111\u1ec3 \u0111\u01b0\u1ee3c t\u01b0 v\u1ea5n k\u0129 l\u01b0\u1ee1ng tr\u01b0\u1edbc khi \u0111\u1eb7t mua.<\/p>\n<p>\u0110\u00e2y l\u00e0 m\u1eabu v\u00f2ng \u0111eo b\u1ec1 ngang, \u00f4m tay v\u00e0 c\u1ea7n s\u1ef1 nh\u1eb9 nh\u00e0ng nh\u00e9. Do \u0111\u1ec3 \u0111an h\u1ea1t 2ly \u0111\u01b0\u1ee3c shop kh\u00f4ng d\u00f9ng c\u01b0\u1edbc qu\u00e1 d\u00e0y \u1ea1.<\/p>\n<p><strong>P.s: \u0110\u1ec3 \u0111\u01b0\u1ee3c shop ph\u1ea3n h\u1ed3i nhanh nh\u1ea5t<\/strong><strong>, c\u00e1c b\u1ea1n vui l\u00f2ng b\u1ea5m v\u00e0o n\u00fat \u201cnh\u1eafn tin qua instagram\u201d \u1edf d\u01b0\u1edbi ch\u1eef \u201cmua ngay\u201d nh\u00e9.<\/strong><\/p>\n","protected":false},"excerpt":{"rendered":"<p>V\u00f2ng tay \u0111an \u0111\u00f4i v\u1edbi kim c\u01b0\u01a1ng th\u00f4 m\u00e0u v\u00e0ng h\u1ea1t 2ly ph\u1ed1i c\u00f9ng ng\u1ecdc trai th\u1eadt m\u00e0u cam pastel 3ly, m\u1ed9t s\u1ed1 chi ti\u1ebft m\u1ea1 v\u00e0ng. Kim c\u01b0\u01a1ng th\u00f4 v\u00e0ng: l\u00e0 kim c\u01b0\u01a1ng th\u1eadt, t\u1ef1 nhi\u00ean c\u00f3 m\u00e0u v\u00e0ng( pha \u00edt m\u00e0u x\u00e1m,tr\u1eafng), v\u00f4 c\u00f9ng l\u1ea5p l\u00e1nh, \u0111\u00e1\u00a0 c\u1eaft g\u1ecdt ch\u01b0a bao x\u1eed l\u00fd g\u00ec c\u00f2n nguy\u00ean v\u1ebb th\u00f4 s\u00f4. B\u00ean shop c\u00f3 th\u1ec3 g\u1eedi clip th\u1eed kim c\u01b0\u01a1ng b\u1eb1ng b\u00fat ho\u1eb7c g\u1eedi \u0111i ki\u1ec3m \u0111\u1ecbnh \u0111\u00e1 theo y\u00eau c\u1ea7u. Shop c\u00f3 s\u1eb5n chi\u1ebfc y h\u00ecnh d\u00e0i 15.5cm ho\u1eb7c c\u00e1c b\u1ea1n c\u00f3 th\u1ec3 li\u00ean h\u1ec7 tr\u01b0\u1edbc v\u1edbi shop \u0111\u1ec3 \u0111\u01b0\u1ee3c t\u01b0 v\u1ea5n k\u0129 l\u01b0\u1ee1ng tr\u01b0\u1edbc khi \u0111\u1eb7t mua. \u0110\u00e2y l\u00e0 m\u1eabu v\u00f2ng \u0111eo b\u1ec1 ngang, \u00f4m tay v\u00e0 c\u1ea7n s\u1ef1 nh\u1eb9 nh\u00e0ng nh\u00e9. Do \u0111\u1ec3 \u0111an h\u1ea1t 2ly \u0111\u01b0\u1ee3c shop kh\u00f4ng d\u00f9ng c\u01b0\u1edbc qu\u00e1 d\u00e0y \u1ea1. P.s: \u0110\u1ec3 \u0111\u01b0\u1ee3c shop ph\u1ea3n h\u1ed3i nhanh nh\u1ea5t, c\u00e1c b\u1ea1n vui l\u00f2ng b\u1ea5m v\u00e0o n\u00fat \u201cnh\u1eafn tin qua instagram\u201d \u1edf d\u01b0\u1edbi ch\u1eef \u201cmua ngay\u201d nh\u00e9.<\/p>\n","protected":false},"featured_media":23874,"comment_status":"open","ping_status":"closed","template":"","meta":[],"product_brand":[],"product_cat":[284],"product_tag":[372,371,338,373,366],"class_list":{"0":"post-23885","1":"product","2":"type-product","3":"status-publish","4":"has-post-thumbnail","6":"product_cat-vong-tay","7":"product_tag-hacnguyetquang","8":"product_tag-labradorite","9":"product_tag-vongtay","10":"product_tag-xacu","11":"product_tag-xothun","12":"pa_color-yellow","13":"pa_fate-kim","14":"pa_fate-tho","15":"pa_loai-da-diamond","16":"pa_loai-da-ngoc-trai","17":"pa_size-2-ly","18":"pa_size-3-ly","19":"pa_style-dieu-da","21":"first","22":"instock","23":"shipping-taxable","24":"product-type-simple"},"_links":{"self":[{"href":"https:\/\/www.erialshop.com\/index.php\/wp-json\/wp\/v2\/product\/23885","targetHints":{"allow":["GET"]}}],"collection":[{"href":"https:\/\/www.erialshop.com\/index.php\/wp-json\/wp\/v2\/product"}],"about":[{"href":"https:\/\/www.erialshop.com\/index.php\/wp-json\/wp\/v2\/types\/product"}],"replies":[{"embeddable":true,"href":"https:\/\/www.erialshop.com\/index.php\/wp-json\/wp\/v2\/comments?post=23885"}],"version-history":[{"count":0,"href":"https:\/\/www.erialshop.com\/index.php\/wp-json\/wp\/v2\/product\/23885\/revisions"}],"wp:featuredmedia":[{"embeddable":true,"href":"https:\/\/www.erialshop.com\/index.php\/wp-json\/wp\/v2\/media\/23874"}],"wp:attachment":[{"href":"https:\/\/www.erialshop.com\/index.php\/wp-json\/wp\/v2\/media?parent=23885"}],"wp:term":[{"taxonomy":"product_brand","embeddable":true,"href":"https:\/\/www.erialshop.com\/index.php\/wp-json\/wp\/v2\/product_brand?post=23885"},{"taxonomy":"product_cat","embeddable":true,"href":"https:\/\/www.erialshop.com\/index.php\/wp-json\/wp\/v2\/product_cat?post=23885"},{"taxonomy":"product_tag","embeddable":true,"href":"https:\/\/www.erialshop.com\/index.php\/wp-json\/wp\/v2\/product_tag?post=23885"}],"curies":[{"name":"wp","href":"https:\/\/api.w.org\/{rel}","templated":true}]}}