{"id":23848,"date":"2023-12-17T20:28:13","date_gmt":"2023-12-17T13:28:13","guid":{"rendered":"https:\/\/erialshop.com\/?post_type=product&#038;p=23848"},"modified":"2023-12-17T20:41:02","modified_gmt":"2023-12-17T13:41:02","slug":"day-rut-ngoc-bich-charm-hoa-hong","status":"publish","type":"product","link":"https:\/\/www.erialshop.com\/index.php\/product\/day-rut-ngoc-bich-charm-hoa-hong\/","title":{"rendered":"D\u00e2y R\u00fat &#8211; Ng\u1ecdc B\u00edch Kh\u1eafc Hoa H\u1ed3ng"},"content":{"rendered":"<p><strong>V\u00f2ng tay kho\u00e1 d\u00e2y r\u00fat v\u1edbi 1 m\u1eb7t b\u1eb1ng \u0111\u00e1 Ng\u1ecdc B\u00edch ch\u1ea1m kh\u1eafc h\u00ecnh hoa h\u1ed3ng \u0111ep m\u1eaft v\u00e0 t\u1ec9 m\u1ec9 c\u00f9ng 2 charm banh m\u1ea1 v\u00e0ng \u1edf ph\u1ea7n r\u00fat. Freesize<\/strong><\/p>\n<p><em>M\u1eb7t Ng\u1ecdc B\u00edch c\u00f3 k\u00edch th\u01b0\u1edbc: 1.3cm x 1.3cm.<\/em><\/p>\n<p><strong>M\u00f4 t\u1ea3 v\u1ec1 kho\u00e1 d\u00e2y r\u00fat:<\/strong> Lo\u1ea1i kho\u00e1 n\u00e0y c\u00e1c b\u1ea1n s\u1ebd \u0111\u01b0a qua b\u00e0n tay \u0111\u1ec3 cho v\u00e0o c\u1ed5 tay xong sau \u0111\u00f3 r\u00fat l\u1ea1i theo chi\u1ec1u d\u00e0i mong mu\u1ed1n. Khi \u0111eo s\u1ebd c\u00f3 2 d\u00e2y t\u00f2ng teng nh\u01b0 h\u00ecnh( d\u00e2y n\u00e0y d\u00e0i nha c\u00e1c b\u1ea1n r\u00fat l\u1ea1i \u1edf c\u1ed5 tay \u0111o s\u00e1t 14cm th\u00ec th\u1eeba ra c\u00f2n 3-4cm nh\u00e9), n\u00ean c\u00e1c b\u1ea1n n\u00e0o th\u01b0\u1eddng s\u1eed d\u1ee5ng tay nhi\u1ec1u c\u00f3 th\u1ec3 tham kh\u1ea3o th\u00eam m\u1eabu kh\u00e1c b\u00ean m\u00ecnh nh\u00e9.<\/p>\n<p class=\"p1\"><b>P.s: \u0110\u1ec3 \u0111\u01b0\u1ee3c shop ph\u1ea3n h\u1ed3i nhanh nh\u1ea5t, c\u00e1c b\u1ea1n vui l\u00f2ng b\u1ea5m v\u00e0o n\u00fat \u201cnh\u1eafn tin qua instagram\u201d \u1edf d\u01b0\u1edbi ch\u1eef \u201cmua ngay\u201d nh\u00e9.<\/b><\/p>\n","protected":false},"excerpt":{"rendered":"<p>V\u00f2ng tay kho\u00e1 d\u00e2y r\u00fat v\u1edbi 1 m\u1eb7t b\u1eb1ng \u0111\u00e1 Ng\u1ecdc B\u00edch ch\u1ea1m kh\u1eafc h\u00ecnh hoa h\u1ed3ng \u0111ep m\u1eaft v\u00e0 t\u1ec9 m\u1ec9 c\u00f9ng 2 charm banh m\u1ea1 v\u00e0ng \u1edf ph\u1ea7n r\u00fat. Freesize M\u1eb7t Ng\u1ecdc B\u00edch c\u00f3 k\u00edch th\u01b0\u1edbc: 1.3cm x 1.3cm. M\u00f4 t\u1ea3 v\u1ec1 kho\u00e1 d\u00e2y r\u00fat: Lo\u1ea1i kho\u00e1 n\u00e0y c\u00e1c b\u1ea1n s\u1ebd \u0111\u01b0a qua b\u00e0n tay \u0111\u1ec3 cho v\u00e0o c\u1ed5 tay xong sau \u0111\u00f3 r\u00fat l\u1ea1i theo chi\u1ec1u d\u00e0i mong mu\u1ed1n. Khi \u0111eo s\u1ebd c\u00f3 2 d\u00e2y t\u00f2ng teng nh\u01b0 h\u00ecnh( d\u00e2y n\u00e0y d\u00e0i nha c\u00e1c b\u1ea1n r\u00fat l\u1ea1i \u1edf c\u1ed5 tay \u0111o s\u00e1t 14cm th\u00ec th\u1eeba ra c\u00f2n 3-4cm nh\u00e9), n\u00ean c\u00e1c b\u1ea1n n\u00e0o th\u01b0\u1eddng s\u1eed d\u1ee5ng tay nhi\u1ec1u c\u00f3 th\u1ec3 tham kh\u1ea3o th\u00eam m\u1eabu kh\u00e1c b\u00ean m\u00ecnh nh\u00e9. P.s: \u0110\u1ec3 \u0111\u01b0\u1ee3c shop ph\u1ea3n h\u1ed3i nhanh nh\u1ea5t, c\u00e1c b\u1ea1n vui l\u00f2ng b\u1ea5m v\u00e0o n\u00fat \u201cnh\u1eafn tin qua instagram\u201d \u1edf d\u01b0\u1edbi ch\u1eef \u201cmua ngay\u201d nh\u00e9.<\/p>\n","protected":false},"featured_media":23851,"comment_status":"open","ping_status":"closed","template":"","meta":[],"product_brand":[],"product_cat":[284],"product_tag":[],"class_list":{"0":"post-23848","1":"product","2":"type-product","3":"status-publish","4":"has-post-thumbnail","6":"product_cat-vong-tay","7":"pa_color-green","8":"pa_fate-hoa","9":"pa_fate-moc","10":"pa_loai-da-ngoc","11":"pa_style-day-rut","13":"first","14":"instock","15":"shipping-taxable","16":"purchasable","17":"product-type-simple"},"_links":{"self":[{"href":"https:\/\/www.erialshop.com\/index.php\/wp-json\/wp\/v2\/product\/23848","targetHints":{"allow":["GET"]}}],"collection":[{"href":"https:\/\/www.erialshop.com\/index.php\/wp-json\/wp\/v2\/product"}],"about":[{"href":"https:\/\/www.erialshop.com\/index.php\/wp-json\/wp\/v2\/types\/product"}],"replies":[{"embeddable":true,"href":"https:\/\/www.erialshop.com\/index.php\/wp-json\/wp\/v2\/comments?post=23848"}],"version-history":[{"count":0,"href":"https:\/\/www.erialshop.com\/index.php\/wp-json\/wp\/v2\/product\/23848\/revisions"}],"wp:featuredmedia":[{"embeddable":true,"href":"https:\/\/www.erialshop.com\/index.php\/wp-json\/wp\/v2\/media\/23851"}],"wp:attachment":[{"href":"https:\/\/www.erialshop.com\/index.php\/wp-json\/wp\/v2\/media?parent=23848"}],"wp:term":[{"taxonomy":"product_brand","embeddable":true,"href":"https:\/\/www.erialshop.com\/index.php\/wp-json\/wp\/v2\/product_brand?post=23848"},{"taxonomy":"product_cat","embeddable":true,"href":"https:\/\/www.erialshop.com\/index.php\/wp-json\/wp\/v2\/product_cat?post=23848"},{"taxonomy":"product_tag","embeddable":true,"href":"https:\/\/www.erialshop.com\/index.php\/wp-json\/wp\/v2\/product_tag?post=23848"}],"curies":[{"name":"wp","href":"https:\/\/api.w.org\/{rel}","templated":true}]}}