{"id":23784,"date":"2023-12-08T16:42:34","date_gmt":"2023-12-08T09:42:34","guid":{"rendered":"https:\/\/erialshop.com\/?post_type=product&#038;p=23784"},"modified":"2024-09-05T17:03:19","modified_gmt":"2024-09-05T10:03:19","slug":"labradorite-8ly-xo-thun","status":"publish","type":"product","link":"https:\/\/www.erialshop.com\/index.php\/product\/labradorite-8ly-xo-thun\/","title":{"rendered":"Labradorite 8-8.5ly"},"content":{"rendered":"<p><strong>V\u00f2ng tay \u0111\u00e1 labradorite size 8-8.5ly h\u1ea1t c\u1eaft gi\u00e1c v\u1edbi m\u00e0u ph\u1ea3n quanh tr\u00ean \u0111\u00e1 ng\u1eabu nhi\u00ean x\u1ecf d\u00e2y thun, mix bi c\u00f9ng charm ng\u00f4i sao m\u1ea1 v\u00e0ng. ( shop c\u00f3 th\u1ec3 x\u1ecf tr\u01a1n theo y\u00eau c\u1ea7u)<\/strong><\/p>\n<p>Shop c\u00f3 s\u1eb5n chi\u1ebfc tr\u00ean h\u00ecnh d\u00e0i 19cm (v\u1eeba c\u1ed5 tay 17cm). C\u00e1c b\u1ea1n c\u00f3 th\u1ec3 li\u00ean h\u1ec7 v\u1edbi shop \u0111\u1ec3 \u0111\u01b0\u1ee3c t\u01b0 v\u1ea5n k\u0129 l\u00e0m theo tay tr\u01b0\u1edbc khi \u0111\u1eb7t mua.<\/p>\n<p><strong><em>L\u01b0u \u00fd: m\u00e0u x\u00e1m c\u1ee7a labra 8-8.5ly l\u00e0 x\u00e1m \u0111\u1eadm h\u01a1n c\u00e1c size 6-4-3ly ( c\u00e0ng nh\u1ecf size \u0111\u00e1 c\u00e0ng nh\u1ea1t), do ch\u1ee5p s\u00e1ng n\u00ean m\u00e0u s\u00e1ng c\u0169ng s\u1ebd s\u00e1ng h\u01a1n khi \u0111\u00e1 \u1edf \u0111i\u1ec1u ki\u1ec7n \u00e1nh s\u00e1ng th\u01b0\u1eddng.<\/em><\/strong><\/p>\n<p><strong>P.s: \u0110\u1ec3 \u0111\u01b0\u1ee3c shop ph\u1ea3n h\u1ed3i nhanh nh\u1ea5t, c\u00e1c b\u1ea1n vui l\u00f2ng b\u1ea5m v\u00e0o n\u00fat \u201cnh\u1eafn tin qua instagram\u201d \u1edf d\u01b0\u1edbi ch\u1eef \u201cmua ngay\u201d nh\u00e9.<\/strong><\/p>\n","protected":false},"excerpt":{"rendered":"<p>V\u00f2ng tay \u0111\u00e1 labradorite size 8-8.5ly h\u1ea1t c\u1eaft gi\u00e1c v\u1edbi m\u00e0u ph\u1ea3n quanh tr\u00ean \u0111\u00e1 ng\u1eabu nhi\u00ean x\u1ecf d\u00e2y thun, mix bi c\u00f9ng charm ng\u00f4i sao m\u1ea1 v\u00e0ng. ( shop c\u00f3 th\u1ec3 x\u1ecf tr\u01a1n theo y\u00eau c\u1ea7u) Shop c\u00f3 s\u1eb5n chi\u1ebfc tr\u00ean h\u00ecnh d\u00e0i 19cm (v\u1eeba c\u1ed5 tay 17cm). C\u00e1c b\u1ea1n c\u00f3 th\u1ec3 li\u00ean h\u1ec7 v\u1edbi shop \u0111\u1ec3 \u0111\u01b0\u1ee3c t\u01b0 v\u1ea5n k\u0129 l\u00e0m theo tay tr\u01b0\u1edbc khi \u0111\u1eb7t mua. L\u01b0u \u00fd: m\u00e0u x\u00e1m c\u1ee7a labra 8-8.5ly l\u00e0 x\u00e1m \u0111\u1eadm h\u01a1n c\u00e1c size 6-4-3ly ( c\u00e0ng nh\u1ecf size \u0111\u00e1 c\u00e0ng nh\u1ea1t), do ch\u1ee5p s\u00e1ng n\u00ean m\u00e0u s\u00e1ng c\u0169ng s\u1ebd s\u00e1ng h\u01a1n khi \u0111\u00e1 \u1edf \u0111i\u1ec1u ki\u1ec7n \u00e1nh s\u00e1ng th\u01b0\u1eddng. P.s: \u0110\u1ec3 \u0111\u01b0\u1ee3c shop ph\u1ea3n h\u1ed3i nhanh nh\u1ea5t, c\u00e1c b\u1ea1n vui l\u00f2ng b\u1ea5m v\u00e0o n\u00fat \u201cnh\u1eafn tin qua instagram\u201d \u1edf d\u01b0\u1edbi ch\u1eef \u201cmua ngay\u201d nh\u00e9.<\/p>\n","protected":false},"featured_media":23786,"comment_status":"open","ping_status":"closed","template":"","meta":[],"product_brand":[],"product_cat":[284],"product_tag":[372,371,338],"class_list":{"0":"post-23784","1":"product","2":"type-product","3":"status-publish","4":"has-post-thumbnail","6":"product_cat-vong-tay","7":"product_tag-hacnguyetquang","8":"product_tag-labradorite","9":"product_tag-vongtay","10":"pa_color-grey","11":"pa_fate-kim","12":"pa_fate-thuy","13":"pa_loai-da-labradorite","14":"pa_size-8-ly","15":"pa_style-tron","17":"first","18":"onbackorder","19":"sold-individually","20":"shipping-taxable","21":"purchasable","22":"product-type-simple"},"_links":{"self":[{"href":"https:\/\/www.erialshop.com\/index.php\/wp-json\/wp\/v2\/product\/23784","targetHints":{"allow":["GET"]}}],"collection":[{"href":"https:\/\/www.erialshop.com\/index.php\/wp-json\/wp\/v2\/product"}],"about":[{"href":"https:\/\/www.erialshop.com\/index.php\/wp-json\/wp\/v2\/types\/product"}],"replies":[{"embeddable":true,"href":"https:\/\/www.erialshop.com\/index.php\/wp-json\/wp\/v2\/comments?post=23784"}],"version-history":[{"count":3,"href":"https:\/\/www.erialshop.com\/index.php\/wp-json\/wp\/v2\/product\/23784\/revisions"}],"predecessor-version":[{"id":25279,"href":"https:\/\/www.erialshop.com\/index.php\/wp-json\/wp\/v2\/product\/23784\/revisions\/25279"}],"wp:featuredmedia":[{"embeddable":true,"href":"https:\/\/www.erialshop.com\/index.php\/wp-json\/wp\/v2\/media\/23786"}],"wp:attachment":[{"href":"https:\/\/www.erialshop.com\/index.php\/wp-json\/wp\/v2\/media?parent=23784"}],"wp:term":[{"taxonomy":"product_brand","embeddable":true,"href":"https:\/\/www.erialshop.com\/index.php\/wp-json\/wp\/v2\/product_brand?post=23784"},{"taxonomy":"product_cat","embeddable":true,"href":"https:\/\/www.erialshop.com\/index.php\/wp-json\/wp\/v2\/product_cat?post=23784"},{"taxonomy":"product_tag","embeddable":true,"href":"https:\/\/www.erialshop.com\/index.php\/wp-json\/wp\/v2\/product_tag?post=23784"}],"curies":[{"name":"wp","href":"https:\/\/api.w.org\/{rel}","templated":true}]}}