{"id":23776,"date":"2023-12-07T18:48:19","date_gmt":"2023-12-07T11:48:19","guid":{"rendered":"https:\/\/erialshop.com\/?post_type=product&#038;p=23776"},"modified":"2024-08-06T19:40:33","modified_gmt":"2024-08-06T12:40:33","slug":"blue-ocean-4-crystals","status":"publish","type":"product","link":"https:\/\/www.erialshop.com\/index.php\/product\/blue-ocean-4-crystals\/","title":{"rendered":"Blue Ocean &#8211; 4 Crystals"},"content":{"rendered":"<p><strong>V\u00f2ng tay ng\u1eabu h\u1ee9ng 4 lo\u1ea1i \u0111\u00e1 c\u00f3 hai m\u00e0u xanh bi\u1ec3n v\u00e0 tr\u1eafng c\u00f9ng nhi\u1ec1u h\u00ecnh d\u1ea1ng kh\u00e1c nhau t\u1ea1o s\u1ef1 c\u00e1 t\u00ednh cho chi\u1ebfc v\u00f2ng, c\u00f9ng m\u1ed9t s\u1ed1 chi ti\u1ebft m\u1ea1 v\u00e0ng.<\/strong><\/p>\n<p><em>Nguy\u00ean li\u1ec7u \u0111\u00e1 g\u1ed3m:<\/em><\/p>\n<ul>\n<li><em>\u0110\u00e1 aquamarine h\u1ea1t c\u1eaft gi\u00e1c 6ly m\u00e0u xanh bi\u1ec3n pastel.<\/em><\/li>\n<li><em>\u0110\u00e1 m\u1eb7t tr\u0103ng m\u00e0u tr\u1eafng d\u1ea1ng v\u1ee5n.<\/em><\/li>\n<li><em>\u0110\u00e1 herkimer c\u00f3 ch\u1ee9a qu\u1eb7ng carbon \u0111en. K\u00edch th\u01b0\u1edbc vi\u00ean \u0111\u00e1: 5ly x 10ly<\/em><\/li>\n<li><em><strong>\u0110\u00e1 topaz h\u00ecnh b\u00e1nh xe size 3x4ly t\u1ef1 nhi\u00ean kh\u00f4ng m\u00e0u \u0111\u00e3 \u0111\u01b0\u1ee3c x\u1eed l\u00fd nhi\u1ec7t \u0111\u1ec3 nhu\u1ed9m m\u00e0u xanh d\u01b0\u01a1ng cho \u0111\u00e1 th\u1eadt.<\/strong><\/em><\/li>\n<\/ul>\n<p>Shop c\u00f3 s\u1eb5n chi\u1ebfc y h\u00ecnh d\u00e0i 16.1cm ho\u1eb7c c\u00e1c b\u1ea1n c\u00f3 th\u1ec3 li\u00ean h\u1ec7 v\u1edbi shop \u0111\u1ec3 \u0111\u01b0\u1ee3c t\u01b0 v\u1ea5n k\u1ef9 tr\u01b0\u1edbc khi \u0111\u1eb7t mua.<\/p>\n<p><strong>P.s: \u0110\u1ec3 \u0111\u01b0\u1ee3c shop ph\u1ea3n h\u1ed3i nhanh nh\u1ea5t, c\u00e1c b\u1ea1n vui l\u00f2ng b\u1ea5m v\u00e0o n\u00fat \u201cnh\u1eafn tin qua instagram\u201d \u1edf d\u01b0\u1edbi ch\u1eef \u201cmua ngay\u201d nh\u00e9.<\/strong><\/p>\n","protected":false},"excerpt":{"rendered":"<p>V\u00f2ng tay ng\u1eabu h\u1ee9ng 4 lo\u1ea1i \u0111\u00e1 c\u00f3 hai m\u00e0u xanh bi\u1ec3n v\u00e0 tr\u1eafng c\u00f9ng nhi\u1ec1u h\u00ecnh d\u1ea1ng kh\u00e1c nhau t\u1ea1o s\u1ef1 c\u00e1 t\u00ednh cho chi\u1ebfc v\u00f2ng, c\u00f9ng m\u1ed9t s\u1ed1 chi ti\u1ebft m\u1ea1 v\u00e0ng. Nguy\u00ean li\u1ec7u \u0111\u00e1 g\u1ed3m: \u0110\u00e1 aquamarine h\u1ea1t c\u1eaft gi\u00e1c 6ly m\u00e0u xanh bi\u1ec3n pastel. \u0110\u00e1 m\u1eb7t tr\u0103ng m\u00e0u tr\u1eafng d\u1ea1ng v\u1ee5n. \u0110\u00e1 herkimer c\u00f3 ch\u1ee9a qu\u1eb7ng carbon \u0111en. K\u00edch th\u01b0\u1edbc vi\u00ean \u0111\u00e1: 5ly x 10ly \u0110\u00e1 topaz h\u00ecnh b\u00e1nh xe size 3x4ly t\u1ef1 nhi\u00ean kh\u00f4ng m\u00e0u \u0111\u00e3 \u0111\u01b0\u1ee3c x\u1eed l\u00fd nhi\u1ec7t \u0111\u1ec3 nhu\u1ed9m m\u00e0u xanh d\u01b0\u01a1ng cho \u0111\u00e1 th\u1eadt. Shop c\u00f3 s\u1eb5n chi\u1ebfc y h\u00ecnh d\u00e0i 16.1cm ho\u1eb7c c\u00e1c b\u1ea1n c\u00f3 th\u1ec3 li\u00ean h\u1ec7 v\u1edbi shop \u0111\u1ec3 \u0111\u01b0\u1ee3c t\u01b0 v\u1ea5n k\u1ef9 tr\u01b0\u1edbc khi \u0111\u1eb7t mua. P.s: \u0110\u1ec3 \u0111\u01b0\u1ee3c shop ph\u1ea3n h\u1ed3i nhanh nh\u1ea5t, c\u00e1c b\u1ea1n vui l\u00f2ng b\u1ea5m v\u00e0o n\u00fat \u201cnh\u1eafn tin qua instagram\u201d \u1edf d\u01b0\u1edbi ch\u1eef \u201cmua ngay\u201d nh\u00e9.<\/p>\n","protected":false},"featured_media":23871,"comment_status":"open","ping_status":"closed","template":"","meta":[],"product_brand":[],"product_cat":[284],"product_tag":[339,338],"class_list":{"0":"post-23776","1":"product","2":"type-product","3":"status-publish","4":"has-post-thumbnail","6":"product_cat-vong-tay","7":"product_tag-tourmaline","8":"product_tag-vongtay","9":"pa_color-da-sac","10":"pa_color-white","11":"pa_color-blue","12":"pa_fate-thuy","13":"pa_loai-da-aquamarine","14":"pa_loai-da-herkimer","15":"pa_loai-da-moonstone","16":"pa_loai-da-topaz","17":"pa_size-3-4ly","18":"pa_size-3-ly","19":"pa_size-6-ly","20":"pa_size-vun","21":"pa_style-dieu-da","22":"pa_style-mixed","24":"first","25":"instock","26":"shipping-taxable","27":"purchasable","28":"product-type-simple"},"_links":{"self":[{"href":"https:\/\/www.erialshop.com\/index.php\/wp-json\/wp\/v2\/product\/23776","targetHints":{"allow":["GET"]}}],"collection":[{"href":"https:\/\/www.erialshop.com\/index.php\/wp-json\/wp\/v2\/product"}],"about":[{"href":"https:\/\/www.erialshop.com\/index.php\/wp-json\/wp\/v2\/types\/product"}],"replies":[{"embeddable":true,"href":"https:\/\/www.erialshop.com\/index.php\/wp-json\/wp\/v2\/comments?post=23776"}],"version-history":[{"count":0,"href":"https:\/\/www.erialshop.com\/index.php\/wp-json\/wp\/v2\/product\/23776\/revisions"}],"wp:featuredmedia":[{"embeddable":true,"href":"https:\/\/www.erialshop.com\/index.php\/wp-json\/wp\/v2\/media\/23871"}],"wp:attachment":[{"href":"https:\/\/www.erialshop.com\/index.php\/wp-json\/wp\/v2\/media?parent=23776"}],"wp:term":[{"taxonomy":"product_brand","embeddable":true,"href":"https:\/\/www.erialshop.com\/index.php\/wp-json\/wp\/v2\/product_brand?post=23776"},{"taxonomy":"product_cat","embeddable":true,"href":"https:\/\/www.erialshop.com\/index.php\/wp-json\/wp\/v2\/product_cat?post=23776"},{"taxonomy":"product_tag","embeddable":true,"href":"https:\/\/www.erialshop.com\/index.php\/wp-json\/wp\/v2\/product_tag?post=23776"}],"curies":[{"name":"wp","href":"https:\/\/api.w.org\/{rel}","templated":true}]}}