{"id":23769,"date":"2023-12-10T19:22:07","date_gmt":"2023-12-10T12:22:07","guid":{"rendered":"https:\/\/erialshop.com\/?post_type=product&#038;p=23769"},"modified":"2026-02-20T20:46:56","modified_gmt":"2026-02-20T13:46:56","slug":"nhan-dan-doi-2ly-3-mau","status":"publish","type":"product","link":"https:\/\/www.erialshop.com\/index.php\/product\/nhan-dan-doi-2ly-3-mau\/","title":{"rendered":"Nh\u1eabn \u0110an \u0110\u00f4i 2ly &#8211; 3 m\u1eabu"},"content":{"rendered":"<p><strong>M\u1eabu nh\u1eabn \u0111an d\u00e2y \u0111\u00f4i \u0111\u00e0y \u0111\u1eb7n c\u00f9ng nhi\u1ec1u lo\u1ea1i \u0111\u00e1 spinel m\u00e0u \u0111en\/\u0111\u00e1 lapiz xanh d\u01b0\u01a1ng\/ moon tr\u1eafng mix spinel \u0111en\/ h\u1ea1t c\u1eaft gi\u00e1c size 2ly. Nh\u1eabn x\u1ecf b\u1eb1ng c\u01b0\u1edbc tr\u1eafng c\u00f3 k\u00e8m \u0111\u1ed3 ch\u1eb7n nh\u1ecf \u1edf nh\u1eabn.<\/strong><\/p>\n<p>Size: Chu vi v\u00f2ng trong l\u00e0m theo y\u00eau c\u1ea7u. Lo\u1ea1i n\u00e0y ph\u00f9 h\u1ee3p cho c\u00e1c b\u1ea1n \u0111eo nh\u1eb9 nh\u00e0ng, ch\u1eadm r\u00e3i nh\u1eb9 nh\u00e0ng.<\/p>\n<p>C\u00e1c b\u1ea1n c\u00f3 th\u1ec3 li\u00ean h\u1ec7 tr\u01b0\u1edbc v\u1edbi shop \u0111\u1ec3 bi\u1ebft gi\u00e1 v\u00e0 \u0111\u01b0\u1ee3c t\u01b0 v\u1ea5n k\u0129 l\u01b0\u1ee1ng tr\u01b0\u1edbc khi \u0111\u1eb7t mua.<\/p>\n<hr \/>\n<p><strong>H\u01b0\u1edbng d\u1eabn s\u1eed d\u1ee5ng nh\u1eabn:<\/strong><\/p>\n<p><em>1. Ch\u1ec9 \u0111eo nh\u1eabn cho ng\u00f3n v\u1eeba v\u1edbi size nh\u1eabn \u0111\u00e3 mua \u1edf shop, n\u1ebfu chuy\u1ec3n sang c\u00e1c ng\u00f3n kh\u00e1c to size h\u01a1n nh\u1eabn d\u1ec5 gi\u00e3n, \u0111\u1ee9t.<\/em><\/p>\n<p><em>2.\u00a0 \u0110eo ch\u1eadm r\u00e3i, nh\u1eb9 nh\u00e0ng, kh\u00f4ng \u0111eo nh\u1eabn l\u00e0m vi\u1ec7c n\u1eb7ng: ch\u01a1i th\u1ec3 thao, lau nh\u00e0, r\u1eeda ch\u00e9n,\u2026<\/em><\/p>\n<p><em>3. H\u1ea1n ch\u1ebf \u0111\u1ee5ng n\u01b0\u1edbc, ho\u00e1 ch\u1ea5t, m\u1ed3 h\u00f4i\u2026<\/em><\/p>\n<p><strong>P.s: \u0110\u1ec3 \u0111\u01b0\u1ee3c shop ph\u1ea3n h\u1ed3i nhanh nh\u1ea5t, c\u00e1c b\u1ea1n vui l\u00f2ng b\u1ea5m v\u00e0o n\u00fat \u201cnh\u1eafn tin qua instagram\u201d \u1edf d\u01b0\u1edbi ch\u1eef \u201cmua ngay\u201d nh\u00e9.<\/strong><\/p>\n","protected":false},"excerpt":{"rendered":"<p>M\u1eabu nh\u1eabn \u0111an d\u00e2y \u0111\u00f4i \u0111\u00e0y \u0111\u1eb7n c\u00f9ng nhi\u1ec1u lo\u1ea1i \u0111\u00e1 spinel m\u00e0u \u0111en\/\u0111\u00e1 lapiz xanh d\u01b0\u01a1ng\/ moon tr\u1eafng mix spinel \u0111en\/ h\u1ea1t c\u1eaft gi\u00e1c size 2ly. Nh\u1eabn x\u1ecf b\u1eb1ng c\u01b0\u1edbc tr\u1eafng c\u00f3 k\u00e8m \u0111\u1ed3 ch\u1eb7n nh\u1ecf \u1edf nh\u1eabn. Size: Chu vi v\u00f2ng trong l\u00e0m theo y\u00eau c\u1ea7u. Lo\u1ea1i n\u00e0y ph\u00f9 h\u1ee3p cho c\u00e1c b\u1ea1n \u0111eo nh\u1eb9 nh\u00e0ng, ch\u1eadm r\u00e3i nh\u1eb9 nh\u00e0ng. C\u00e1c b\u1ea1n c\u00f3 th\u1ec3 li\u00ean h\u1ec7 tr\u01b0\u1edbc v\u1edbi shop \u0111\u1ec3 bi\u1ebft gi\u00e1 v\u00e0 \u0111\u01b0\u1ee3c t\u01b0 v\u1ea5n k\u0129 l\u01b0\u1ee1ng tr\u01b0\u1edbc khi \u0111\u1eb7t mua. H\u01b0\u1edbng d\u1eabn s\u1eed d\u1ee5ng nh\u1eabn: 1. Ch\u1ec9 \u0111eo nh\u1eabn cho ng\u00f3n v\u1eeba v\u1edbi size nh\u1eabn \u0111\u00e3 mua \u1edf shop, n\u1ebfu chuy\u1ec3n sang c\u00e1c ng\u00f3n kh\u00e1c to size h\u01a1n nh\u1eabn d\u1ec5 gi\u00e3n, \u0111\u1ee9t. 2.\u00a0 \u0110eo ch\u1eadm r\u00e3i, nh\u1eb9 nh\u00e0ng, kh\u00f4ng \u0111eo nh\u1eabn l\u00e0m vi\u1ec7c n\u1eb7ng: ch\u01a1i th\u1ec3 thao, lau nh\u00e0, r\u1eeda ch\u00e9n,\u2026 3. H\u1ea1n ch\u1ebf \u0111\u1ee5ng n\u01b0\u1edbc, ho\u00e1 ch\u1ea5t, m\u1ed3 h\u00f4i\u2026 P.s: \u0110\u1ec3 \u0111\u01b0\u1ee3c shop ph\u1ea3n h\u1ed3i nhanh nh\u1ea5t, c\u00e1c b\u1ea1n vui l\u00f2ng b\u1ea5m v\u00e0o n\u00fat \u201cnh\u1eafn tin qua instagram\u201d \u1edf d\u01b0\u1edbi ch\u1eef \u201cmua ngay\u201d nh\u00e9.<\/p>\n","protected":false},"featured_media":23770,"comment_status":"open","ping_status":"closed","template":"","meta":[],"product_brand":[],"product_cat":[296],"product_tag":[397,347,356],"class_list":{"0":"post-23769","1":"product","2":"type-product","3":"status-publish","4":"has-post-thumbnail","6":"product_cat-nhan","7":"product_tag-dandoi","8":"product_tag-nhan","9":"product_tag-rhodochrosite","10":"pa_color-black","11":"pa_fate-moc","12":"pa_fate-thuy","13":"pa_loai-da-spinel","14":"pa_size-2-ly","16":"first","17":"instock","18":"shipping-taxable","19":"purchasable","20":"product-type-simple"},"_links":{"self":[{"href":"https:\/\/www.erialshop.com\/index.php\/wp-json\/wp\/v2\/product\/23769","targetHints":{"allow":["GET"]}}],"collection":[{"href":"https:\/\/www.erialshop.com\/index.php\/wp-json\/wp\/v2\/product"}],"about":[{"href":"https:\/\/www.erialshop.com\/index.php\/wp-json\/wp\/v2\/types\/product"}],"replies":[{"embeddable":true,"href":"https:\/\/www.erialshop.com\/index.php\/wp-json\/wp\/v2\/comments?post=23769"}],"version-history":[{"count":2,"href":"https:\/\/www.erialshop.com\/index.php\/wp-json\/wp\/v2\/product\/23769\/revisions"}],"predecessor-version":[{"id":26875,"href":"https:\/\/www.erialshop.com\/index.php\/wp-json\/wp\/v2\/product\/23769\/revisions\/26875"}],"wp:featuredmedia":[{"embeddable":true,"href":"https:\/\/www.erialshop.com\/index.php\/wp-json\/wp\/v2\/media\/23770"}],"wp:attachment":[{"href":"https:\/\/www.erialshop.com\/index.php\/wp-json\/wp\/v2\/media?parent=23769"}],"wp:term":[{"taxonomy":"product_brand","embeddable":true,"href":"https:\/\/www.erialshop.com\/index.php\/wp-json\/wp\/v2\/product_brand?post=23769"},{"taxonomy":"product_cat","embeddable":true,"href":"https:\/\/www.erialshop.com\/index.php\/wp-json\/wp\/v2\/product_cat?post=23769"},{"taxonomy":"product_tag","embeddable":true,"href":"https:\/\/www.erialshop.com\/index.php\/wp-json\/wp\/v2\/product_tag?post=23769"}],"curies":[{"name":"wp","href":"https:\/\/api.w.org\/{rel}","templated":true}]}}