{"id":23766,"date":"2023-12-15T08:10:38","date_gmt":"2023-12-15T01:10:38","guid":{"rendered":"https:\/\/erialshop.com\/?post_type=product&#038;p=23766"},"modified":"2023-12-15T08:43:00","modified_gmt":"2023-12-15T01:43:00","slug":"bunch-of-grapes","status":"publish","type":"product","link":"https:\/\/www.erialshop.com\/index.php\/product\/bunch-of-grapes\/","title":{"rendered":"Bunch of grapes &#8211; White Pink"},"content":{"rendered":"<p><strong>B\u00f4ng tai d\u1ea1ng treo t\u00f2ng teng v\u1edbi t\u1ea1o h\u00ecnh hai ch\u00f9m nho m\u1ed9ng n\u01b0\u1edbc t\u1eeb \u0111\u00e1 tourmaline h\u1ea1t c\u1eaft gi\u00e1c ch\u1ea1y m\u00e0u h\u1ed3ng tr\u1eafng size 4ly <\/strong><strong>c\u00f9ng m\u1ed9t s\u1ed1 chi ti\u1ebft m\u1ea1 v\u00e0ng.<\/strong><\/p>\n<p>Chi\u1ec1u d\u00e0i: 5cm &#8211; B\u1ec1 Ngang: 2.5cm &#8211; D\u00e0y d\u01b0\u1edbi 1cm. C\u00e1c b\u1ea1n c\u00f3 th\u1ec3 li\u00ean h\u1ec7 tr\u01b0\u1edbc v\u1edbi shop \u0111\u1ec3 \u0111\u01b0\u1ee3c t\u01b0 v\u1ea5n k\u0129 l\u01b0\u1ee1ng tr\u01b0\u1edbc khi \u0111\u1eb7t mua.<\/p>\n<p><strong>L\u01b0u \u00fd: \u0110eo kh\u00f4ng \u0111\u1ee5ng n\u01b0\u1edbc, ho\u00e1 ch\u1ea5t, m\u1ed3 h\u00f4i v\u00ec \u0111\u01b0\u1ee3c t\u1ea1o h\u00ecnh b\u1eb1ng, u\u1ed1n b\u1eb1ng k\u1ebdm m\u1ea1 v\u00e0ng.<\/strong><\/p>\n<p><strong>P.s: \u0110\u1ec3 \u0111\u01b0\u1ee3c shop ph\u1ea3n h\u1ed3i nhanh nh\u1ea5t, c\u00e1c b\u1ea1n vui l\u00f2ng b\u1ea5m v\u00e0o n\u00fat \u201cnh\u1eafn tin qua instagram\u201d \u1edf d\u01b0\u1edbi ch\u1eef \u201cmua ngay\u201d nh\u00e9.<\/strong><\/p>\n<p>&nbsp;<\/p>\n","protected":false},"excerpt":{"rendered":"<p>B\u00f4ng tai d\u1ea1ng treo t\u00f2ng teng v\u1edbi t\u1ea1o h\u00ecnh hai ch\u00f9m nho m\u1ed9ng n\u01b0\u1edbc t\u1eeb \u0111\u00e1 tourmaline h\u1ea1t c\u1eaft gi\u00e1c ch\u1ea1y m\u00e0u h\u1ed3ng tr\u1eafng size 4ly c\u00f9ng m\u1ed9t s\u1ed1 chi ti\u1ebft m\u1ea1 v\u00e0ng. Chi\u1ec1u d\u00e0i: 5cm &#8211; B\u1ec1 Ngang: 2.5cm &#8211; D\u00e0y d\u01b0\u1edbi 1cm. C\u00e1c b\u1ea1n c\u00f3 th\u1ec3 li\u00ean h\u1ec7 tr\u01b0\u1edbc v\u1edbi shop \u0111\u1ec3 \u0111\u01b0\u1ee3c t\u01b0 v\u1ea5n k\u0129 l\u01b0\u1ee1ng tr\u01b0\u1edbc khi \u0111\u1eb7t mua. L\u01b0u \u00fd: \u0110eo kh\u00f4ng \u0111\u1ee5ng n\u01b0\u1edbc, ho\u00e1 ch\u1ea5t, m\u1ed3 h\u00f4i v\u00ec \u0111\u01b0\u1ee3c t\u1ea1o h\u00ecnh b\u1eb1ng, u\u1ed1n b\u1eb1ng k\u1ebdm m\u1ea1 v\u00e0ng. P.s: \u0110\u1ec3 \u0111\u01b0\u1ee3c shop ph\u1ea3n h\u1ed3i nhanh nh\u1ea5t, c\u00e1c b\u1ea1n vui l\u00f2ng b\u1ea5m v\u00e0o n\u00fat \u201cnh\u1eafn tin qua instagram\u201d \u1edf d\u01b0\u1edbi ch\u1eef \u201cmua ngay\u201d nh\u00e9. &nbsp;<\/p>\n","protected":false},"featured_media":23762,"comment_status":"open","ping_status":"closed","template":"","meta":[],"product_brand":[],"product_cat":[288],"product_tag":[350,388,339,408],"class_list":{"0":"post-23766","1":"product","2":"type-product","3":"status-publish","4":"has-post-thumbnail","6":"product_cat-bong-tai","7":"product_tag-2ly","8":"product_tag-bongtai","9":"product_tag-tourmaline","10":"product_tag-xanhla","11":"pa_color-da-sac","12":"pa_color-pink","13":"pa_color-white","14":"pa_loai-da-tourmaline","15":"pa_size-4-ly","17":"first","18":"instock","19":"shipping-taxable","20":"purchasable","21":"product-type-simple"},"_links":{"self":[{"href":"https:\/\/www.erialshop.com\/index.php\/wp-json\/wp\/v2\/product\/23766","targetHints":{"allow":["GET"]}}],"collection":[{"href":"https:\/\/www.erialshop.com\/index.php\/wp-json\/wp\/v2\/product"}],"about":[{"href":"https:\/\/www.erialshop.com\/index.php\/wp-json\/wp\/v2\/types\/product"}],"replies":[{"embeddable":true,"href":"https:\/\/www.erialshop.com\/index.php\/wp-json\/wp\/v2\/comments?post=23766"}],"version-history":[{"count":0,"href":"https:\/\/www.erialshop.com\/index.php\/wp-json\/wp\/v2\/product\/23766\/revisions"}],"wp:featuredmedia":[{"embeddable":true,"href":"https:\/\/www.erialshop.com\/index.php\/wp-json\/wp\/v2\/media\/23762"}],"wp:attachment":[{"href":"https:\/\/www.erialshop.com\/index.php\/wp-json\/wp\/v2\/media?parent=23766"}],"wp:term":[{"taxonomy":"product_brand","embeddable":true,"href":"https:\/\/www.erialshop.com\/index.php\/wp-json\/wp\/v2\/product_brand?post=23766"},{"taxonomy":"product_cat","embeddable":true,"href":"https:\/\/www.erialshop.com\/index.php\/wp-json\/wp\/v2\/product_cat?post=23766"},{"taxonomy":"product_tag","embeddable":true,"href":"https:\/\/www.erialshop.com\/index.php\/wp-json\/wp\/v2\/product_tag?post=23766"}],"curies":[{"name":"wp","href":"https:\/\/api.w.org\/{rel}","templated":true}]}}