{"id":23764,"date":"2023-12-12T14:08:09","date_gmt":"2023-12-12T07:08:09","guid":{"rendered":"https:\/\/erialshop.com\/?post_type=product&#038;p=23764"},"modified":"2023-12-12T14:52:46","modified_gmt":"2023-12-12T07:52:46","slug":"lovely-spring-orange-flowers","status":"publish","type":"product","link":"https:\/\/www.erialshop.com\/index.php\/product\/lovely-spring-orange-flowers\/","title":{"rendered":"Lovely Spring &#8211; Orange Flowers"},"content":{"rendered":"<p><strong>V\u00f2ng tay c\u00f3 m\u1eabu t\u1eeb ng\u00e0y hoa m\u00f9a xu\u00e2n t\u01b0\u01a1i m\u1edbi v\u1edbi b\u1ed1n lo\u1ea1i \u0111\u00e1 \u0111an th\u00e0nh m\u1ed9t khu v\u01b0\u1eddn xinh x\u1eafn c\u00f9ng m\u1ed9t s\u1ed1 chi ti\u1ebft m\u1ea1 v\u00e0ng.<\/strong><\/p>\n<p>Nguy\u00ean li\u1ec7u g\u1ed3m:<\/p>\n<ul>\n<li>Ng\u1ecdc trai th\u1eadt m\u00e0u cam pastel 3ly<\/li>\n<li>\u00a0\u0110\u00e1 Th\u1ea1ch Anh Tr\u1eafng 2ly<\/li>\n<li>\u0110\u00e1 diopside m\u00e0u xanh l\u00e1 2ly<\/li>\n<li>\u0110\u00e1 opal h\u1ed3ng h\u1ea1t b\u00e1nh xe size 3x4ly<\/li>\n<\/ul>\n<p>Shop c\u00f3 s\u1eb5n chi\u1ebfc nh\u01b0 h\u00ecnh d\u00e0i 15.5cm (\u0111\u1ed9 gi\u00e3n 0.5cm) ho\u1eb7c c\u00e1c b\u1ea1n c\u00f3 th\u1ec3 li\u00ean h\u1ec7 v\u1edbi shop \u0111\u1ec3 \u0111\u01b0\u1ee3c t\u01b0 v\u1ea5n k\u0129 tr\u01b0\u1edbc khi \u0111\u1eb7t mua.<\/p>\n<p><strong>L\u01b0u \u00fd: \u0110\u00e2y l\u00e0 m\u1eabu v\u00f2ng \u0111eo b\u1ec1 ngang, \u00f4m tay v\u00e0 c\u1ea7n s\u1ef1 nh\u1eb9 nh\u00e0ng, kh\u00f4ng \u0111\u1ee5ng n\u01b0\u1edbc, ho\u00e1 ch\u1ea5t m\u1ed3 h\u00f4i v\u00ec c\u00f3 nhi\u1ec1u chi ti\u1ebft m\u1ea1 v\u00e0ng. Do \u0111\u1ec3 \u0111an h\u1ea1t 2ly \u0111\u01b0\u1ee3c shop kh\u00f4ng d\u00f9ng c\u01b0\u1edbc qu\u00e1 d\u00e0y \u1ea1.<\/strong><\/p>\n<p><strong>P.s: \u0110\u1ec3 \u0111\u01b0\u1ee3c shop ph\u1ea3n h\u1ed3i nhanh nh\u1ea5t, c\u00e1c b\u1ea1n vui l\u00f2ng b\u1ea5m v\u00e0o n\u00fat \u201cnh\u1eafn tin qua instagram\u201d \u1edf d\u01b0\u1edbi ch\u1eef \u201cmua ngay\u201d nh\u00e9.<\/strong><\/p>\n","protected":false},"excerpt":{"rendered":"<p>V\u00f2ng tay c\u00f3 m\u1eabu t\u1eeb ng\u00e0y hoa m\u00f9a xu\u00e2n t\u01b0\u01a1i m\u1edbi v\u1edbi b\u1ed1n lo\u1ea1i \u0111\u00e1 \u0111an th\u00e0nh m\u1ed9t khu v\u01b0\u1eddn xinh x\u1eafn c\u00f9ng m\u1ed9t s\u1ed1 chi ti\u1ebft m\u1ea1 v\u00e0ng. Nguy\u00ean li\u1ec7u g\u1ed3m: Ng\u1ecdc trai th\u1eadt m\u00e0u cam pastel 3ly \u00a0\u0110\u00e1 Th\u1ea1ch Anh Tr\u1eafng 2ly \u0110\u00e1 diopside m\u00e0u xanh l\u00e1 2ly \u0110\u00e1 opal h\u1ed3ng h\u1ea1t b\u00e1nh xe size 3x4ly Shop c\u00f3 s\u1eb5n chi\u1ebfc nh\u01b0 h\u00ecnh d\u00e0i 15.5cm (\u0111\u1ed9 gi\u00e3n 0.5cm) ho\u1eb7c c\u00e1c b\u1ea1n c\u00f3 th\u1ec3 li\u00ean h\u1ec7 v\u1edbi shop \u0111\u1ec3 \u0111\u01b0\u1ee3c t\u01b0 v\u1ea5n k\u0129 tr\u01b0\u1edbc khi \u0111\u1eb7t mua. L\u01b0u \u00fd: \u0110\u00e2y l\u00e0 m\u1eabu v\u00f2ng \u0111eo b\u1ec1 ngang, \u00f4m tay v\u00e0 c\u1ea7n s\u1ef1 nh\u1eb9 nh\u00e0ng, kh\u00f4ng \u0111\u1ee5ng n\u01b0\u1edbc, ho\u00e1 ch\u1ea5t m\u1ed3 h\u00f4i v\u00ec c\u00f3 nhi\u1ec1u chi ti\u1ebft m\u1ea1 v\u00e0ng. Do \u0111\u1ec3 \u0111an h\u1ea1t 2ly \u0111\u01b0\u1ee3c shop kh\u00f4ng d\u00f9ng c\u01b0\u1edbc qu\u00e1 d\u00e0y \u1ea1. P.s: \u0110\u1ec3 \u0111\u01b0\u1ee3c shop ph\u1ea3n h\u1ed3i nhanh nh\u1ea5t, c\u00e1c b\u1ea1n vui l\u00f2ng b\u1ea5m v\u00e0o n\u00fat \u201cnh\u1eafn tin qua instagram\u201d \u1edf d\u01b0\u1edbi ch\u1eef \u201cmua ngay\u201d nh\u00e9.<\/p>\n","protected":false},"featured_media":23760,"comment_status":"open","ping_status":"closed","template":"","meta":[],"product_brand":[],"product_cat":[284],"product_tag":[431,430,338],"class_list":{"0":"post-23764","1":"product","2":"type-product","3":"status-publish","4":"has-post-thumbnail","6":"product_cat-vong-tay","7":"product_tag-citrine","8":"product_tag-vang","9":"product_tag-vongtay","10":"pa_color-da-sac","11":"pa_loai-da-diopside","12":"pa_loai-da-ngoc-trai","13":"pa_loai-da-opal","14":"pa_loai-da-thach-anh-trang","15":"pa_size-2-ly","16":"pa_size-3-ly","17":"pa_style-dieu-da","19":"first","20":"instock","21":"shipping-taxable","22":"purchasable","23":"product-type-simple"},"_links":{"self":[{"href":"https:\/\/www.erialshop.com\/index.php\/wp-json\/wp\/v2\/product\/23764","targetHints":{"allow":["GET"]}}],"collection":[{"href":"https:\/\/www.erialshop.com\/index.php\/wp-json\/wp\/v2\/product"}],"about":[{"href":"https:\/\/www.erialshop.com\/index.php\/wp-json\/wp\/v2\/types\/product"}],"replies":[{"embeddable":true,"href":"https:\/\/www.erialshop.com\/index.php\/wp-json\/wp\/v2\/comments?post=23764"}],"version-history":[{"count":0,"href":"https:\/\/www.erialshop.com\/index.php\/wp-json\/wp\/v2\/product\/23764\/revisions"}],"wp:featuredmedia":[{"embeddable":true,"href":"https:\/\/www.erialshop.com\/index.php\/wp-json\/wp\/v2\/media\/23760"}],"wp:attachment":[{"href":"https:\/\/www.erialshop.com\/index.php\/wp-json\/wp\/v2\/media?parent=23764"}],"wp:term":[{"taxonomy":"product_brand","embeddable":true,"href":"https:\/\/www.erialshop.com\/index.php\/wp-json\/wp\/v2\/product_brand?post=23764"},{"taxonomy":"product_cat","embeddable":true,"href":"https:\/\/www.erialshop.com\/index.php\/wp-json\/wp\/v2\/product_cat?post=23764"},{"taxonomy":"product_tag","embeddable":true,"href":"https:\/\/www.erialshop.com\/index.php\/wp-json\/wp\/v2\/product_tag?post=23764"}],"curies":[{"name":"wp","href":"https:\/\/api.w.org\/{rel}","templated":true}]}}