{"id":23755,"date":"2023-12-04T18:28:29","date_gmt":"2023-12-04T11:28:29","guid":{"rendered":"https:\/\/erialshop.com\/?post_type=product&#038;p=23755"},"modified":"2025-02-18T14:45:25","modified_gmt":"2025-02-18T07:45:25","slug":"beryls-4ly","status":"publish","type":"product","link":"https:\/\/www.erialshop.com\/index.php\/product\/beryls-4ly\/","title":{"rendered":"Beryl 4ly"},"content":{"rendered":"<p><strong>V\u00f2ng tay \u0111\u00e1 beryl \u0111a s\u1eafc size 4ly ( m\u00e0u c\u1ee7a beryls d\u1ecbu v\u00e0 r\u1ea5t nh\u1ea1t) x\u1ecf tr\u01a1n c\u00f9ng m\u1ed9t s\u1ed1 chi ti\u1ebft m\u1ea1 v\u00e0ng.<\/strong><\/p>\n<p>Shop c\u00f3 s\u1eb5n d\u00e2y na n\u00e1 h\u00ecnh ( \u0111a s\u1eafc kh\u00f4ng c\u00f3 m\u00e0u v\u00e0ng) d\u00e0i 17cm ho\u1eb7c c\u00e1c b\u1ea1n c\u00f3 th\u1ec3 li\u00ean h\u1ec7 tr\u01b0\u1edbc v\u1edbi shop \u0111\u1ec3 \u0111\u01b0\u1ee3c t\u01b0 v\u1ea5n k\u0129 l\u01b0\u1ee1ng tr\u01b0\u1edbc khi \u0111\u1eb7t mua.<\/p>\n<p><em><strong>L\u01b0u \u00fd:<\/strong> M\u1eabu v\u00f2ng c\u00f3 nhi\u1ec1u chi ti\u1ebft m\u1ea1 v\u00e0ng, c\u00e1c b\u1ea1n vui l\u00f2ng h\u1ea1n ch\u1ebf \u0111\u1ee5ng n\u01b0\u1edbc, ho\u00e1 ch\u1ea5t, m\u1ed3 h\u00f4i \u0111\u1ec3 h\u1ea1n ch\u1ebf oxy ho\u00e1 v\u00e0 gi\u1eef m\u00e0u \u0111\u01b0\u1ee3c l\u1edbp xi m\u1ea1 l\u00e2u h\u01a1n.<\/em><\/p>\n<p><strong>P.s: \u0110\u1ec3 \u0111\u01b0\u1ee3c shop ph\u1ea3n h\u1ed3i nhanh nh\u1ea5t<\/strong><strong>, c\u00e1c b\u1ea1n vui l\u00f2ng b\u1ea5m v\u00e0o n\u00fat \u201cnh\u1eafn tin qua instagram\u201d \u1edf d\u01b0\u1edbi ch\u1eef \u201cmua ngay\u201d nh\u00e9.<\/strong><\/p>\n","protected":false},"excerpt":{"rendered":"<p>V\u00f2ng tay \u0111\u00e1 beryl \u0111a s\u1eafc size 4ly ( m\u00e0u c\u1ee7a beryls d\u1ecbu v\u00e0 r\u1ea5t nh\u1ea1t) x\u1ecf tr\u01a1n c\u00f9ng m\u1ed9t s\u1ed1 chi ti\u1ebft m\u1ea1 v\u00e0ng. Shop c\u00f3 s\u1eb5n d\u00e2y na n\u00e1 h\u00ecnh ( \u0111a s\u1eafc kh\u00f4ng c\u00f3 m\u00e0u v\u00e0ng) d\u00e0i 17cm ho\u1eb7c c\u00e1c b\u1ea1n c\u00f3 th\u1ec3 li\u00ean h\u1ec7 tr\u01b0\u1edbc v\u1edbi shop \u0111\u1ec3 \u0111\u01b0\u1ee3c t\u01b0 v\u1ea5n k\u0129 l\u01b0\u1ee1ng tr\u01b0\u1edbc khi \u0111\u1eb7t mua. L\u01b0u \u00fd: M\u1eabu v\u00f2ng c\u00f3 nhi\u1ec1u chi ti\u1ebft m\u1ea1 v\u00e0ng, c\u00e1c b\u1ea1n vui l\u00f2ng h\u1ea1n ch\u1ebf \u0111\u1ee5ng n\u01b0\u1edbc, ho\u00e1 ch\u1ea5t, m\u1ed3 h\u00f4i \u0111\u1ec3 h\u1ea1n ch\u1ebf oxy ho\u00e1 v\u00e0 gi\u1eef m\u00e0u \u0111\u01b0\u1ee3c l\u1edbp xi m\u1ea1 l\u00e2u h\u01a1n. P.s: \u0110\u1ec3 \u0111\u01b0\u1ee3c shop ph\u1ea3n h\u1ed3i nhanh nh\u1ea5t, c\u00e1c b\u1ea1n vui l\u00f2ng b\u1ea5m v\u00e0o n\u00fat \u201cnh\u1eafn tin qua instagram\u201d \u1edf d\u01b0\u1edbi ch\u1eef \u201cmua ngay\u201d nh\u00e9.<\/p>\n","protected":false},"featured_media":23756,"comment_status":"open","ping_status":"closed","template":"","meta":[],"product_brand":[],"product_cat":[284],"product_tag":[372,371,338,373,366],"class_list":{"0":"post-23755","1":"product","2":"type-product","3":"status-publish","4":"has-post-thumbnail","6":"product_cat-vong-tay","7":"product_tag-hacnguyetquang","8":"product_tag-labradorite","9":"product_tag-vongtay","10":"product_tag-xacu","11":"product_tag-xothun","12":"pa_color-da-sac","13":"pa_color-blue","14":"pa_loai-da-beryl","15":"pa_size-4-ly","16":"pa_style-tron","18":"first","19":"instock","20":"sale","21":"shipping-taxable","22":"purchasable","23":"product-type-simple"},"_links":{"self":[{"href":"https:\/\/www.erialshop.com\/index.php\/wp-json\/wp\/v2\/product\/23755","targetHints":{"allow":["GET"]}}],"collection":[{"href":"https:\/\/www.erialshop.com\/index.php\/wp-json\/wp\/v2\/product"}],"about":[{"href":"https:\/\/www.erialshop.com\/index.php\/wp-json\/wp\/v2\/types\/product"}],"replies":[{"embeddable":true,"href":"https:\/\/www.erialshop.com\/index.php\/wp-json\/wp\/v2\/comments?post=23755"}],"version-history":[{"count":1,"href":"https:\/\/www.erialshop.com\/index.php\/wp-json\/wp\/v2\/product\/23755\/revisions"}],"predecessor-version":[{"id":26103,"href":"https:\/\/www.erialshop.com\/index.php\/wp-json\/wp\/v2\/product\/23755\/revisions\/26103"}],"wp:featuredmedia":[{"embeddable":true,"href":"https:\/\/www.erialshop.com\/index.php\/wp-json\/wp\/v2\/media\/23756"}],"wp:attachment":[{"href":"https:\/\/www.erialshop.com\/index.php\/wp-json\/wp\/v2\/media?parent=23755"}],"wp:term":[{"taxonomy":"product_brand","embeddable":true,"href":"https:\/\/www.erialshop.com\/index.php\/wp-json\/wp\/v2\/product_brand?post=23755"},{"taxonomy":"product_cat","embeddable":true,"href":"https:\/\/www.erialshop.com\/index.php\/wp-json\/wp\/v2\/product_cat?post=23755"},{"taxonomy":"product_tag","embeddable":true,"href":"https:\/\/www.erialshop.com\/index.php\/wp-json\/wp\/v2\/product_tag?post=23755"}],"curies":[{"name":"wp","href":"https:\/\/api.w.org\/{rel}","templated":true}]}}