{"id":23670,"date":"2023-11-26T18:02:59","date_gmt":"2023-11-26T11:02:59","guid":{"rendered":"https:\/\/erialshop.com\/?post_type=product&#038;p=23670"},"modified":"2025-02-18T14:45:53","modified_gmt":"2025-02-18T07:45:53","slug":"day-don-tourmaline-tron-4-5ly","status":"publish","type":"product","link":"https:\/\/www.erialshop.com\/index.php\/product\/day-don-tourmaline-tron-4-5ly\/","title":{"rendered":"D\u00e2y \u0110\u01a1n Tourmaline Tr\u00f2n 4.5ly"},"content":{"rendered":"<p><strong>V\u00f2ng tay \u0111\u00e1 tourmaline h\u1ea1t tr\u00f2n size 4.5ly t\u00f4ng \u0111a s\u1eafc pastel: h\u1ed3ng, d\u01b0\u01a1ng,xanh l\u00e1, tr\u1eafng d\u01b0a d\u1ea5u x\u1ecf thun \u0111\u01a1n gi\u1ea3n.\u00a0<\/strong><\/p>\n<p>Shop c\u00f3 s\u1eb5n chi\u1ebfc y h\u00ecnh d\u00e0i 17-17,5cm ho\u1eb7c c\u00e1c b\u1ea1n c\u00f3 th\u1ec3 li\u00ean h\u1ec7 v\u1edbi shop \u0111\u1ec3 \u0111\u01b0\u1ee3c t\u01b0 v\u1ea5n k\u1ef9 tr\u01b0\u1edbc khi \u0111\u1eb7t mua.<\/p>\n<p><strong>L\u01b0u \u00fd: Gi\u00e1 380k\/ chi\u1ebfc \u0111\u01a1n c\u00f2n h\u00ecnh minh ho\u1ea1 l\u00e0 3 chi\u1ebfc nha.<\/strong><\/p>\n<p><strong>P.s: \u0110\u1ec3 \u0111\u01b0\u1ee3c shop ph\u1ea3n h\u1ed3i nhanh nh\u1ea5t, c\u00e1c b\u1ea1n vui l\u00f2ng b\u1ea5m v\u00e0o n\u00fat \u201cnh\u1eafn tin qua instagram\u201d \u1edf d\u01b0\u1edbi ch\u1eef \u201cmua ngay\u201d nh\u00e9.<\/strong><\/p>\n","protected":false},"excerpt":{"rendered":"<p>V\u00f2ng tay \u0111\u00e1 tourmaline h\u1ea1t tr\u00f2n size 4.5ly t\u00f4ng \u0111a s\u1eafc pastel: h\u1ed3ng, d\u01b0\u01a1ng,xanh l\u00e1, tr\u1eafng d\u01b0a d\u1ea5u x\u1ecf thun \u0111\u01a1n gi\u1ea3n.\u00a0 Shop c\u00f3 s\u1eb5n chi\u1ebfc y h\u00ecnh d\u00e0i 17-17,5cm ho\u1eb7c c\u00e1c b\u1ea1n c\u00f3 th\u1ec3 li\u00ean h\u1ec7 v\u1edbi shop \u0111\u1ec3 \u0111\u01b0\u1ee3c t\u01b0 v\u1ea5n k\u1ef9 tr\u01b0\u1edbc khi \u0111\u1eb7t mua. L\u01b0u \u00fd: Gi\u00e1 380k\/ chi\u1ebfc \u0111\u01a1n c\u00f2n h\u00ecnh minh ho\u1ea1 l\u00e0 3 chi\u1ebfc nha. P.s: \u0110\u1ec3 \u0111\u01b0\u1ee3c shop ph\u1ea3n h\u1ed3i nhanh nh\u1ea5t, c\u00e1c b\u1ea1n vui l\u00f2ng b\u1ea5m v\u00e0o n\u00fat \u201cnh\u1eafn tin qua instagram\u201d \u1edf d\u01b0\u1edbi ch\u1eef \u201cmua ngay\u201d nh\u00e9.<\/p>\n","protected":false},"featured_media":23701,"comment_status":"open","ping_status":"closed","template":"","meta":[],"product_brand":[],"product_cat":[284],"product_tag":[339,338],"class_list":{"0":"post-23670","1":"product","2":"type-product","3":"status-publish","4":"has-post-thumbnail","6":"product_cat-vong-tay","7":"product_tag-tourmaline","8":"product_tag-vongtay","9":"pa_color-da-sac","10":"pa_color-pink","11":"pa_color-white","12":"pa_color-blue","13":"pa_color-green","14":"pa_loai-da-tourmaline","15":"pa_size-4-ly","16":"pa_size-5-ly","17":"pa_size-hat-tron","18":"pa_style-tron","20":"first","21":"instock","22":"sale","23":"shipping-taxable","24":"purchasable","25":"product-type-simple"},"_links":{"self":[{"href":"https:\/\/www.erialshop.com\/index.php\/wp-json\/wp\/v2\/product\/23670","targetHints":{"allow":["GET"]}}],"collection":[{"href":"https:\/\/www.erialshop.com\/index.php\/wp-json\/wp\/v2\/product"}],"about":[{"href":"https:\/\/www.erialshop.com\/index.php\/wp-json\/wp\/v2\/types\/product"}],"replies":[{"embeddable":true,"href":"https:\/\/www.erialshop.com\/index.php\/wp-json\/wp\/v2\/comments?post=23670"}],"version-history":[{"count":2,"href":"https:\/\/www.erialshop.com\/index.php\/wp-json\/wp\/v2\/product\/23670\/revisions"}],"predecessor-version":[{"id":26107,"href":"https:\/\/www.erialshop.com\/index.php\/wp-json\/wp\/v2\/product\/23670\/revisions\/26107"}],"wp:featuredmedia":[{"embeddable":true,"href":"https:\/\/www.erialshop.com\/index.php\/wp-json\/wp\/v2\/media\/23701"}],"wp:attachment":[{"href":"https:\/\/www.erialshop.com\/index.php\/wp-json\/wp\/v2\/media?parent=23670"}],"wp:term":[{"taxonomy":"product_brand","embeddable":true,"href":"https:\/\/www.erialshop.com\/index.php\/wp-json\/wp\/v2\/product_brand?post=23670"},{"taxonomy":"product_cat","embeddable":true,"href":"https:\/\/www.erialshop.com\/index.php\/wp-json\/wp\/v2\/product_cat?post=23670"},{"taxonomy":"product_tag","embeddable":true,"href":"https:\/\/www.erialshop.com\/index.php\/wp-json\/wp\/v2\/product_tag?post=23670"}],"curies":[{"name":"wp","href":"https:\/\/api.w.org\/{rel}","templated":true}]}}