{"id":23643,"date":"2022-11-13T12:59:16","date_gmt":"2022-11-13T05:59:16","guid":{"rendered":"https:\/\/erialshop.com\/?post_type=product&#038;p=23643"},"modified":"2023-11-16T20:45:37","modified_gmt":"2023-11-16T13:45:37","slug":"moonstone-5ly-trai-den-02","status":"publish","type":"product","link":"https:\/\/www.erialshop.com\/index.php\/product\/moonstone-5ly-trai-den-02\/","title":{"rendered":"Moonstone 5ly &#8211; Trai \u0110en 02"},"content":{"rendered":"<p><strong>V\u00f2ng v\u1edbi \u0111\u00e1 m\u1eb7t tr\u0103ng 5ly mix c\u00f9ng ng\u1ecdc trai \u0111en \u00e1nh d\u01b0\u01a1ng 8ly c\u00f9ng m\u1ed9t s\u1ed1 chi ti\u1ebft m\u1ea1 v\u00e0ng.<\/strong><\/p>\n<p>Shop c\u00f3 s\u1eb5n chi\u1ebfc y h\u00ecnh d\u00e0i 15.8cm ho\u1eb7c b\u1ea1n vui l\u00f2ng li\u00ean h\u1ec7 v\u1edbi shop \u0111\u1ec3 \u0111\u1eb7t h\u00e0ng theo tay v\u00e0 \u0111\u01b0\u1ee3c t\u01b0 v\u1ea5n k\u1ef9 tr\u01b0\u1edbc khi mua.<\/p>\n<p><strong><em>\u0110\u00e1 m\u1eb7t tr\u0103ng trong s\u1ea3n ph\u1ea9m n\u00e0y g\u1ed3m c\u00e1c h\u1ea1t \u0111\u1ee5c, trong, c\u00f3 \u00edt t\u1ea1p ch\u1ea5t v\u00e0ng v\u00e0 kh\u00f4ng c\u00f3 l\u1eeda. B\u1ea1n n\u00e0o c\u1ea7n moonstone cao c\u1ea5p inbox shop nh\u00e9.<\/em><\/strong><\/p>\n<p><strong>P.s: \u0110\u1ec3 \u0111\u01b0\u1ee3c shop ph\u1ea3n h\u1ed3i nhanh nh\u1ea5t, c\u00e1c b\u1ea1n vui l\u00f2ng b\u1ea5m v\u00e0o n\u00fat \u201cnh\u1eafn tin qua instagram\u201d \u1edf d\u01b0\u1edbi ch\u1eef \u201cmua ngay\u201d nh\u00e9.<\/strong><\/p>\n","protected":false},"excerpt":{"rendered":"<p>V\u00f2ng v\u1edbi \u0111\u00e1 m\u1eb7t tr\u0103ng 5ly mix c\u00f9ng ng\u1ecdc trai \u0111en \u00e1nh d\u01b0\u01a1ng 8ly c\u00f9ng m\u1ed9t s\u1ed1 chi ti\u1ebft m\u1ea1 v\u00e0ng. Shop c\u00f3 s\u1eb5n chi\u1ebfc y h\u00ecnh d\u00e0i 15.8cm ho\u1eb7c b\u1ea1n vui l\u00f2ng li\u00ean h\u1ec7 v\u1edbi shop \u0111\u1ec3 \u0111\u1eb7t h\u00e0ng theo tay v\u00e0 \u0111\u01b0\u1ee3c t\u01b0 v\u1ea5n k\u1ef9 tr\u01b0\u1edbc khi mua. \u0110\u00e1 m\u1eb7t tr\u0103ng trong s\u1ea3n ph\u1ea9m n\u00e0y g\u1ed3m c\u00e1c h\u1ea1t \u0111\u1ee5c, trong, c\u00f3 \u00edt t\u1ea1p ch\u1ea5t v\u00e0ng v\u00e0 kh\u00f4ng c\u00f3 l\u1eeda. B\u1ea1n n\u00e0o c\u1ea7n moonstone cao c\u1ea5p inbox shop nh\u00e9. P.s: \u0110\u1ec3 \u0111\u01b0\u1ee3c shop ph\u1ea3n h\u1ed3i nhanh nh\u1ea5t, c\u00e1c b\u1ea1n vui l\u00f2ng b\u1ea5m v\u00e0o n\u00fat \u201cnh\u1eafn tin qua instagram\u201d \u1edf d\u01b0\u1edbi ch\u1eef \u201cmua ngay\u201d nh\u00e9.<\/p>\n","protected":false},"featured_media":23646,"comment_status":"open","ping_status":"closed","template":"","meta":[],"product_brand":[],"product_cat":[284],"product_tag":[349,419,338],"class_list":{"0":"post-23643","1":"product","2":"type-product","3":"status-publish","4":"has-post-thumbnail","6":"product_cat-vong-tay","7":"product_tag-damattrang","8":"product_tag-moonston","9":"product_tag-vongtay","10":"pa_color-white","11":"pa_fate-kim","12":"pa_fate-thuy","13":"pa_loai-da-moonstone","14":"pa_loai-da-ngoc-trai","15":"pa_size-5-ly","16":"pa_size-8-ly","17":"pa_style-mixed","19":"first","20":"instock","21":"shipping-taxable","22":"purchasable","23":"product-type-simple"},"_links":{"self":[{"href":"https:\/\/www.erialshop.com\/index.php\/wp-json\/wp\/v2\/product\/23643","targetHints":{"allow":["GET"]}}],"collection":[{"href":"https:\/\/www.erialshop.com\/index.php\/wp-json\/wp\/v2\/product"}],"about":[{"href":"https:\/\/www.erialshop.com\/index.php\/wp-json\/wp\/v2\/types\/product"}],"replies":[{"embeddable":true,"href":"https:\/\/www.erialshop.com\/index.php\/wp-json\/wp\/v2\/comments?post=23643"}],"version-history":[{"count":0,"href":"https:\/\/www.erialshop.com\/index.php\/wp-json\/wp\/v2\/product\/23643\/revisions"}],"wp:featuredmedia":[{"embeddable":true,"href":"https:\/\/www.erialshop.com\/index.php\/wp-json\/wp\/v2\/media\/23646"}],"wp:attachment":[{"href":"https:\/\/www.erialshop.com\/index.php\/wp-json\/wp\/v2\/media?parent=23643"}],"wp:term":[{"taxonomy":"product_brand","embeddable":true,"href":"https:\/\/www.erialshop.com\/index.php\/wp-json\/wp\/v2\/product_brand?post=23643"},{"taxonomy":"product_cat","embeddable":true,"href":"https:\/\/www.erialshop.com\/index.php\/wp-json\/wp\/v2\/product_cat?post=23643"},{"taxonomy":"product_tag","embeddable":true,"href":"https:\/\/www.erialshop.com\/index.php\/wp-json\/wp\/v2\/product_tag?post=23643"}],"curies":[{"name":"wp","href":"https:\/\/api.w.org\/{rel}","templated":true}]}}