{"id":23608,"date":"2024-02-22T20:22:29","date_gmt":"2024-02-22T13:22:29","guid":{"rendered":"https:\/\/erialshop.com\/?post_type=product&#038;p=23608"},"modified":"2025-02-21T13:42:48","modified_gmt":"2025-02-21T06:42:48","slug":"tour-da-sac-3ly","status":"publish","type":"product","link":"https:\/\/www.erialshop.com\/index.php\/product\/tour-da-sac-3ly\/","title":{"rendered":"Tour \u0110a S\u1eafc 3ly"},"content":{"rendered":"<p><strong>V\u00f2ng tay \u0111\u00e1 tourmaline t\u00f4ng \u0111a s\u1eafc h\u1ea1t c\u1eaft gi\u00e1c size 3ly x\u1ecf \u0111\u01a1n c\u00f9ng m\u1ed9t s\u1ed1 chi ti\u1ebft m\u1ea1 v\u00e0ng.<\/strong><\/p>\n<p>C\u00e1c b\u1ea1n c\u00f3 th\u1ec3 li\u00ean h\u1ec7 v\u1edbi shop \u0111\u1ec3 \u0111\u01b0\u1ee3c t\u01b0 v\u1ea5n size tr\u01b0\u1edbc khi mua h\u00e0ng.<\/p>\n<p><b>P.s: \u0110\u1ec3 \u0111\u01b0\u1ee3c shop ph\u1ea3n h\u1ed3i nhanh nh\u1ea5t, c\u00e1c b\u1ea1n vui l\u00f2ng b\u1ea5m v\u00e0o n\u00fat \u201cnh\u1eafn tin qua instagram\u201d \u1edf d\u01b0\u1edbi ch\u1eef \u201cmua ngay\u201d nh\u00e9.<\/b><\/p>\n","protected":false},"excerpt":{"rendered":"<p>V\u00f2ng tay \u0111\u00e1 tourmaline t\u00f4ng \u0111a s\u1eafc h\u1ea1t c\u1eaft gi\u00e1c size 3ly x\u1ecf \u0111\u01a1n c\u00f9ng m\u1ed9t s\u1ed1 chi ti\u1ebft m\u1ea1 v\u00e0ng. C\u00e1c b\u1ea1n c\u00f3 th\u1ec3 li\u00ean h\u1ec7 v\u1edbi shop \u0111\u1ec3 \u0111\u01b0\u1ee3c t\u01b0 v\u1ea5n size tr\u01b0\u1edbc khi mua h\u00e0ng. P.s: \u0110\u1ec3 \u0111\u01b0\u1ee3c shop ph\u1ea3n h\u1ed3i nhanh nh\u1ea5t, c\u00e1c b\u1ea1n vui l\u00f2ng b\u1ea5m v\u00e0o n\u00fat \u201cnh\u1eafn tin qua instagram\u201d \u1edf d\u01b0\u1edbi ch\u1eef \u201cmua ngay\u201d nh\u00e9.<\/p>\n","protected":false},"featured_media":24060,"comment_status":"open","ping_status":"closed","template":"","meta":[],"product_brand":[],"product_cat":[284],"product_tag":[453,339,338],"class_list":{"0":"post-23608","1":"product","2":"type-product","3":"status-publish","4":"has-post-thumbnail","6":"product_cat-vong-tay","7":"product_tag-dayba","8":"product_tag-tourmaline","9":"product_tag-vongtay","10":"pa_color-da-sac","11":"pa_loai-da-tourmaline","12":"pa_size-3-ly","13":"pa_style-tron","15":"first","16":"instock","17":"sale","18":"shipping-taxable","19":"purchasable","20":"product-type-simple"},"_links":{"self":[{"href":"https:\/\/www.erialshop.com\/index.php\/wp-json\/wp\/v2\/product\/23608","targetHints":{"allow":["GET"]}}],"collection":[{"href":"https:\/\/www.erialshop.com\/index.php\/wp-json\/wp\/v2\/product"}],"about":[{"href":"https:\/\/www.erialshop.com\/index.php\/wp-json\/wp\/v2\/types\/product"}],"replies":[{"embeddable":true,"href":"https:\/\/www.erialshop.com\/index.php\/wp-json\/wp\/v2\/comments?post=23608"}],"version-history":[{"count":1,"href":"https:\/\/www.erialshop.com\/index.php\/wp-json\/wp\/v2\/product\/23608\/revisions"}],"predecessor-version":[{"id":25361,"href":"https:\/\/www.erialshop.com\/index.php\/wp-json\/wp\/v2\/product\/23608\/revisions\/25361"}],"wp:featuredmedia":[{"embeddable":true,"href":"https:\/\/www.erialshop.com\/index.php\/wp-json\/wp\/v2\/media\/24060"}],"wp:attachment":[{"href":"https:\/\/www.erialshop.com\/index.php\/wp-json\/wp\/v2\/media?parent=23608"}],"wp:term":[{"taxonomy":"product_brand","embeddable":true,"href":"https:\/\/www.erialshop.com\/index.php\/wp-json\/wp\/v2\/product_brand?post=23608"},{"taxonomy":"product_cat","embeddable":true,"href":"https:\/\/www.erialshop.com\/index.php\/wp-json\/wp\/v2\/product_cat?post=23608"},{"taxonomy":"product_tag","embeddable":true,"href":"https:\/\/www.erialshop.com\/index.php\/wp-json\/wp\/v2\/product_tag?post=23608"}],"curies":[{"name":"wp","href":"https:\/\/api.w.org\/{rel}","templated":true}]}}