{"id":23607,"date":"2023-11-16T18:22:26","date_gmt":"2023-11-16T11:22:26","guid":{"rendered":"https:\/\/erialshop.com\/?post_type=product&#038;p=23607"},"modified":"2025-03-19T12:01:18","modified_gmt":"2025-03-19T05:01:18","slug":"tourmaline-xanh-duong-2ly","status":"publish","type":"product","link":"https:\/\/www.erialshop.com\/index.php\/product\/tourmaline-xanh-duong-2ly\/","title":{"rendered":"Tourmaline Xanh D\u01b0\u01a1ng 2ly"},"content":{"rendered":"<p><strong>V\u00f2ng tay \u0111\u00e1 tourmaline t\u00f4ng xanh d\u01b0\u01a1ng h\u1ea1t c\u1eaft gi\u00e1c size 2ly x\u1ecf \u0111\u01a1n c\u00f9ng m\u1ed9t s\u1ed1 chi ti\u1ebft m\u1ea1 v\u00e0ng.<\/strong><\/p>\n<p>Shop c\u00f3 s\u1eb5n chi\u1ebfc v\u1edbi chi\u1ec1u d\u00e0i 18cm ho\u1eb7c c\u00e1c b\u1ea1n c\u00f3 th\u1ec3 li\u00ean h\u1ec7 v\u1edbi shop \u0111\u1ec3 \u0111\u01b0\u1ee3c t\u01b0 v\u1ea5n size tr\u01b0\u1edbc khi mua h\u00e0ng.<\/p>\n<p>T\u00f4ng m\u00e0u xanh d\u01b0\u01a1ng c\u1ee7a \u0111\u00e1 c\u00f3 xanh d\u01b0\u01a1ng \u0111\u1eadm nh\u1ea1t v\u00e0 ho\u00e0 l\u1eabn c\u00e1c m\u00e0u kh\u00e1c nh\u01b0 m\u00e0u xanh l\u00e1&#8230;<\/p>\n<p><b>P.s: \u0110\u1ec3 \u0111\u01b0\u1ee3c shop ph\u1ea3n h\u1ed3i nhanh nh\u1ea5t, c\u00e1c b\u1ea1n vui l\u00f2ng b\u1ea5m v\u00e0o n\u00fat \u201cnh\u1eafn tin qua instagram\u201d \u1edf d\u01b0\u1edbi ch\u1eef \u201cmua ngay\u201d nh\u00e9.<\/b><\/p>\n","protected":false},"excerpt":{"rendered":"<p>V\u00f2ng tay \u0111\u00e1 tourmaline t\u00f4ng xanh d\u01b0\u01a1ng h\u1ea1t c\u1eaft gi\u00e1c size 2ly x\u1ecf \u0111\u01a1n c\u00f9ng m\u1ed9t s\u1ed1 chi ti\u1ebft m\u1ea1 v\u00e0ng. Shop c\u00f3 s\u1eb5n chi\u1ebfc v\u1edbi chi\u1ec1u d\u00e0i 18cm ho\u1eb7c c\u00e1c b\u1ea1n c\u00f3 th\u1ec3 li\u00ean h\u1ec7 v\u1edbi shop \u0111\u1ec3 \u0111\u01b0\u1ee3c t\u01b0 v\u1ea5n size tr\u01b0\u1edbc khi mua h\u00e0ng. T\u00f4ng m\u00e0u xanh d\u01b0\u01a1ng c\u1ee7a \u0111\u00e1 c\u00f3 xanh d\u01b0\u01a1ng \u0111\u1eadm nh\u1ea1t v\u00e0 ho\u00e0 l\u1eabn c\u00e1c m\u00e0u kh\u00e1c nh\u01b0 m\u00e0u xanh l\u00e1&#8230; P.s: \u0110\u1ec3 \u0111\u01b0\u1ee3c shop ph\u1ea3n h\u1ed3i nhanh nh\u1ea5t, c\u00e1c b\u1ea1n vui l\u00f2ng b\u1ea5m v\u00e0o n\u00fat \u201cnh\u1eafn tin qua instagram\u201d \u1edf d\u01b0\u1edbi ch\u1eef \u201cmua ngay\u201d nh\u00e9.<\/p>\n","protected":false},"featured_media":23599,"comment_status":"open","ping_status":"closed","template":"","meta":[],"product_brand":[],"product_cat":[284],"product_tag":[453,339,338],"class_list":{"0":"post-23607","1":"product","2":"type-product","3":"status-publish","4":"has-post-thumbnail","6":"product_cat-vong-tay","7":"product_tag-dayba","8":"product_tag-tourmaline","9":"product_tag-vongtay","10":"pa_color-blue","11":"pa_fate-moc","12":"pa_fate-thuy","13":"pa_loai-da-tourmaline","14":"pa_size-2-ly","15":"pa_style-tron","17":"first","18":"instock","19":"sale","20":"shipping-taxable","21":"purchasable","22":"product-type-simple"},"_links":{"self":[{"href":"https:\/\/www.erialshop.com\/index.php\/wp-json\/wp\/v2\/product\/23607","targetHints":{"allow":["GET"]}}],"collection":[{"href":"https:\/\/www.erialshop.com\/index.php\/wp-json\/wp\/v2\/product"}],"about":[{"href":"https:\/\/www.erialshop.com\/index.php\/wp-json\/wp\/v2\/types\/product"}],"replies":[{"embeddable":true,"href":"https:\/\/www.erialshop.com\/index.php\/wp-json\/wp\/v2\/comments?post=23607"}],"version-history":[{"count":2,"href":"https:\/\/www.erialshop.com\/index.php\/wp-json\/wp\/v2\/product\/23607\/revisions"}],"predecessor-version":[{"id":26213,"href":"https:\/\/www.erialshop.com\/index.php\/wp-json\/wp\/v2\/product\/23607\/revisions\/26213"}],"wp:featuredmedia":[{"embeddable":true,"href":"https:\/\/www.erialshop.com\/index.php\/wp-json\/wp\/v2\/media\/23599"}],"wp:attachment":[{"href":"https:\/\/www.erialshop.com\/index.php\/wp-json\/wp\/v2\/media?parent=23607"}],"wp:term":[{"taxonomy":"product_brand","embeddable":true,"href":"https:\/\/www.erialshop.com\/index.php\/wp-json\/wp\/v2\/product_brand?post=23607"},{"taxonomy":"product_cat","embeddable":true,"href":"https:\/\/www.erialshop.com\/index.php\/wp-json\/wp\/v2\/product_cat?post=23607"},{"taxonomy":"product_tag","embeddable":true,"href":"https:\/\/www.erialshop.com\/index.php\/wp-json\/wp\/v2\/product_tag?post=23607"}],"curies":[{"name":"wp","href":"https:\/\/api.w.org\/{rel}","templated":true}]}}