{"id":23564,"date":"2023-11-05T21:27:27","date_gmt":"2023-11-05T14:27:27","guid":{"rendered":"https:\/\/erialshop.com\/?post_type=product&#038;p=23564"},"modified":"2023-11-05T21:36:57","modified_gmt":"2023-11-05T14:36:57","slug":"tourmaline-dua-dau-7-5-7-8ly","status":"publish","type":"product","link":"https:\/\/www.erialshop.com\/index.php\/product\/tourmaline-dua-dau-7-5-7-8ly\/","title":{"rendered":"Tourmaline D\u01b0a D\u1ea5u 7.5-7.8ly"},"content":{"rendered":"<p><strong>V\u00f2ng tay \u0111\u00e1 tourmaline h\u1ea1t tr\u00f2n size 7.5-7.8ly t\u00f4ng m\u00e0u d\u01b0a d\u1ea5u x\u1ecf thun \u0111\u01a1n gi\u1ea3n.<\/strong><\/p>\n<p>M\u00e0u c\u1ee7a \u0111\u00e1 s\u1ebd thi\u00ean h\u1ed3ng h\u01a1n v\u00ec ch\u1ee5p d\u01b0\u1edbi n\u1eafng n\u00ean c\u00f3 c\u1ea3m gi\u00e1c ph\u1ea7n xanh chu\u1ed1i nhi\u1ec1u h\u01a1n. H\u1ea1t \u0111\u01b0\u1ee3c c\u1eaft t\u1ec9 m\u1ec9 \u0111\u1ec3 ch\u1ee9a n\u1eeda h\u1ed3ng n\u1eeda xanh nh\u01b0 m\u00e0u d\u01b0a d\u1ea5u, \u0111\u1ed9 trong cao v\u00e0 \u0111\u1eb9p m\u1eaft.<\/p>\n<p>Shop c\u00f3 s\u1eb5n chi\u1ebfc y h\u00ecnh d\u00e0i 19cm ho\u1eb7c c\u00e1c b\u1ea1n c\u00f3 th\u1ec3 li\u00ean h\u1ec7 v\u1edbi shop \u0111\u1ec3 \u0111\u01b0\u1ee3c t\u01b0 v\u1ea5n k\u1ef9 tr\u01b0\u1edbc khi \u0111\u1eb7t mua.<\/p>\n<p><strong>P.s: \u0110\u1ec3 \u0111\u01b0\u1ee3c shop ph\u1ea3n h\u1ed3i nhanh nh\u1ea5t, c\u00e1c b\u1ea1n vui l\u00f2ng b\u1ea5m v\u00e0o n\u00fat \u201cnh\u1eafn tin qua instagram\u201d \u1edf d\u01b0\u1edbi ch\u1eef \u201cmua ngay\u201d nh\u00e9.<\/strong><\/p>\n","protected":false},"excerpt":{"rendered":"<p>V\u00f2ng tay \u0111\u00e1 tourmaline h\u1ea1t tr\u00f2n size 7.5-7.8ly t\u00f4ng m\u00e0u d\u01b0a d\u1ea5u x\u1ecf thun \u0111\u01a1n gi\u1ea3n. M\u00e0u c\u1ee7a \u0111\u00e1 s\u1ebd thi\u00ean h\u1ed3ng h\u01a1n v\u00ec ch\u1ee5p d\u01b0\u1edbi n\u1eafng n\u00ean c\u00f3 c\u1ea3m gi\u00e1c ph\u1ea7n xanh chu\u1ed1i nhi\u1ec1u h\u01a1n. H\u1ea1t \u0111\u01b0\u1ee3c c\u1eaft t\u1ec9 m\u1ec9 \u0111\u1ec3 ch\u1ee9a n\u1eeda h\u1ed3ng n\u1eeda xanh nh\u01b0 m\u00e0u d\u01b0a d\u1ea5u, \u0111\u1ed9 trong cao v\u00e0 \u0111\u1eb9p m\u1eaft. Shop c\u00f3 s\u1eb5n chi\u1ebfc y h\u00ecnh d\u00e0i 19cm ho\u1eb7c c\u00e1c b\u1ea1n c\u00f3 th\u1ec3 li\u00ean h\u1ec7 v\u1edbi shop \u0111\u1ec3 \u0111\u01b0\u1ee3c t\u01b0 v\u1ea5n k\u1ef9 tr\u01b0\u1edbc khi \u0111\u1eb7t mua. P.s: \u0110\u1ec3 \u0111\u01b0\u1ee3c shop ph\u1ea3n h\u1ed3i nhanh nh\u1ea5t, c\u00e1c b\u1ea1n vui l\u00f2ng b\u1ea5m v\u00e0o n\u00fat \u201cnh\u1eafn tin qua instagram\u201d \u1edf d\u01b0\u1edbi ch\u1eef \u201cmua ngay\u201d nh\u00e9.<\/p>\n","protected":false},"featured_media":23565,"comment_status":"open","ping_status":"closed","template":"","meta":[],"product_brand":[],"product_cat":[284],"product_tag":[339,338],"class_list":{"0":"post-23564","1":"product","2":"type-product","3":"status-publish","4":"has-post-thumbnail","6":"product_cat-vong-tay","7":"product_tag-tourmaline","8":"product_tag-vongtay","9":"pa_color-pink","10":"pa_color-green","11":"pa_loai-da-tourmaline","12":"pa_size-7ly","13":"pa_size-8-ly","14":"pa_size-hat-tron","15":"pa_style-tron","17":"first","18":"instock","19":"shipping-taxable","20":"purchasable","21":"product-type-simple"},"_links":{"self":[{"href":"https:\/\/www.erialshop.com\/index.php\/wp-json\/wp\/v2\/product\/23564","targetHints":{"allow":["GET"]}}],"collection":[{"href":"https:\/\/www.erialshop.com\/index.php\/wp-json\/wp\/v2\/product"}],"about":[{"href":"https:\/\/www.erialshop.com\/index.php\/wp-json\/wp\/v2\/types\/product"}],"replies":[{"embeddable":true,"href":"https:\/\/www.erialshop.com\/index.php\/wp-json\/wp\/v2\/comments?post=23564"}],"version-history":[{"count":0,"href":"https:\/\/www.erialshop.com\/index.php\/wp-json\/wp\/v2\/product\/23564\/revisions"}],"wp:featuredmedia":[{"embeddable":true,"href":"https:\/\/www.erialshop.com\/index.php\/wp-json\/wp\/v2\/media\/23565"}],"wp:attachment":[{"href":"https:\/\/www.erialshop.com\/index.php\/wp-json\/wp\/v2\/media?parent=23564"}],"wp:term":[{"taxonomy":"product_brand","embeddable":true,"href":"https:\/\/www.erialshop.com\/index.php\/wp-json\/wp\/v2\/product_brand?post=23564"},{"taxonomy":"product_cat","embeddable":true,"href":"https:\/\/www.erialshop.com\/index.php\/wp-json\/wp\/v2\/product_cat?post=23564"},{"taxonomy":"product_tag","embeddable":true,"href":"https:\/\/www.erialshop.com\/index.php\/wp-json\/wp\/v2\/product_tag?post=23564"}],"curies":[{"name":"wp","href":"https:\/\/api.w.org\/{rel}","templated":true}]}}