{"id":23541,"date":"2023-11-01T15:06:30","date_gmt":"2023-11-01T08:06:30","guid":{"rendered":"https:\/\/erialshop.com\/?post_type=product&#038;p=23541"},"modified":"2024-01-11T15:44:23","modified_gmt":"2024-01-11T08:44:23","slug":"cum-hoa-thach-anh-hong","status":"publish","type":"product","link":"https:\/\/www.erialshop.com\/index.php\/product\/cum-hoa-thach-anh-hong\/","title":{"rendered":"C\u1ee5m Hoa Th\u1ea1ch Anh H\u1ed3ng"},"content":{"rendered":"<p><strong>V\u00f2ng tay v\u1edbi \u0111\u00e1 th\u1ea1ch anh h\u1ed3ng d\u1ea1ng v\u1ee5n \u0111\u01b0\u1ee3c l\u00e0m t\u1ec9 m\u1ec9 k\u1ebft th\u00e0nh nh\u1eefng c\u1ee5m hoa xanh d\u01b0\u01a1ng mix c\u00f9ng ng\u1ecdc trai tr\u1eafng 8ly v\u00e0 m\u1ed9t s\u1ed1 chi ti\u1ebft m\u1ea1 b\u1ea1c\/v\u00e0ng.<\/strong><\/p>\n<p>Shop c\u00f3 s\u1eb5n d\u00e2y chi\u1ec1u d\u00e0i 17.5cm ho\u1eb7c c\u00e1c b\u1ea1n c\u00f3 th\u1ec3 li\u00ean h\u1ec7 tr\u01b0\u1edbc v\u1edbi shop \u0111\u1ec3 \u0111\u01b0\u1ee3c t\u01b0 v\u1ea5n tr\u01b0\u1edbc khi \u0111\u1eb7t mua.<\/p>\n<ul>\n<li><em>\u0110\u1ed1i v\u1edbi c\u00e1c lo\u1ea1i v\u00f2ng x\u1ecf v\u1edbi \u0111\u00e1 v\u1ee5n, c\u00e1c b\u1ea1n l\u01b0u \u00fd \u0111\u1eb7t tay nh\u1eb9 nh\u00e0ng khi va ch\u1ea1m c\u00e1c m\u1eb7t c\u1ee9ng \u0111\u1ec3 h\u1ea1n ch\u1ebf vi\u00eac r\u1ea1n, n\u1ee9t \u0111\u00e1 v\u00ec \u0111\u00e1 v\u1ee5n kh\u00f4ng c\u00f3 1 k\u00edch th\u01b0\u1edbc c\u1ee5 th\u1ec3 n\u00ean l\u1ed7 x\u1ecf th\u01b0\u1eddng s\u1ebd n\u1eb1m ng\u1eabu nhi\u00ean tr\u00ean vi\u00ean \u0111\u00e1. <\/em><\/li>\n<li><em>Ho\u1eb7c n\u1ebfu c\u00e1c b\u1ea1n kh\u00f4ng ti\u1ec7n nh\u1eb9 tay c\u00f3 th\u1ec3 tham kh\u1ea3o th\u00eam c\u00e1c lo\u1ea1i \u0111\u00e1 c\u00f3 \u0111\u1ed9 c\u1ee9ng cao.<\/em><\/li>\n<\/ul>\n<p><strong>P.s: \u0110\u1ec3 \u0111\u01b0\u1ee3c shop ph\u1ea3n h\u1ed3i nhanh nh\u1ea5t<\/strong><strong style=\"letter-spacing: 0px;\">, c\u00e1c b\u1ea1n vui l\u00f2ng b\u1ea5m v\u00e0o n\u00fat &#8220;nh\u1eafn tin qua instagram&#8221; \u1edf d\u01b0\u1edbi ch\u1eef &#8220;mua ngay&#8221; nh\u00e9.\u00a0<\/strong><\/p>\n","protected":false},"excerpt":{"rendered":"<p>V\u00f2ng tay v\u1edbi \u0111\u00e1 th\u1ea1ch anh h\u1ed3ng d\u1ea1ng v\u1ee5n \u0111\u01b0\u1ee3c l\u00e0m t\u1ec9 m\u1ec9 k\u1ebft th\u00e0nh nh\u1eefng c\u1ee5m hoa xanh d\u01b0\u01a1ng mix c\u00f9ng ng\u1ecdc trai tr\u1eafng 8ly v\u00e0 m\u1ed9t s\u1ed1 chi ti\u1ebft m\u1ea1 b\u1ea1c\/v\u00e0ng. Shop c\u00f3 s\u1eb5n d\u00e2y chi\u1ec1u d\u00e0i 17.5cm ho\u1eb7c c\u00e1c b\u1ea1n c\u00f3 th\u1ec3 li\u00ean h\u1ec7 tr\u01b0\u1edbc v\u1edbi shop \u0111\u1ec3 \u0111\u01b0\u1ee3c t\u01b0 v\u1ea5n tr\u01b0\u1edbc khi \u0111\u1eb7t mua. \u0110\u1ed1i v\u1edbi c\u00e1c lo\u1ea1i v\u00f2ng x\u1ecf v\u1edbi \u0111\u00e1 v\u1ee5n, c\u00e1c b\u1ea1n l\u01b0u \u00fd \u0111\u1eb7t tay nh\u1eb9 nh\u00e0ng khi va ch\u1ea1m c\u00e1c m\u1eb7t c\u1ee9ng \u0111\u1ec3 h\u1ea1n ch\u1ebf vi\u00eac r\u1ea1n, n\u1ee9t \u0111\u00e1 v\u00ec \u0111\u00e1 v\u1ee5n kh\u00f4ng c\u00f3 1 k\u00edch th\u01b0\u1edbc c\u1ee5 th\u1ec3 n\u00ean l\u1ed7 x\u1ecf th\u01b0\u1eddng s\u1ebd n\u1eb1m ng\u1eabu nhi\u00ean tr\u00ean vi\u00ean \u0111\u00e1. Ho\u1eb7c n\u1ebfu c\u00e1c b\u1ea1n kh\u00f4ng ti\u1ec7n nh\u1eb9 tay c\u00f3 th\u1ec3 tham kh\u1ea3o th\u00eam c\u00e1c lo\u1ea1i \u0111\u00e1 c\u00f3 \u0111\u1ed9 c\u1ee9ng cao. P.s: \u0110\u1ec3 \u0111\u01b0\u1ee3c shop ph\u1ea3n h\u1ed3i nhanh nh\u1ea5t, c\u00e1c b\u1ea1n vui l\u00f2ng b\u1ea5m v\u00e0o n\u00fat &#8220;nh\u1eafn tin qua instagram&#8221; \u1edf d\u01b0\u1edbi ch\u1eef &#8220;mua ngay&#8221; nh\u00e9.\u00a0<\/p>\n","protected":false},"featured_media":23542,"comment_status":"open","ping_status":"closed","template":"","meta":[],"product_brand":[],"product_cat":[284],"product_tag":[467,442,424,468,338],"class_list":{"0":"post-23541","1":"product","2":"type-product","3":"status-publish","4":"has-post-thumbnail","6":"product_cat-vong-tay","7":"product_tag-apatite","8":"product_tag-cumhoa","9":"product_tag-ngoctrai","10":"product_tag-pearl","11":"product_tag-vongtay","12":"pa_color-pink","13":"pa_fate-tho","14":"pa_loai-da-ngoc-trai","15":"pa_loai-da-thach-anh","16":"pa_size-8-ly","17":"pa_size-vun","18":"pa_style-cum-hoa","19":"pa_style-mix-ngoc-trai","21":"first","22":"instock","23":"shipping-taxable","24":"purchasable","25":"product-type-simple"},"_links":{"self":[{"href":"https:\/\/www.erialshop.com\/index.php\/wp-json\/wp\/v2\/product\/23541","targetHints":{"allow":["GET"]}}],"collection":[{"href":"https:\/\/www.erialshop.com\/index.php\/wp-json\/wp\/v2\/product"}],"about":[{"href":"https:\/\/www.erialshop.com\/index.php\/wp-json\/wp\/v2\/types\/product"}],"replies":[{"embeddable":true,"href":"https:\/\/www.erialshop.com\/index.php\/wp-json\/wp\/v2\/comments?post=23541"}],"version-history":[{"count":0,"href":"https:\/\/www.erialshop.com\/index.php\/wp-json\/wp\/v2\/product\/23541\/revisions"}],"wp:featuredmedia":[{"embeddable":true,"href":"https:\/\/www.erialshop.com\/index.php\/wp-json\/wp\/v2\/media\/23542"}],"wp:attachment":[{"href":"https:\/\/www.erialshop.com\/index.php\/wp-json\/wp\/v2\/media?parent=23541"}],"wp:term":[{"taxonomy":"product_brand","embeddable":true,"href":"https:\/\/www.erialshop.com\/index.php\/wp-json\/wp\/v2\/product_brand?post=23541"},{"taxonomy":"product_cat","embeddable":true,"href":"https:\/\/www.erialshop.com\/index.php\/wp-json\/wp\/v2\/product_cat?post=23541"},{"taxonomy":"product_tag","embeddable":true,"href":"https:\/\/www.erialshop.com\/index.php\/wp-json\/wp\/v2\/product_tag?post=23541"}],"curies":[{"name":"wp","href":"https:\/\/api.w.org\/{rel}","templated":true}]}}