{"id":23537,"date":"2024-12-23T14:54:33","date_gmt":"2024-12-23T07:54:33","guid":{"rendered":"https:\/\/erialshop.com\/?post_type=product&#038;p=23537"},"modified":"2025-02-18T14:39:55","modified_gmt":"2025-02-18T07:39:55","slug":"tay-tron-hon-11-loai-da","status":"publish","type":"product","link":"https:\/\/www.erialshop.com\/index.php\/product\/tay-tron-hon-11-loai-da\/","title":{"rendered":"Tay tr\u1ed9n 11 lo\u1ea1i \u0111\u00e1"},"content":{"rendered":"<p><strong>V\u00f2ng tay tr\u1ed9n h\u01a1n 8 lo\u1ea1i \u0111\u00e1 c\u00f3 size 2ly mix c\u00f9ng ng\u1ecdc trai th\u1eadt 3-4ly. C\u00e1c lo\u1ea1i \u0111\u00e1: Tourmaline, apatite, sapphire, garnet, sunstone, rho, peridot, ruby nam phi, m\u00e8o v\u00e0ng, labradorite, zircon, ng\u1ecdc trai v\u00e0 m\u1ed9t s\u1ed1 chi ti\u1ebft m\u1ea1 v\u00e0ng.<\/strong><\/p>\n<p>Shop c\u00f3 s\u1eb5n chi\u1ebfc tr\u00ean h\u00ecnh d\u00e0i 16cm ho\u1eb7c c\u00e1c b\u1ea1n c\u00f3 th\u1ec3 li\u00ean h\u1ec7 tr\u01b0\u1edbc v\u1edbi shop \u0111\u1ec3 \u0111\u01b0\u1ee3c t\u01b0 v\u1ea5n k\u0129 l\u01b0\u1ee1ng tr\u01b0\u1edbc khi \u0111\u1eb7t mua.<\/p>\n<p><strong>P.s: \u0110\u1ec3 \u0111\u01b0\u1ee3c shop ph\u1ea3n h\u1ed3i nhanh nh\u1ea5t, c\u00e1c b\u1ea1n vui l\u00f2ng b\u1ea5m v\u00e0o n\u00fat \u201cnh\u1eafn tin qua instagram\u201d \u1edf d\u01b0\u1edbi ch\u1eef \u201cmua ngay\u201d nh\u00e9.<\/strong><\/p>\n","protected":false},"excerpt":{"rendered":"<p>V\u00f2ng tay tr\u1ed9n h\u01a1n 8 lo\u1ea1i \u0111\u00e1 c\u00f3 size 2ly mix c\u00f9ng ng\u1ecdc trai th\u1eadt 3-4ly. C\u00e1c lo\u1ea1i \u0111\u00e1: Tourmaline, apatite, sapphire, garnet, sunstone, rho, peridot, ruby nam phi, m\u00e8o v\u00e0ng, labradorite, zircon, ng\u1ecdc trai v\u00e0 m\u1ed9t s\u1ed1 chi ti\u1ebft m\u1ea1 v\u00e0ng. Shop c\u00f3 s\u1eb5n chi\u1ebfc tr\u00ean h\u00ecnh d\u00e0i 16cm ho\u1eb7c c\u00e1c b\u1ea1n c\u00f3 th\u1ec3 li\u00ean h\u1ec7 tr\u01b0\u1edbc v\u1edbi shop \u0111\u1ec3 \u0111\u01b0\u1ee3c t\u01b0 v\u1ea5n k\u0129 l\u01b0\u1ee1ng tr\u01b0\u1edbc khi \u0111\u1eb7t mua. P.s: \u0110\u1ec3 \u0111\u01b0\u1ee3c shop ph\u1ea3n h\u1ed3i nhanh nh\u1ea5t, c\u00e1c b\u1ea1n vui l\u00f2ng b\u1ea5m v\u00e0o n\u00fat \u201cnh\u1eafn tin qua instagram\u201d \u1edf d\u01b0\u1edbi ch\u1eef \u201cmua ngay\u201d nh\u00e9.<\/p>\n","protected":false},"featured_media":25828,"comment_status":"open","ping_status":"closed","template":"","meta":[],"product_brand":[],"product_cat":[284],"product_tag":[],"class_list":{"0":"post-23537","1":"product","2":"type-product","3":"status-publish","4":"has-post-thumbnail","6":"product_cat-vong-tay","7":"pa_color-da-sac","8":"pa_loai-da-tourmaline","9":"pa_loai-da-apatite","10":"pa_loai-da-cubic-zirconia","11":"pa_loai-da-garnet","12":"pa_loai-da-labradorite","13":"pa_loai-da-ngoc-trai","14":"pa_loai-da-peridot","15":"pa_loai-da-sapphire","16":"pa_loai-da-sunstone","17":"pa_loai-da-mat-meo-nhan-tao","18":"pa_size-2-ly","19":"pa_style-mixed","21":"first","22":"instock","23":"sale","24":"shipping-taxable","25":"purchasable","26":"product-type-simple"},"_links":{"self":[{"href":"https:\/\/www.erialshop.com\/index.php\/wp-json\/wp\/v2\/product\/23537","targetHints":{"allow":["GET"]}}],"collection":[{"href":"https:\/\/www.erialshop.com\/index.php\/wp-json\/wp\/v2\/product"}],"about":[{"href":"https:\/\/www.erialshop.com\/index.php\/wp-json\/wp\/v2\/types\/product"}],"replies":[{"embeddable":true,"href":"https:\/\/www.erialshop.com\/index.php\/wp-json\/wp\/v2\/comments?post=23537"}],"version-history":[{"count":3,"href":"https:\/\/www.erialshop.com\/index.php\/wp-json\/wp\/v2\/product\/23537\/revisions"}],"predecessor-version":[{"id":25834,"href":"https:\/\/www.erialshop.com\/index.php\/wp-json\/wp\/v2\/product\/23537\/revisions\/25834"}],"wp:featuredmedia":[{"embeddable":true,"href":"https:\/\/www.erialshop.com\/index.php\/wp-json\/wp\/v2\/media\/25828"}],"wp:attachment":[{"href":"https:\/\/www.erialshop.com\/index.php\/wp-json\/wp\/v2\/media?parent=23537"}],"wp:term":[{"taxonomy":"product_brand","embeddable":true,"href":"https:\/\/www.erialshop.com\/index.php\/wp-json\/wp\/v2\/product_brand?post=23537"},{"taxonomy":"product_cat","embeddable":true,"href":"https:\/\/www.erialshop.com\/index.php\/wp-json\/wp\/v2\/product_cat?post=23537"},{"taxonomy":"product_tag","embeddable":true,"href":"https:\/\/www.erialshop.com\/index.php\/wp-json\/wp\/v2\/product_tag?post=23537"}],"curies":[{"name":"wp","href":"https:\/\/api.w.org\/{rel}","templated":true}]}}