{"id":23534,"date":"2022-10-02T14:34:23","date_gmt":"2022-10-02T07:34:23","guid":{"rendered":"https:\/\/erialshop.com\/?post_type=product&#038;p=23534"},"modified":"2023-11-01T14:46:37","modified_gmt":"2023-11-01T07:46:37","slug":"apatite-3ly-ziczac","status":"publish","type":"product","link":"https:\/\/www.erialshop.com\/index.php\/product\/apatite-3ly-ziczac\/","title":{"rendered":"Apatite 3ly &#8211; ziczac"},"content":{"rendered":"<p><strong>L\u1eafc ch\u00e2n \u0111\u00e1 apatite m\u00e0u xanh bi\u1ec3n size 3ly x\u1ecf ziczac mix c\u00f9ng m\u1ed9t s\u1ed1 chi ti\u1ebft m\u1ea1 v\u00e0ng. \u0110\u00e1 apatite t\u1ef1 nhi\u00ean s\u1ebd c\u00f3 ch\u1ee9a t\u1ea1p ch\u1ea5t m\u00e0u v\u00e0ng, n\u00e2u nh\u00e9.<\/strong><\/p>\n<p>Shop c\u00f3 s\u1eb5n d\u00e2y chi\u1ec1u d\u00e0i 26cm + t\u0103ng \u0111\u01a1 2cm n\u1eefa ho\u1eb7c c\u00e1c b\u1ea1n c\u00f3 th\u1ec3 li\u00ean h\u1ec7 tr\u01b0\u1edbc v\u1edbi shop \u0111\u1ec3 \u0111\u01b0\u1ee3c t\u01b0 v\u1ea5n tr\u01b0\u1edbc khi \u0111\u1eb7t mua.<\/p>\n<p><strong>P.s: \u0110\u1ec3 \u0111\u01b0\u1ee3c shop ph\u1ea3n h\u1ed3i nhanh nh\u1ea5t, c\u00e1c b\u1ea1n vui l\u00f2ng b\u1ea5m v\u00e0o n\u00fat \u201cnh\u1eafn tin qua instagram\u201d \u1edf d\u01b0\u1edbi ch\u1eef \u201cmua ngay\u201d nh\u00e9.<\/strong><\/p>\n","protected":false},"excerpt":{"rendered":"<p>L\u1eafc ch\u00e2n \u0111\u00e1 apatite m\u00e0u xanh bi\u1ec3n size 3ly x\u1ecf ziczac mix c\u00f9ng m\u1ed9t s\u1ed1 chi ti\u1ebft m\u1ea1 v\u00e0ng. \u0110\u00e1 apatite t\u1ef1 nhi\u00ean s\u1ebd c\u00f3 ch\u1ee9a t\u1ea1p ch\u1ea5t m\u00e0u v\u00e0ng, n\u00e2u nh\u00e9. Shop c\u00f3 s\u1eb5n d\u00e2y chi\u1ec1u d\u00e0i 26cm + t\u0103ng \u0111\u01a1 2cm n\u1eefa ho\u1eb7c c\u00e1c b\u1ea1n c\u00f3 th\u1ec3 li\u00ean h\u1ec7 tr\u01b0\u1edbc v\u1edbi shop \u0111\u1ec3 \u0111\u01b0\u1ee3c t\u01b0 v\u1ea5n tr\u01b0\u1edbc khi \u0111\u1eb7t mua. P.s: \u0110\u1ec3 \u0111\u01b0\u1ee3c shop ph\u1ea3n h\u1ed3i nhanh nh\u1ea5t, c\u00e1c b\u1ea1n vui l\u00f2ng b\u1ea5m v\u00e0o n\u00fat \u201cnh\u1eafn tin qua instagram\u201d \u1edf d\u01b0\u1edbi ch\u1eef \u201cmua ngay\u201d nh\u00e9.<\/p>\n","protected":false},"featured_media":23535,"comment_status":"open","ping_status":"closed","template":"","meta":[],"product_brand":[],"product_cat":[286],"product_tag":[467,425,445],"class_list":{"0":"post-23534","1":"product","2":"type-product","3":"status-publish","4":"has-post-thumbnail","6":"product_cat-lac-chan","7":"product_tag-apatite","8":"product_tag-lacchan","9":"product_tag-matmeonhantao","10":"pa_color-blue","11":"pa_fate-moc","12":"pa_fate-thuy","13":"pa_loai-da-apatite","14":"pa_size-3-ly","16":"first","17":"instock","18":"shipping-taxable","19":"purchasable","20":"product-type-simple"},"_links":{"self":[{"href":"https:\/\/www.erialshop.com\/index.php\/wp-json\/wp\/v2\/product\/23534","targetHints":{"allow":["GET"]}}],"collection":[{"href":"https:\/\/www.erialshop.com\/index.php\/wp-json\/wp\/v2\/product"}],"about":[{"href":"https:\/\/www.erialshop.com\/index.php\/wp-json\/wp\/v2\/types\/product"}],"replies":[{"embeddable":true,"href":"https:\/\/www.erialshop.com\/index.php\/wp-json\/wp\/v2\/comments?post=23534"}],"version-history":[{"count":0,"href":"https:\/\/www.erialshop.com\/index.php\/wp-json\/wp\/v2\/product\/23534\/revisions"}],"wp:featuredmedia":[{"embeddable":true,"href":"https:\/\/www.erialshop.com\/index.php\/wp-json\/wp\/v2\/media\/23535"}],"wp:attachment":[{"href":"https:\/\/www.erialshop.com\/index.php\/wp-json\/wp\/v2\/media?parent=23534"}],"wp:term":[{"taxonomy":"product_brand","embeddable":true,"href":"https:\/\/www.erialshop.com\/index.php\/wp-json\/wp\/v2\/product_brand?post=23534"},{"taxonomy":"product_cat","embeddable":true,"href":"https:\/\/www.erialshop.com\/index.php\/wp-json\/wp\/v2\/product_cat?post=23534"},{"taxonomy":"product_tag","embeddable":true,"href":"https:\/\/www.erialshop.com\/index.php\/wp-json\/wp\/v2\/product_tag?post=23534"}],"curies":[{"name":"wp","href":"https:\/\/api.w.org\/{rel}","templated":true}]}}