{"id":23519,"date":"2023-10-10T17:52:15","date_gmt":"2023-10-10T10:52:15","guid":{"rendered":"https:\/\/erialshop.com\/?post_type=product&#038;p=23519"},"modified":"2026-02-19T22:11:11","modified_gmt":"2026-02-19T15:11:11","slug":"tourmaline-pearl-2x3ly","status":"publish","type":"product","link":"https:\/\/www.erialshop.com\/index.php\/product\/tourmaline-pearl-2x3ly\/","title":{"rendered":"Tourmaline &#8211; Pearl 2x3ly"},"content":{"rendered":"<p><strong>V\u00f2ng tay b\u1eb1ng h\u1ea1t \u0111\u00e1 tourmaline k\u1eb9o t\u00f4ng \u0111a s\u1eafc ch\u1ea1y m\u00e0u orm mix ng\u1ecdc trai cam pastel ho\u1eb7c tr\u1eafng c\u00f9ng m\u1ed9t s\u1ed1 chi ti\u1ebft m\u1ea1 v\u00e0ng.<\/strong><\/p>\n<p>M\u1eabu v\u00f2ng m\u00e0u \u0111i\u1ec7u, \u0111eo nh\u1eb9 tay, \u0111\u1ed9 trong c\u1ee7a \u0111\u00e1 cao c\u00f9ng c\u00e1c chi ti\u1ebft m\u1ea1 v\u00e0ng nh\u00e9. Size \u0111\u00e1 h\u00ecnh b\u00e1nh xe: b\u1ec1 ngang 3.5ly &#8211; b\u1ec1 d\u1eb9p 1.5-1.7ly.<\/p>\n<p>Shop c\u00f3 s\u1eb5n chi\u1ebfc y h\u00ecnh d\u00e0i 17cm v\u1eeba c\u1ed5 tay ho\u1eb7c c\u00e1c b\u1ea1n c\u00f3 th\u1ec3 li\u00ean h\u1ec7 tr\u01b0\u1edbc v\u1edbi shop \u0111\u1ec3 \u0111\u01b0\u1ee3c t\u01b0 v\u1ea5n k\u0129 l\u01b0\u1ee1ng tr\u01b0\u1edbc khi \u0111\u1eb7t mua.<\/p>\n<p><strong>P.s: \u0110\u1ec3 \u0111\u01b0\u1ee3c shop ph\u1ea3n h\u1ed3i nhanh nh\u1ea5t, c\u00e1c b\u1ea1n vui l\u00f2ng b\u1ea5m v\u00e0o n\u00fat \u201cnh\u1eafn tin qua instagram\u201d \u1edf d\u01b0\u1edbi ch\u1eef \u201cmua ngay\u201d nh\u00e9.<\/strong><\/p>\n","protected":false},"excerpt":{"rendered":"<p>V\u00f2ng tay b\u1eb1ng h\u1ea1t \u0111\u00e1 tourmaline k\u1eb9o t\u00f4ng \u0111a s\u1eafc ch\u1ea1y m\u00e0u orm mix ng\u1ecdc trai cam pastel ho\u1eb7c tr\u1eafng c\u00f9ng m\u1ed9t s\u1ed1 chi ti\u1ebft m\u1ea1 v\u00e0ng. M\u1eabu v\u00f2ng m\u00e0u \u0111i\u1ec7u, \u0111eo nh\u1eb9 tay, \u0111\u1ed9 trong c\u1ee7a \u0111\u00e1 cao c\u00f9ng c\u00e1c chi ti\u1ebft m\u1ea1 v\u00e0ng nh\u00e9. Size \u0111\u00e1 h\u00ecnh b\u00e1nh xe: b\u1ec1 ngang 3.5ly &#8211; b\u1ec1 d\u1eb9p 1.5-1.7ly. Shop c\u00f3 s\u1eb5n chi\u1ebfc y h\u00ecnh d\u00e0i 17cm v\u1eeba c\u1ed5 tay ho\u1eb7c c\u00e1c b\u1ea1n c\u00f3 th\u1ec3 li\u00ean h\u1ec7 tr\u01b0\u1edbc v\u1edbi shop \u0111\u1ec3 \u0111\u01b0\u1ee3c t\u01b0 v\u1ea5n k\u0129 l\u01b0\u1ee1ng tr\u01b0\u1edbc khi \u0111\u1eb7t mua. P.s: \u0110\u1ec3 \u0111\u01b0\u1ee3c shop ph\u1ea3n h\u1ed3i nhanh nh\u1ea5t, c\u00e1c b\u1ea1n vui l\u00f2ng b\u1ea5m v\u00e0o n\u00fat \u201cnh\u1eafn tin qua instagram\u201d \u1edf d\u01b0\u1edbi ch\u1eef \u201cmua ngay\u201d nh\u00e9.<\/p>\n","protected":false},"featured_media":23530,"comment_status":"open","ping_status":"closed","template":"","meta":[],"product_brand":[],"product_cat":[284],"product_tag":[394,405,339,338],"class_list":{"0":"post-23519","1":"product","2":"type-product","3":"status-publish","4":"has-post-thumbnail","6":"product_cat-vong-tay","7":"product_tag-candytourmaline","8":"product_tag-tourkeo","9":"product_tag-tourmaline","10":"product_tag-vongtay","11":"pa_color-da-sac","12":"pa_loai-da-tourmaline","13":"pa_loai-da-ngoc-trai","14":"pa_size-1-8-ly","15":"pa_size-2-ly","16":"pa_size-3-ly","17":"pa_style-mixed","18":"pa_style-mix-ngoc-trai","20":"first","21":"instock","22":"sale","23":"shipping-taxable","24":"purchasable","25":"product-type-simple"},"_links":{"self":[{"href":"https:\/\/www.erialshop.com\/index.php\/wp-json\/wp\/v2\/product\/23519","targetHints":{"allow":["GET"]}}],"collection":[{"href":"https:\/\/www.erialshop.com\/index.php\/wp-json\/wp\/v2\/product"}],"about":[{"href":"https:\/\/www.erialshop.com\/index.php\/wp-json\/wp\/v2\/types\/product"}],"replies":[{"embeddable":true,"href":"https:\/\/www.erialshop.com\/index.php\/wp-json\/wp\/v2\/comments?post=23519"}],"version-history":[{"count":2,"href":"https:\/\/www.erialshop.com\/index.php\/wp-json\/wp\/v2\/product\/23519\/revisions"}],"predecessor-version":[{"id":26333,"href":"https:\/\/www.erialshop.com\/index.php\/wp-json\/wp\/v2\/product\/23519\/revisions\/26333"}],"wp:featuredmedia":[{"embeddable":true,"href":"https:\/\/www.erialshop.com\/index.php\/wp-json\/wp\/v2\/media\/23530"}],"wp:attachment":[{"href":"https:\/\/www.erialshop.com\/index.php\/wp-json\/wp\/v2\/media?parent=23519"}],"wp:term":[{"taxonomy":"product_brand","embeddable":true,"href":"https:\/\/www.erialshop.com\/index.php\/wp-json\/wp\/v2\/product_brand?post=23519"},{"taxonomy":"product_cat","embeddable":true,"href":"https:\/\/www.erialshop.com\/index.php\/wp-json\/wp\/v2\/product_cat?post=23519"},{"taxonomy":"product_tag","embeddable":true,"href":"https:\/\/www.erialshop.com\/index.php\/wp-json\/wp\/v2\/product_tag?post=23519"}],"curies":[{"name":"wp","href":"https:\/\/api.w.org\/{rel}","templated":true}]}}