{"id":23485,"date":"2023-11-02T18:26:17","date_gmt":"2023-11-02T11:26:17","guid":{"rendered":"https:\/\/erialshop.com\/?post_type=product&#038;p=23485"},"modified":"2025-02-24T21:15:22","modified_gmt":"2025-02-24T14:15:22","slug":"topaz-xanh-duong-3x4ly","status":"publish","type":"product","link":"https:\/\/www.erialshop.com\/index.php\/product\/topaz-xanh-duong-3x4ly\/","title":{"rendered":"Topaz Xanh D\u01b0\u01a1ng 3x4ly"},"content":{"rendered":"<p><strong>V\u00f2ng tay \u0111\u00e1 topaz xanh d\u01b0\u01a1ng h\u1ea1t b\u00e1nh xe size 3x4ly m\u00e0u xanh d\u01b0\u01a1ng, trong tr\u1ebbo c\u00f9ng m\u1ed9t s\u1ed1 chi ti\u1ebft m\u1ea1 v\u00e0ng.<\/strong><\/p>\n<p>Shop c\u00f3 s\u1eb5n chi\u1ebfc y h\u00ecnh d\u00e0i 16.5cm ho\u1eb7c c\u00e1c b\u1ea1n c\u00f3 th\u1ec3 li\u00ean h\u1ec7 v\u1edbi shop \u0111\u1ec3 \u0111\u01b0\u1ee3c t\u01b0 v\u1ea5n k\u1ef9 tr\u01b0\u1edbc khi \u0111\u1eb7t mua.<\/p>\n<p><strong><em>L\u01b0u \u00fd v\u1ec1 m\u00e0u c\u1ee7a \u0111\u00e1: \u0111\u00e1 trong s\u1ea3n ph\u1ea9m n\u00e0y l\u00e0 \u0111\u00e1 topaz t\u1ef1 nhi\u00ean kh\u00f4ng m\u00e0u v\u00e0 \u0111\u00e3 \u0111\u01b0\u1ee3c x\u1eed l\u00fd nhi\u1ec7t \u0111\u1ec3 nhu\u1ed9m m\u00e0u xanh d\u01b0\u01a1ng cho \u0111\u00e1 th\u1eadt.<\/em><\/strong><\/p>\n<p><strong>P.s: \u0110\u1ec3 \u0111\u01b0\u1ee3c shop ph\u1ea3n h\u1ed3i nhanh nh\u1ea5t, c\u00e1c b\u1ea1n vui l\u00f2ng b\u1ea5m v\u00e0o n\u00fat \u201cnh\u1eafn tin qua instagram\u201d \u1edf d\u01b0\u1edbi ch\u1eef \u201cmua ngay\u201d nh\u00e9.<\/strong><\/p>\n","protected":false},"excerpt":{"rendered":"<p>V\u00f2ng tay \u0111\u00e1 topaz xanh d\u01b0\u01a1ng h\u1ea1t b\u00e1nh xe size 3x4ly m\u00e0u xanh d\u01b0\u01a1ng, trong tr\u1ebbo c\u00f9ng m\u1ed9t s\u1ed1 chi ti\u1ebft m\u1ea1 v\u00e0ng. Shop c\u00f3 s\u1eb5n chi\u1ebfc y h\u00ecnh d\u00e0i 16.5cm ho\u1eb7c c\u00e1c b\u1ea1n c\u00f3 th\u1ec3 li\u00ean h\u1ec7 v\u1edbi shop \u0111\u1ec3 \u0111\u01b0\u1ee3c t\u01b0 v\u1ea5n k\u1ef9 tr\u01b0\u1edbc khi \u0111\u1eb7t mua. L\u01b0u \u00fd v\u1ec1 m\u00e0u c\u1ee7a \u0111\u00e1: \u0111\u00e1 trong s\u1ea3n ph\u1ea9m n\u00e0y l\u00e0 \u0111\u00e1 topaz t\u1ef1 nhi\u00ean kh\u00f4ng m\u00e0u v\u00e0 \u0111\u00e3 \u0111\u01b0\u1ee3c x\u1eed l\u00fd nhi\u1ec7t \u0111\u1ec3 nhu\u1ed9m m\u00e0u xanh d\u01b0\u01a1ng cho \u0111\u00e1 th\u1eadt. P.s: \u0110\u1ec3 \u0111\u01b0\u1ee3c shop ph\u1ea3n h\u1ed3i nhanh nh\u1ea5t, c\u00e1c b\u1ea1n vui l\u00f2ng b\u1ea5m v\u00e0o n\u00fat \u201cnh\u1eafn tin qua instagram\u201d \u1edf d\u01b0\u1edbi ch\u1eef \u201cmua ngay\u201d nh\u00e9.<\/p>\n","protected":false},"featured_media":23477,"comment_status":"open","ping_status":"closed","template":"","meta":[],"product_brand":[],"product_cat":[284],"product_tag":[339,338],"class_list":{"0":"post-23485","1":"product","2":"type-product","3":"status-publish","4":"has-post-thumbnail","6":"product_cat-vong-tay","7":"product_tag-tourmaline","8":"product_tag-vongtay","9":"pa_color-blue","10":"pa_loai-da-topaz","11":"pa_size-3-ly","12":"pa_size-3-4ly","13":"pa_size-4-ly","14":"pa_style-tron","16":"first","17":"instock","18":"sale","19":"shipping-taxable","20":"purchasable","21":"product-type-simple"},"_links":{"self":[{"href":"https:\/\/www.erialshop.com\/index.php\/wp-json\/wp\/v2\/product\/23485","targetHints":{"allow":["GET"]}}],"collection":[{"href":"https:\/\/www.erialshop.com\/index.php\/wp-json\/wp\/v2\/product"}],"about":[{"href":"https:\/\/www.erialshop.com\/index.php\/wp-json\/wp\/v2\/types\/product"}],"replies":[{"embeddable":true,"href":"https:\/\/www.erialshop.com\/index.php\/wp-json\/wp\/v2\/comments?post=23485"}],"version-history":[{"count":1,"href":"https:\/\/www.erialshop.com\/index.php\/wp-json\/wp\/v2\/product\/23485\/revisions"}],"predecessor-version":[{"id":26125,"href":"https:\/\/www.erialshop.com\/index.php\/wp-json\/wp\/v2\/product\/23485\/revisions\/26125"}],"wp:featuredmedia":[{"embeddable":true,"href":"https:\/\/www.erialshop.com\/index.php\/wp-json\/wp\/v2\/media\/23477"}],"wp:attachment":[{"href":"https:\/\/www.erialshop.com\/index.php\/wp-json\/wp\/v2\/media?parent=23485"}],"wp:term":[{"taxonomy":"product_brand","embeddable":true,"href":"https:\/\/www.erialshop.com\/index.php\/wp-json\/wp\/v2\/product_brand?post=23485"},{"taxonomy":"product_cat","embeddable":true,"href":"https:\/\/www.erialshop.com\/index.php\/wp-json\/wp\/v2\/product_cat?post=23485"},{"taxonomy":"product_tag","embeddable":true,"href":"https:\/\/www.erialshop.com\/index.php\/wp-json\/wp\/v2\/product_tag?post=23485"}],"curies":[{"name":"wp","href":"https:\/\/api.w.org\/{rel}","templated":true}]}}