{"id":23463,"date":"2023-10-25T16:00:19","date_gmt":"2023-10-25T09:00:19","guid":{"rendered":"https:\/\/erialshop.com\/?post_type=product&#038;p=23463"},"modified":"2024-09-23T19:18:23","modified_gmt":"2024-09-23T12:18:23","slug":"tour-hat-nuoc-vip-04","status":"publish","type":"product","link":"https:\/\/www.erialshop.com\/index.php\/product\/tour-hat-nuoc-vip-04\/","title":{"rendered":"Tour H\u1ea1t N\u01b0\u1edbc Vip 04"},"content":{"rendered":"<p><strong>V\u00f2ng tay \u0111\u00e1 <\/strong><strong>tourmaline h\u00ecnh gi\u1ecdt n\u01b0\u1edbc c\u1eaft gi\u00e1c c\u00f3 t\u00f4ng m\u00e0u xanh l\u00e1 nh\u01b0 h\u00ecnh ph\u1ed1i c\u00f9ng m\u1ed9t s\u1ed1 chi ti\u1ebft m\u1ea1 v\u00e0ng.<\/strong><\/p>\n<p>Shop c\u00f3 s\u1eb5n chi\u1ebfc y h\u00ecnh 18 h\u1ea1t d\u00e0i 17cm ho\u1eb7c c\u00e1c b\u1ea1n c\u00f3 th\u1ec3 li\u00ean h\u1ec7 v\u1edbi shop \u0111\u1ec3 \u0111\u01b0\u1ee3c t\u01b0 v\u1ea5n k\u1ef9 tr\u01b0\u1edbc khi \u0111\u1eb7t mua.<\/p>\n<p>Ch\u1ea5t \u0111\u00e1 trong v\u1eaft v\u00e0 m\u00e0u c\u1ee7a nh\u1eefng vi\u00ean \u0111\u00e1 s\u1ebd s\u00e1ng ho\u1eb7c t\u1ed1i khi \u0111i\u1ec1u ki\u1ec7n \u00e1nh s\u00e1ng \u1edf m\u00f4i tr\u01b0\u1eddng xung quanh thay \u0111\u1ed5i.<\/p>\n<p>K\u00edch th\u01b0\u1edbc h\u1ea1t n\u01b0\u1edbc tham kh\u1ea3o: 6ly &#8211; 4ly. L\u01b0u \u00fd: S\u1ea3n ph\u1ea9m tr\u00ean v\u1edbi nh\u1eefng vi\u00ean \u0111\u00e1 t\u1ef1 nhi\u00ean th\u00ec s\u1ebd c\u00f3 t\u1ea1p ch\u1ea5t, v\u1ebft r\u1ea1n, n\u1ee9t, ho\u1eb7c l\u00f5m nh\u1eb9 do qu\u00e1 tr\u00ecnh h\u00ecnh th\u00e0nh, khai th\u00e1c v\u00e0 gia c\u00f4ng m\u00e0i c\u1eaft \u0111\u00e1.<\/p>\n<p><strong>P.s: \u0110\u1ec3 \u0111\u01b0\u1ee3c shop ph\u1ea3n h\u1ed3i nhanh nh\u1ea5t, c\u00e1c b\u1ea1n vui l\u00f2ng b\u1ea5m v\u00e0o n\u00fat \u201cnh\u1eafn tin qua instagram\u201d \u1edf d\u01b0\u1edbi ch\u1eef \u201cmua ngay\u201d nh\u00e9.<\/strong><\/p>\n","protected":false},"excerpt":{"rendered":"<p>V\u00f2ng tay \u0111\u00e1 tourmaline h\u00ecnh gi\u1ecdt n\u01b0\u1edbc c\u1eaft gi\u00e1c c\u00f3 t\u00f4ng m\u00e0u xanh l\u00e1 nh\u01b0 h\u00ecnh ph\u1ed1i c\u00f9ng m\u1ed9t s\u1ed1 chi ti\u1ebft m\u1ea1 v\u00e0ng. Shop c\u00f3 s\u1eb5n chi\u1ebfc y h\u00ecnh 18 h\u1ea1t d\u00e0i 17cm ho\u1eb7c c\u00e1c b\u1ea1n c\u00f3 th\u1ec3 li\u00ean h\u1ec7 v\u1edbi shop \u0111\u1ec3 \u0111\u01b0\u1ee3c t\u01b0 v\u1ea5n k\u1ef9 tr\u01b0\u1edbc khi \u0111\u1eb7t mua. Ch\u1ea5t \u0111\u00e1 trong v\u1eaft v\u00e0 m\u00e0u c\u1ee7a nh\u1eefng vi\u00ean \u0111\u00e1 s\u1ebd s\u00e1ng ho\u1eb7c t\u1ed1i khi \u0111i\u1ec1u ki\u1ec7n \u00e1nh s\u00e1ng \u1edf m\u00f4i tr\u01b0\u1eddng xung quanh thay \u0111\u1ed5i. K\u00edch th\u01b0\u1edbc h\u1ea1t n\u01b0\u1edbc tham kh\u1ea3o: 6ly &#8211; 4ly. L\u01b0u \u00fd: S\u1ea3n ph\u1ea9m tr\u00ean v\u1edbi nh\u1eefng vi\u00ean \u0111\u00e1 t\u1ef1 nhi\u00ean th\u00ec s\u1ebd c\u00f3 t\u1ea1p ch\u1ea5t, v\u1ebft r\u1ea1n, n\u1ee9t, ho\u1eb7c l\u00f5m nh\u1eb9 do qu\u00e1 tr\u00ecnh h\u00ecnh th\u00e0nh, khai th\u00e1c v\u00e0 gia c\u00f4ng m\u00e0i c\u1eaft \u0111\u00e1. P.s: \u0110\u1ec3 \u0111\u01b0\u1ee3c shop ph\u1ea3n h\u1ed3i nhanh nh\u1ea5t, c\u00e1c b\u1ea1n vui l\u00f2ng b\u1ea5m v\u00e0o n\u00fat \u201cnh\u1eafn tin qua instagram\u201d \u1edf d\u01b0\u1edbi ch\u1eef \u201cmua ngay\u201d nh\u00e9.<\/p>\n","protected":false},"featured_media":23465,"comment_status":"open","ping_status":"closed","template":"","meta":[],"product_brand":[],"product_cat":[284],"product_tag":[339,338],"class_list":{"0":"post-23463","1":"product","2":"type-product","3":"status-publish","4":"has-post-thumbnail","6":"product_cat-vong-tay","7":"product_tag-tourmaline","8":"product_tag-vongtay","9":"pa_color-green","10":"pa_fate-hoa","11":"pa_fate-moc","12":"pa_loai-da-tourmaline","13":"pa_size-4-ly","14":"pa_size-6-ly","15":"pa_style-mixed","17":"first","18":"instock","19":"sale","20":"shipping-taxable","21":"purchasable","22":"product-type-simple"},"_links":{"self":[{"href":"https:\/\/www.erialshop.com\/index.php\/wp-json\/wp\/v2\/product\/23463","targetHints":{"allow":["GET"]}}],"collection":[{"href":"https:\/\/www.erialshop.com\/index.php\/wp-json\/wp\/v2\/product"}],"about":[{"href":"https:\/\/www.erialshop.com\/index.php\/wp-json\/wp\/v2\/types\/product"}],"replies":[{"embeddable":true,"href":"https:\/\/www.erialshop.com\/index.php\/wp-json\/wp\/v2\/comments?post=23463"}],"version-history":[{"count":1,"href":"https:\/\/www.erialshop.com\/index.php\/wp-json\/wp\/v2\/product\/23463\/revisions"}],"predecessor-version":[{"id":25392,"href":"https:\/\/www.erialshop.com\/index.php\/wp-json\/wp\/v2\/product\/23463\/revisions\/25392"}],"wp:featuredmedia":[{"embeddable":true,"href":"https:\/\/www.erialshop.com\/index.php\/wp-json\/wp\/v2\/media\/23465"}],"wp:attachment":[{"href":"https:\/\/www.erialshop.com\/index.php\/wp-json\/wp\/v2\/media?parent=23463"}],"wp:term":[{"taxonomy":"product_brand","embeddable":true,"href":"https:\/\/www.erialshop.com\/index.php\/wp-json\/wp\/v2\/product_brand?post=23463"},{"taxonomy":"product_cat","embeddable":true,"href":"https:\/\/www.erialshop.com\/index.php\/wp-json\/wp\/v2\/product_cat?post=23463"},{"taxonomy":"product_tag","embeddable":true,"href":"https:\/\/www.erialshop.com\/index.php\/wp-json\/wp\/v2\/product_tag?post=23463"}],"curies":[{"name":"wp","href":"https:\/\/api.w.org\/{rel}","templated":true}]}}