{"id":23394,"date":"2023-10-10T18:08:39","date_gmt":"2023-10-10T11:08:39","guid":{"rendered":"https:\/\/erialshop.com\/?post_type=product&#038;p=23394"},"modified":"2024-09-20T05:01:15","modified_gmt":"2024-09-19T22:01:15","slug":"doi-tourmaline-3ly-xanh-reu","status":"publish","type":"product","link":"https:\/\/www.erialshop.com\/index.php\/product\/doi-tourmaline-3ly-xanh-reu\/","title":{"rendered":"\u0110\u00f4i Tourmaline 3ly &#8211; Xanh R\u00eau"},"content":{"rendered":"<p><strong>V\u00f2ng tay d\u00e2y \u0111\u00f4i v\u1edbi \u0111\u00e1 tourmaline xanh r\u00eau 3ly c\u00f9ng m\u1ed9t s\u1ed1 chi ti\u1ebft m\u1ea1 v\u00e0ng.\u00a0<\/strong><\/p>\n<p>Shop c\u00f3 s\u1eb5n chi\u1ebfc nh\u01b0 h\u00ecnh d\u00e0i 17cm ho\u1eb7c c\u00e1c b\u1ea1n c\u00f3 th\u1ec3 li\u00ean h\u1ec7 v\u1edbi shop \u0111\u1ec3 \u0111\u01b0\u1ee3c t\u01b0 v\u1ea5n k\u0129 tr\u01b0\u1edbc khi mua.<\/p>\n<p class=\"p1\"><b>P.s: \u0110\u1ec3 \u0111\u01b0\u1ee3c shop ph\u1ea3n h\u1ed3i nhanh nh\u1ea5t, c\u00e1c b\u1ea1n vui l\u00f2ng b\u1ea5m v\u00e0o n\u00fat \u201cnh\u1eafn tin qua instagram\u201d \u1edf d\u01b0\u1edbi ch\u1eef \u201cmua ngay\u201d nh\u00e9.<\/b><\/p>\n","protected":false},"excerpt":{"rendered":"<p>V\u00f2ng tay d\u00e2y \u0111\u00f4i v\u1edbi \u0111\u00e1 tourmaline xanh r\u00eau 3ly c\u00f9ng m\u1ed9t s\u1ed1 chi ti\u1ebft m\u1ea1 v\u00e0ng.\u00a0 Shop c\u00f3 s\u1eb5n chi\u1ebfc nh\u01b0 h\u00ecnh d\u00e0i 17cm ho\u1eb7c c\u00e1c b\u1ea1n c\u00f3 th\u1ec3 li\u00ean h\u1ec7 v\u1edbi shop \u0111\u1ec3 \u0111\u01b0\u1ee3c t\u01b0 v\u1ea5n k\u0129 tr\u01b0\u1edbc khi mua. P.s: \u0110\u1ec3 \u0111\u01b0\u1ee3c shop ph\u1ea3n h\u1ed3i nhanh nh\u1ea5t, c\u00e1c b\u1ea1n vui l\u00f2ng b\u1ea5m v\u00e0o n\u00fat \u201cnh\u1eafn tin qua instagram\u201d \u1edf d\u01b0\u1edbi ch\u1eef \u201cmua ngay\u201d nh\u00e9.<\/p>\n","protected":false},"featured_media":23389,"comment_status":"open","ping_status":"closed","template":"","meta":[],"product_brand":[],"product_cat":[284],"product_tag":[339,338,435],"class_list":{"0":"post-23394","1":"product","2":"type-product","3":"status-publish","4":"has-post-thumbnail","6":"product_cat-vong-tay","7":"product_tag-tourmaline","8":"product_tag-vongtay","9":"product_tag-vun","10":"pa_color-green","11":"pa_fate-moc","12":"pa_fate-hoa","13":"pa_loai-da-tourmaline","14":"pa_size-3-ly","15":"pa_style-day-doi","17":"first","18":"instock","19":"sale","20":"shipping-taxable","21":"purchasable","22":"product-type-simple"},"_links":{"self":[{"href":"https:\/\/www.erialshop.com\/index.php\/wp-json\/wp\/v2\/product\/23394","targetHints":{"allow":["GET"]}}],"collection":[{"href":"https:\/\/www.erialshop.com\/index.php\/wp-json\/wp\/v2\/product"}],"about":[{"href":"https:\/\/www.erialshop.com\/index.php\/wp-json\/wp\/v2\/types\/product"}],"replies":[{"embeddable":true,"href":"https:\/\/www.erialshop.com\/index.php\/wp-json\/wp\/v2\/comments?post=23394"}],"version-history":[{"count":3,"href":"https:\/\/www.erialshop.com\/index.php\/wp-json\/wp\/v2\/product\/23394\/revisions"}],"predecessor-version":[{"id":26052,"href":"https:\/\/www.erialshop.com\/index.php\/wp-json\/wp\/v2\/product\/23394\/revisions\/26052"}],"wp:featuredmedia":[{"embeddable":true,"href":"https:\/\/www.erialshop.com\/index.php\/wp-json\/wp\/v2\/media\/23389"}],"wp:attachment":[{"href":"https:\/\/www.erialshop.com\/index.php\/wp-json\/wp\/v2\/media?parent=23394"}],"wp:term":[{"taxonomy":"product_brand","embeddable":true,"href":"https:\/\/www.erialshop.com\/index.php\/wp-json\/wp\/v2\/product_brand?post=23394"},{"taxonomy":"product_cat","embeddable":true,"href":"https:\/\/www.erialshop.com\/index.php\/wp-json\/wp\/v2\/product_cat?post=23394"},{"taxonomy":"product_tag","embeddable":true,"href":"https:\/\/www.erialshop.com\/index.php\/wp-json\/wp\/v2\/product_tag?post=23394"}],"curies":[{"name":"wp","href":"https:\/\/api.w.org\/{rel}","templated":true}]}}