{"id":23377,"date":"2023-10-02T13:06:28","date_gmt":"2023-10-02T06:06:28","guid":{"rendered":"https:\/\/erialshop.com\/?post_type=product&#038;p=23377"},"modified":"2026-01-31T21:54:03","modified_gmt":"2026-01-31T14:54:03","slug":"day-rut-hat-bo-de-hinh-chan-meo","status":"publish","type":"product","link":"https:\/\/www.erialshop.com\/index.php\/product\/day-rut-hat-bo-de-hinh-chan-meo\/","title":{"rendered":"D\u00e2y R\u00fat &#8211; H\u1ea1t B\u1ed3 \u0110\u1ec1 H\u00ecnh Ch\u00e2n M\u00e8o"},"content":{"rendered":"<p><strong>V\u00f2ng tay kho\u00e1 d\u00e2y r\u00fat v\u1edbi 1 h\u1ea1t b\u1ed3 \u0111\u1ec1 n\u01b0\u1edbng kh\u1eafc h\u00ecnh ch\u00e2n m\u00e8o c\u00f9ng 2 charm ng\u1ecdc xinh x\u1eafn \u1edf ph\u1ea7n r\u00fat. Freesize<\/strong><\/p>\n<p><strong>M\u00f4 t\u1ea3 v\u1ec1 kho\u00e1 d\u00e2y r\u00fat:<\/strong> Lo\u1ea1i kho\u00e1 n\u00e0y c\u00e1c b\u1ea1n s\u1ebd \u0111\u01b0a qua b\u00e0n tay \u0111\u1ec3 cho v\u00e0o c\u1ed5 tay xong sau \u0111\u00f3 r\u00fat l\u1ea1i theo chi\u1ec1u d\u00e0i mong mu\u1ed1n. Khi \u0111eo s\u1ebd c\u00f3 2 d\u00e2y t\u00f2ng teng nh\u01b0 h\u00ecnh( d\u00e2y n\u00e0y d\u00e0i nha c\u00e1c b\u1ea1n r\u00fat l\u1ea1i \u1edf c\u1ed5 tay \u0111o s\u00e1t 14cm th\u00ec th\u1eeba ra c\u00f2n 4cm nh\u00e9), n\u00ean c\u00e1c b\u1ea1n n\u00e0o th\u01b0\u1eddng s\u1eed d\u1ee5ng tay nhi\u1ec1u c\u00f3 th\u1ec3 tham kh\u1ea3o th\u00eam m\u1eabu kh\u00e1c b\u00ean m\u00ecnh nh\u00e9.<\/p>\n<p class=\"p1\"><b>P.s: \u0110\u1ec3 \u0111\u01b0\u1ee3c shop ph\u1ea3n h\u1ed3i nhanh nh\u1ea5t, c\u00e1c b\u1ea1n vui l\u00f2ng b\u1ea5m v\u00e0o n\u00fat \u201cnh\u1eafn tin qua instagram\u201d \u1edf d\u01b0\u1edbi ch\u1eef \u201cmua ngay\u201d nh\u00e9.<\/b><\/p>\n","protected":false},"excerpt":{"rendered":"<p>V\u00f2ng tay kho\u00e1 d\u00e2y r\u00fat v\u1edbi 1 h\u1ea1t b\u1ed3 \u0111\u1ec1 n\u01b0\u1edbng kh\u1eafc h\u00ecnh ch\u00e2n m\u00e8o c\u00f9ng 2 charm ng\u1ecdc xinh x\u1eafn \u1edf ph\u1ea7n r\u00fat. Freesize M\u00f4 t\u1ea3 v\u1ec1 kho\u00e1 d\u00e2y r\u00fat: Lo\u1ea1i kho\u00e1 n\u00e0y c\u00e1c b\u1ea1n s\u1ebd \u0111\u01b0a qua b\u00e0n tay \u0111\u1ec3 cho v\u00e0o c\u1ed5 tay xong sau \u0111\u00f3 r\u00fat l\u1ea1i theo chi\u1ec1u d\u00e0i mong mu\u1ed1n. Khi \u0111eo s\u1ebd c\u00f3 2 d\u00e2y t\u00f2ng teng nh\u01b0 h\u00ecnh( d\u00e2y n\u00e0y d\u00e0i nha c\u00e1c b\u1ea1n r\u00fat l\u1ea1i \u1edf c\u1ed5 tay \u0111o s\u00e1t 14cm th\u00ec th\u1eeba ra c\u00f2n 4cm nh\u00e9), n\u00ean c\u00e1c b\u1ea1n n\u00e0o th\u01b0\u1eddng s\u1eed d\u1ee5ng tay nhi\u1ec1u c\u00f3 th\u1ec3 tham kh\u1ea3o th\u00eam m\u1eabu kh\u00e1c b\u00ean m\u00ecnh nh\u00e9. P.s: \u0110\u1ec3 \u0111\u01b0\u1ee3c shop ph\u1ea3n h\u1ed3i nhanh nh\u1ea5t, c\u00e1c b\u1ea1n vui l\u00f2ng b\u1ea5m v\u00e0o n\u00fat \u201cnh\u1eafn tin qua instagram\u201d \u1edf d\u01b0\u1edbi ch\u1eef \u201cmua ngay\u201d nh\u00e9.<\/p>\n","protected":false},"featured_media":23378,"comment_status":"open","ping_status":"closed","template":"","meta":[],"product_brand":[],"product_cat":[284],"product_tag":[],"class_list":{"0":"post-23377","1":"product","2":"type-product","3":"status-publish","4":"has-post-thumbnail","6":"product_cat-vong-tay","7":"pa_color-cream","8":"pa_color-yellow","9":"pa_loai-da-con-lai","10":"pa_style-day-rut","12":"first","13":"instock","14":"sale","15":"shipping-taxable","16":"purchasable","17":"product-type-simple"},"_links":{"self":[{"href":"https:\/\/www.erialshop.com\/index.php\/wp-json\/wp\/v2\/product\/23377","targetHints":{"allow":["GET"]}}],"collection":[{"href":"https:\/\/www.erialshop.com\/index.php\/wp-json\/wp\/v2\/product"}],"about":[{"href":"https:\/\/www.erialshop.com\/index.php\/wp-json\/wp\/v2\/types\/product"}],"replies":[{"embeddable":true,"href":"https:\/\/www.erialshop.com\/index.php\/wp-json\/wp\/v2\/comments?post=23377"}],"version-history":[{"count":1,"href":"https:\/\/www.erialshop.com\/index.php\/wp-json\/wp\/v2\/product\/23377\/revisions"}],"predecessor-version":[{"id":25915,"href":"https:\/\/www.erialshop.com\/index.php\/wp-json\/wp\/v2\/product\/23377\/revisions\/25915"}],"wp:featuredmedia":[{"embeddable":true,"href":"https:\/\/www.erialshop.com\/index.php\/wp-json\/wp\/v2\/media\/23378"}],"wp:attachment":[{"href":"https:\/\/www.erialshop.com\/index.php\/wp-json\/wp\/v2\/media?parent=23377"}],"wp:term":[{"taxonomy":"product_brand","embeddable":true,"href":"https:\/\/www.erialshop.com\/index.php\/wp-json\/wp\/v2\/product_brand?post=23377"},{"taxonomy":"product_cat","embeddable":true,"href":"https:\/\/www.erialshop.com\/index.php\/wp-json\/wp\/v2\/product_cat?post=23377"},{"taxonomy":"product_tag","embeddable":true,"href":"https:\/\/www.erialshop.com\/index.php\/wp-json\/wp\/v2\/product_tag?post=23377"}],"curies":[{"name":"wp","href":"https:\/\/api.w.org\/{rel}","templated":true}]}}